{"id":128,"date":"2013-08-13T18:07:56","date_gmt":"2013-08-13T16:07:56","guid":{"rendered":"http:\/\/crociere.evolutiontravel.it\/infovacanze\/?page_id=128"},"modified":"2013-10-22T12:07:40","modified_gmt":"2013-10-22T10:07:40","slug":"crociere-con-bambini","status":"publish","type":"page","link":"https:\/\/crociere.evolutiontravel.it\/infovacanze\/informazioni\/crociere-con-bambini\/","title":{"rendered":"Crociere con bambini"},"content":{"rendered":"<p>Nell&#8217;organizzazione di un\u00a0<strong>viaggio<\/strong>\u00a0spesso una delle questioni pi\u00f9 spinose dei viaggiatori \u00e8 costituita dalla presenza dei propri\u00a0<strong>bambini<\/strong>, \u00e8 difficile trovare strutture che possano dare loro\u00a0<strong>divertimento<\/strong>\u00a0ed attenzioni tali da rasserenare anche i genitori pi\u00f9 esigenti. Percorrendo questa strada perci\u00f2 molti giungono alla conclusione che una\u00a0<strong>crociera<\/strong>\u00a0possa rivelarsi il connubio perfetto tra il proprio divertimento e quello dei proprio bimbi.<\/p>\n<p><strong>Crociere con i bambini\u00a0<\/strong>sono, per chi desidera viaggiare in tutta tranquillit\u00e0,\u00a0 rilassandosi e contemporaneamente offrendo ai propri piccoli delle attivit\u00e0 ricreative e degli intrattenimenti che siano pensati e realizzati seguendo le loro esigenze ed a loro misura una splendida soluzione. Senza contare che una\u00a0<strong>crociera<\/strong>\u00a0\u00e8 in grado di regalare ai vostri piccoli una prospettiva del\u00a0<strong>mondo del turismo<\/strong>\u00a0completamente diversa di quella che possano vivere in un villaggio o piuttosto in una\u00a0<strong>\u201cvacanza fai da te\u201d<\/strong>: lo splendido colore del mare, la vista del porto dall&#8217;alto dei ponti, l\u2019eccitazione di svegliarsi ogni giorno in un posto nuovo tutto da scoprire, le escursioni a terra che diventano quasi come l&#8217;esplorazione di un territorio sconosciuto. Tutto questo rende quest&#8217;esperienza indimenticabile per i<strong>piccoli viaggiatori<\/strong>.<\/p>\n<p>Un aspetto che tra l&#8217;altro non va sottovalutato \u00e8 la possibilit\u00e0 di avvalersi di una delle moltissime\u00a0<strong>offerte \u201cfamily\u201d<\/strong>\u00a0che ormai tutte le diverse compagnie di\u00a0<strong>crociera<\/strong>\u00a0mettono a disposizione dei viaggiatori:\u00a0<strong>\u00a0giochi<\/strong>,\u00a0<strong>parchi<\/strong>\u00a0acquatici, piscine per bambini, programmi di animazione per tutta la famiglia, ricchi anch&#8217;essi di\u00a0<strong>attivit\u00e0 divertenti<\/strong>,<strong>sport<\/strong>.<\/p>\n<p>In un\u00a0<strong>crociera con i bambini<\/strong>\u00a0insomma, sia noi che i nostri bimbi non avremo certo modo di annoiarci. Un aspetto in oltre molto importante che potrebbe venirvi incontro se doveste decidere di effettuare una<strong>crociera con i bambini<\/strong>\u00a0\u00e8 quello che moltissime compagnie di crociera, per non dire tutte, offrono il\u00a0<strong>soggiorno dei bambini gratuito<\/strong>\u00a0oppure con delle formule particolarmente scontate, che risultano perci\u00f2 estremamente vantaggiose anche dal punto di vista economico.<\/p>\n<p>Questi<strong>pacchetti\u00a0<\/strong>fanno si che solo i due soggetti adulti del nucleo familiare paghino la loro quota, quindi avreste tutti i vantaggi di un servizio per quattro persone all inclusive, ma sfruttandolo invece in ben pi\u00f9 di due. Nel corso del vostro soggiorno su di una\u00a0<strong>nave da crociera<\/strong>\u00a0avrete la possibilit\u00e0 di visitare diverse citt\u00e0 anche molto distanti tra loro, questo fattore rispetto ad un normale viaggio pu\u00f2 rivelarsi determinante.<\/p>\n<p><span style=\"line-height: 1.4em\">La possibilit\u00e0 di appoggiarsi ad un albergo mobile che quotidianamente vi porta in una localit\u00e0 diversa, vi mette nelle condizioni di potervi prepara degli\u00a0<\/span><strong style=\"line-height: 1.4em\">itinerari naturalistici o culturali<\/strong><span style=\"line-height: 1.4em\">\u00a0estremamente interessanti e difficili da realizzare altrimenti.<\/span><\/p>\n<p>Fate attenzione per\u00f2 ad informarvi bene sulla durata delle soste che le diverse compagnie effettuano nei porti ai quali approdano. Non tutte infatti hanno le stesse tempistiche e scegliendo quella che pi\u00f9 si adatta alla vostra idea di visita a terra potrete realizzare il vostro\u00a0<strong style=\"line-height: 1.4em\">miglior itinerario<\/strong><span style=\"line-height: 1.4em\">.<\/span><\/p>\n<p>In fine nel corso di una\u00a0<strong style=\"line-height: 1.4em\">crociera con i bambini<\/strong><span style=\"line-height: 1.4em\">\u00a0le pietanze serviti a bordo sono sempre di ottimo livello, questo sar\u00e0 per i genitori un sollievo, specie per coloro che hanno dei bimbi particolarmente problematici sotto questo punto di vista.<\/span><\/p>\n","protected":false},"excerpt":{"rendered":"<p>Nell&#8217;organizzazione di un\u00a0viaggio\u00a0spesso una delle questioni pi\u00f9 spinose dei viaggiatori \u00e8 costituita dalla presenza dei propri\u00a0bambini, \u00e8 difficile trovare strutture che possano dare loro\u00a0divertimento\u00a0ed attenzioni tali da rasserenare anche i genitori pi\u00f9 esigenti. Percorrendo questa strada perci\u00f2 molti giungono alla conclusione che una\u00a0crociera\u00a0possa rivelarsi il connubio perfetto tra il proprio divertimento e quello dei proprio <a class=\"moretag\" href=\"https:\/\/crociere.evolutiontravel.it\/infovacanze\/informazioni\/crociere-con-bambini\/\">[&#8230;]<\/a><\/p>\n","protected":false},"author":1,"featured_media":0,"parent":93,"menu_order":0,"comment_status":"closed","ping_status":"open","template":"","meta":{"footnotes":""},"yoast_head":"<!-- This site is optimized with the Yoast SEO plugin v21.9.1 - https:\/\/yoast.com\/wordpress\/plugins\/seo\/ -->\n<title>Crociere con i bambini, un&#039;alternativa per chi voglia regalarsi un viaggio sereno e confortevole<\/title>\n<meta name=\"description\" content=\"Se desiderate un viaggio sicuro e confortevole e non sapete come comportarvi con i vostri bambini, una crociera \u00e8 la soluzioni ideale per voi, avrete a dispozione un personale qualificato per ogni esigenza vostra e dei piccoli.\" \/>\n<meta name=\"robots\" content=\"index, follow, max-snippet:-1, max-image-preview:large, max-video-preview:-1\" \/>\n<link rel=\"canonical\" href=\"https:\/\/crociere.evolutiontravel.it\/infovacanze\/informazioni\/crociere-con-bambini\/\" \/>\n<meta name=\"twitter:label1\" content=\"Tempo di lettura stimato\" \/>\n\t<meta name=\"twitter:data1\" content=\"2 minuti\" \/>\n<script type=\"application\/ld+json\" class=\"yoast-schema-graph\">{\"@context\":\"https:\/\/schema.org\",\"@graph\":[{\"@type\":\"WebPage\",\"@id\":\"https:\/\/crociere.evolutiontravel.it\/infovacanze\/informazioni\/crociere-con-bambini\/\",\"url\":\"https:\/\/crociere.evolutiontravel.it\/infovacanze\/informazioni\/crociere-con-bambini\/\",\"name\":\"Crociere con i bambini, un'alternativa per chi voglia regalarsi un viaggio sereno e confortevole\",\"isPartOf\":{\"@id\":\"https:\/\/crociere.evolutiontravel.it\/infovacanze\/#website\"},\"datePublished\":\"2013-08-13T16:07:56+00:00\",\"dateModified\":\"2013-10-22T10:07:40+00:00\",\"description\":\"Se desiderate un viaggio sicuro e confortevole e non sapete come comportarvi con i vostri bambini, una crociera \u00e8 la soluzioni ideale per voi, avrete a dispozione un personale qualificato per ogni esigenza vostra e dei piccoli.\",\"breadcrumb\":{\"@id\":\"https:\/\/crociere.evolutiontravel.it\/infovacanze\/informazioni\/crociere-con-bambini\/#breadcrumb\"},\"inLanguage\":\"it-IT\",\"potentialAction\":[{\"@type\":\"ReadAction\",\"target\":[\"https:\/\/crociere.evolutiontravel.it\/infovacanze\/informazioni\/crociere-con-bambini\/\"]}]},{\"@type\":\"BreadcrumbList\",\"@id\":\"https:\/\/crociere.evolutiontravel.it\/infovacanze\/informazioni\/crociere-con-bambini\/#breadcrumb\",\"itemListElement\":[{\"@type\":\"ListItem\",\"position\":1,\"name\":\"Prima di partire\",\"item\":\"https:\/\/crociere.evolutiontravel.it\/infovacanze\/informazioni\/\"},{\"@type\":\"ListItem\",\"position\":2,\"name\":\"Crociere con bambini\"}]},{\"@type\":\"WebSite\",\"@id\":\"https:\/\/crociere.evolutiontravel.it\/infovacanze\/#website\",\"url\":\"https:\/\/crociere.evolutiontravel.it\/infovacanze\/\",\"name\":\"Crociere\",\"description\":\"\",\"potentialAction\":[{\"@type\":\"SearchAction\",\"target\":{\"@type\":\"EntryPoint\",\"urlTemplate\":\"https:\/\/crociere.evolutiontravel.it\/infovacanze\/?s={search_term_string}\"},\"query-input\":\"required name=search_term_string\"}],\"inLanguage\":\"it-IT\"}]}<\/script>\n<!-- \/ Yoast SEO plugin. -->","yoast_head_json":{"title":"Crociere con i bambini, un'alternativa per chi voglia regalarsi un viaggio sereno e confortevole","description":"Se desiderate un viaggio sicuro e confortevole e non sapete come comportarvi con i vostri bambini, una crociera \u00e8 la soluzioni ideale per voi, avrete a dispozione un personale qualificato per ogni esigenza vostra e dei piccoli.","robots":{"index":"index","follow":"follow","max-snippet":"max-snippet:-1","max-image-preview":"max-image-preview:large","max-video-preview":"max-video-preview:-1"},"canonical":"https:\/\/crociere.evolutiontravel.it\/infovacanze\/informazioni\/crociere-con-bambini\/","twitter_misc":{"Tempo di lettura stimato":"2 minuti"},"schema":{"@context":"https:\/\/schema.org","@graph":[{"@type":"WebPage","@id":"https:\/\/crociere.evolutiontravel.it\/infovacanze\/informazioni\/crociere-con-bambini\/","url":"https:\/\/crociere.evolutiontravel.it\/infovacanze\/informazioni\/crociere-con-bambini\/","name":"Crociere con i bambini, un'alternativa per chi voglia regalarsi un viaggio sereno e confortevole","isPartOf":{"@id":"https:\/\/crociere.evolutiontravel.it\/infovacanze\/#website"},"datePublished":"2013-08-13T16:07:56+00:00","dateModified":"2013-10-22T10:07:40+00:00","description":"Se desiderate un viaggio sicuro e confortevole e non sapete come comportarvi con i vostri bambini, una crociera \u00e8 la soluzioni ideale per voi, avrete a dispozione un personale qualificato per ogni esigenza vostra e dei piccoli.","breadcrumb":{"@id":"https:\/\/crociere.evolutiontravel.it\/infovacanze\/informazioni\/crociere-con-bambini\/#breadcrumb"},"inLanguage":"it-IT","potentialAction":[{"@type":"ReadAction","target":["https:\/\/crociere.evolutiontravel.it\/infovacanze\/informazioni\/crociere-con-bambini\/"]}]},{"@type":"BreadcrumbList","@id":"https:\/\/crociere.evolutiontravel.it\/infovacanze\/informazioni\/crociere-con-bambini\/#breadcrumb","itemListElement":[{"@type":"ListItem","position":1,"name":"Prima di partire","item":"https:\/\/crociere.evolutiontravel.it\/infovacanze\/informazioni\/"},{"@type":"ListItem","position":2,"name":"Crociere con bambini"}]},{"@type":"WebSite","@id":"https:\/\/crociere.evolutiontravel.it\/infovacanze\/#website","url":"https:\/\/crociere.evolutiontravel.it\/infovacanze\/","name":"Crociere","description":"","potentialAction":[{"@type":"SearchAction","target":{"@type":"EntryPoint","urlTemplate":"https:\/\/crociere.evolutiontravel.it\/infovacanze\/?s={search_term_string}"},"query-input":"required name=search_term_string"}],"inLanguage":"it-IT"}]}},"_links":{"self":[{"href":"https:\/\/crociere.evolutiontravel.it\/infovacanze\/wp-json\/wp\/v2\/pages\/128"}],"collection":[{"href":"https:\/\/crociere.evolutiontravel.it\/infovacanze\/wp-json\/wp\/v2\/pages"}],"about":[{"href":"https:\/\/crociere.evolutiontravel.it\/infovacanze\/wp-json\/wp\/v2\/types\/page"}],"author":[{"embeddable":true,"href":"https:\/\/crociere.evolutiontravel.it\/infovacanze\/wp-json\/wp\/v2\/users\/1"}],"replies":[{"embeddable":true,"href":"https:\/\/crociere.evolutiontravel.it\/infovacanze\/wp-json\/wp\/v2\/comments?post=128"}],"version-history":[{"count":5,"href":"https:\/\/crociere.evolutiontravel.it\/infovacanze\/wp-json\/wp\/v2\/pages\/128\/revisions"}],"predecessor-version":[{"id":366,"href":"https:\/\/crociere.evolutiontravel.it\/infovacanze\/wp-json\/wp\/v2\/pages\/128\/revisions\/366"}],"up":[{"embeddable":true,"href":"https:\/\/crociere.evolutiontravel.it\/infovacanze\/wp-json\/wp\/v2\/pages\/93"}],"wp:attachment":[{"href":"https:\/\/crociere.evolutiontravel.it\/infovacanze\/wp-json\/wp\/v2\/media?parent=128"}],"curies":[{"name":"wp","href":"https:\/\/api.w.org\/{rel}","templated":true}]}}