{"id":130,"date":"2013-08-13T18:10:26","date_gmt":"2013-08-13T16:10:26","guid":{"rendered":"http:\/\/crociere.evolutiontravel.it\/infovacanze\/?page_id=130"},"modified":"2013-10-22T12:07:55","modified_gmt":"2013-10-22T10:07:56","slug":"crociere-in-barca-a-vela","status":"publish","type":"page","link":"https:\/\/crociere.evolutiontravel.it\/infovacanze\/informazioni\/crociere-in-barca-a-vela\/","title":{"rendered":"Crociere in barca a vela"},"content":{"rendered":"<p>Le crociere in barca a vela sono una vacanza unica nel loro genere: se amate stare a contatto con il mare, la natura e della vita all&#8217;aria aperta in genere, allora le crociere in barca a vela sono le vacanze che cercavate. Sfoglia le\u00a0<strong>offerte per crociere in barca a vela<\/strong>, sar\u00e0 l&#8217;opportunit\u00e0 di fare delle vacanze fuori dagli schemi. La particolarit\u00e0 delle crociere in barca a vela sta nel fatto che gli spazi talvolta ridotti aiutano a creare uno spirito di collaborazione tra i partecipanti: scopri l&#8217;emozione di metterti al timone e solcare i mari con una delle nostre crociere in barca a vela!<\/p>\n<p><strong>Info utili per le crociere in barca a vela<\/strong><\/p>\n<p>Non dimenticare: alle crociere in barca a vela si pu\u00f2 partecipare in gruppo o da soli; in questo caso avrete la possibilit\u00e0 di conoscere persone nuove con cui condividere le vostre passioni per le vacanze, per la vela e il mare.<\/p>\n<p>Solitamente, le crociere in barca a vela sono guidate da uno skipper, che d&#8217;accordo con i partecipanti stabilisce un programma di massima, le rotte e le localit\u00e0 di imbarco e sbarco, sempre con un occhio di riguardo le condizioni metereologiche.<\/p>\n<p>A volte, oltre allo skipper c&#8217;\u00e8 un equipaggio, che aiuta i partecipanti a tenere in ordine gli spazi comuni.<\/p>\n<p>Approfitta delle\u00a0<strong>offerte crociere in barca a vela per un weekend<\/strong>: sar\u00e0 l&#8217;opportunit\u00e0 per scoprire il fascino di questo tipo di vacanza, per capire se fa veramente per te. E se ti piacer\u00e0, non lasciarti sfuggire la\u00a0<strong>settimana di crociera in barca a vela<\/strong>, un avventura emozionante da vivere e un&#8217;opportunit\u00e0 per farti nuovi amici. Le crociere in barca a vela prevedono che si navighi quando c&#8217;\u00e8 vento e che si faccia ancora in una rada, immersi nella natura, o in porto per la notte, scendendo a terra per dedicarsi a una serata mondana.<\/p>\n<p><strong>Trucchi per crociere in barca a vela perfette<\/strong><br \/>\nProcurati una sacca morbida, le valige rigide sono poco adatte agli spazi dei velieri; porta con te abiti per il caldo, di cotone leggero, e abiti per il freddo, meglio se di lana, che anche bagnata mantiene caldi. Sconsigliamo i jeans, che se bagnati diventano troppo aderenti e asciugano lentamente. Elemento tipico dell&#8217;abbigliamento da crociere in barca a vela \u00e8 la cerata, che deve essere assolutamente impermeabile. Non dimenticare scarpe da vela o sportive con suola bianca per stare a bordo, e infradito e scarpe da passeggio per quando la barca far\u00e0 scalo.<\/p>\n","protected":false},"excerpt":{"rendered":"<p>Le crociere in barca a vela sono una vacanza unica nel loro genere: se amate stare a contatto con il mare, la natura e della vita all&#8217;aria aperta in genere, allora le crociere in barca a vela sono le vacanze che cercavate. Sfoglia le\u00a0offerte per crociere in barca a vela, sar\u00e0 l&#8217;opportunit\u00e0 di fare delle <a class=\"moretag\" href=\"https:\/\/crociere.evolutiontravel.it\/infovacanze\/informazioni\/crociere-in-barca-a-vela\/\">[&#8230;]<\/a><\/p>\n","protected":false},"author":1,"featured_media":0,"parent":93,"menu_order":0,"comment_status":"closed","ping_status":"open","template":"","meta":{"footnotes":""},"yoast_head":"<!-- This site is optimized with the Yoast SEO plugin v21.9.1 - https:\/\/yoast.com\/wordpress\/plugins\/seo\/ -->\n<title>Crociere in barca a vela Vacanze - crociere in barca a vela offerte - crociere last minute in barca a vela - msc crociere in barca a vela<\/title>\n<meta name=\"description\" content=\"Crociere in barca a vela: Offerte Per Crociere in barca a vela, Vacanze in Crociera in barca a vela, Crociere Mediterraneo, Crociere in barca a vela Mar Rosso, Crociere Mare del Nord in barca a vela, Crociere Caraibi, Crociere in barca a vela Last minute\" \/>\n<meta name=\"robots\" content=\"index, follow, max-snippet:-1, max-image-preview:large, max-video-preview:-1\" \/>\n<link rel=\"canonical\" href=\"https:\/\/crociere.evolutiontravel.it\/infovacanze\/informazioni\/crociere-in-barca-a-vela\/\" \/>\n<meta name=\"twitter:label1\" content=\"Tempo di lettura stimato\" \/>\n\t<meta name=\"twitter:data1\" content=\"2 minuti\" \/>\n<script type=\"application\/ld+json\" class=\"yoast-schema-graph\">{\"@context\":\"https:\/\/schema.org\",\"@graph\":[{\"@type\":\"WebPage\",\"@id\":\"https:\/\/crociere.evolutiontravel.it\/infovacanze\/informazioni\/crociere-in-barca-a-vela\/\",\"url\":\"https:\/\/crociere.evolutiontravel.it\/infovacanze\/informazioni\/crociere-in-barca-a-vela\/\",\"name\":\"Crociere in barca a vela Vacanze - crociere in barca a vela offerte - crociere last minute in barca a vela - msc crociere in barca a vela\",\"isPartOf\":{\"@id\":\"https:\/\/crociere.evolutiontravel.it\/infovacanze\/#website\"},\"datePublished\":\"2013-08-13T16:10:26+00:00\",\"dateModified\":\"2013-10-22T10:07:56+00:00\",\"description\":\"Crociere in barca a vela: Offerte Per Crociere in barca a vela, Vacanze in Crociera in barca a vela, Crociere Mediterraneo, Crociere in barca a vela Mar Rosso, Crociere Mare del Nord in barca a vela, Crociere Caraibi, Crociere in barca a vela Last minute\",\"breadcrumb\":{\"@id\":\"https:\/\/crociere.evolutiontravel.it\/infovacanze\/informazioni\/crociere-in-barca-a-vela\/#breadcrumb\"},\"inLanguage\":\"it-IT\",\"potentialAction\":[{\"@type\":\"ReadAction\",\"target\":[\"https:\/\/crociere.evolutiontravel.it\/infovacanze\/informazioni\/crociere-in-barca-a-vela\/\"]}]},{\"@type\":\"BreadcrumbList\",\"@id\":\"https:\/\/crociere.evolutiontravel.it\/infovacanze\/informazioni\/crociere-in-barca-a-vela\/#breadcrumb\",\"itemListElement\":[{\"@type\":\"ListItem\",\"position\":1,\"name\":\"Prima di partire\",\"item\":\"https:\/\/crociere.evolutiontravel.it\/infovacanze\/informazioni\/\"},{\"@type\":\"ListItem\",\"position\":2,\"name\":\"Crociere in barca a vela\"}]},{\"@type\":\"WebSite\",\"@id\":\"https:\/\/crociere.evolutiontravel.it\/infovacanze\/#website\",\"url\":\"https:\/\/crociere.evolutiontravel.it\/infovacanze\/\",\"name\":\"Crociere\",\"description\":\"\",\"potentialAction\":[{\"@type\":\"SearchAction\",\"target\":{\"@type\":\"EntryPoint\",\"urlTemplate\":\"https:\/\/crociere.evolutiontravel.it\/infovacanze\/?s={search_term_string}\"},\"query-input\":\"required name=search_term_string\"}],\"inLanguage\":\"it-IT\"}]}<\/script>\n<!-- \/ Yoast SEO plugin. -->","yoast_head_json":{"title":"Crociere in barca a vela Vacanze - crociere in barca a vela offerte - crociere last minute in barca a vela - msc crociere in barca a vela","description":"Crociere in barca a vela: Offerte Per Crociere in barca a vela, Vacanze in Crociera in barca a vela, Crociere Mediterraneo, Crociere in barca a vela Mar Rosso, Crociere Mare del Nord in barca a vela, Crociere Caraibi, Crociere in barca a vela Last minute","robots":{"index":"index","follow":"follow","max-snippet":"max-snippet:-1","max-image-preview":"max-image-preview:large","max-video-preview":"max-video-preview:-1"},"canonical":"https:\/\/crociere.evolutiontravel.it\/infovacanze\/informazioni\/crociere-in-barca-a-vela\/","twitter_misc":{"Tempo di lettura stimato":"2 minuti"},"schema":{"@context":"https:\/\/schema.org","@graph":[{"@type":"WebPage","@id":"https:\/\/crociere.evolutiontravel.it\/infovacanze\/informazioni\/crociere-in-barca-a-vela\/","url":"https:\/\/crociere.evolutiontravel.it\/infovacanze\/informazioni\/crociere-in-barca-a-vela\/","name":"Crociere in barca a vela Vacanze - crociere in barca a vela offerte - crociere last minute in barca a vela - msc crociere in barca a vela","isPartOf":{"@id":"https:\/\/crociere.evolutiontravel.it\/infovacanze\/#website"},"datePublished":"2013-08-13T16:10:26+00:00","dateModified":"2013-10-22T10:07:56+00:00","description":"Crociere in barca a vela: Offerte Per Crociere in barca a vela, Vacanze in Crociera in barca a vela, Crociere Mediterraneo, Crociere in barca a vela Mar Rosso, Crociere Mare del Nord in barca a vela, Crociere Caraibi, Crociere in barca a vela Last minute","breadcrumb":{"@id":"https:\/\/crociere.evolutiontravel.it\/infovacanze\/informazioni\/crociere-in-barca-a-vela\/#breadcrumb"},"inLanguage":"it-IT","potentialAction":[{"@type":"ReadAction","target":["https:\/\/crociere.evolutiontravel.it\/infovacanze\/informazioni\/crociere-in-barca-a-vela\/"]}]},{"@type":"BreadcrumbList","@id":"https:\/\/crociere.evolutiontravel.it\/infovacanze\/informazioni\/crociere-in-barca-a-vela\/#breadcrumb","itemListElement":[{"@type":"ListItem","position":1,"name":"Prima di partire","item":"https:\/\/crociere.evolutiontravel.it\/infovacanze\/informazioni\/"},{"@type":"ListItem","position":2,"name":"Crociere in barca a vela"}]},{"@type":"WebSite","@id":"https:\/\/crociere.evolutiontravel.it\/infovacanze\/#website","url":"https:\/\/crociere.evolutiontravel.it\/infovacanze\/","name":"Crociere","description":"","potentialAction":[{"@type":"SearchAction","target":{"@type":"EntryPoint","urlTemplate":"https:\/\/crociere.evolutiontravel.it\/infovacanze\/?s={search_term_string}"},"query-input":"required name=search_term_string"}],"inLanguage":"it-IT"}]}},"_links":{"self":[{"href":"https:\/\/crociere.evolutiontravel.it\/infovacanze\/wp-json\/wp\/v2\/pages\/130"}],"collection":[{"href":"https:\/\/crociere.evolutiontravel.it\/infovacanze\/wp-json\/wp\/v2\/pages"}],"about":[{"href":"https:\/\/crociere.evolutiontravel.it\/infovacanze\/wp-json\/wp\/v2\/types\/page"}],"author":[{"embeddable":true,"href":"https:\/\/crociere.evolutiontravel.it\/infovacanze\/wp-json\/wp\/v2\/users\/1"}],"replies":[{"embeddable":true,"href":"https:\/\/crociere.evolutiontravel.it\/infovacanze\/wp-json\/wp\/v2\/comments?post=130"}],"version-history":[{"count":3,"href":"https:\/\/crociere.evolutiontravel.it\/infovacanze\/wp-json\/wp\/v2\/pages\/130\/revisions"}],"predecessor-version":[{"id":371,"href":"https:\/\/crociere.evolutiontravel.it\/infovacanze\/wp-json\/wp\/v2\/pages\/130\/revisions\/371"}],"up":[{"embeddable":true,"href":"https:\/\/crociere.evolutiontravel.it\/infovacanze\/wp-json\/wp\/v2\/pages\/93"}],"wp:attachment":[{"href":"https:\/\/crociere.evolutiontravel.it\/infovacanze\/wp-json\/wp\/v2\/media?parent=130"}],"curies":[{"name":"wp","href":"https:\/\/api.w.org\/{rel}","templated":true}]}}