{"id":144,"date":"2013-08-13T18:16:38","date_gmt":"2013-08-13T16:16:38","guid":{"rendered":"http:\/\/crociere.evolutiontravel.it\/infovacanze\/?page_id=144"},"modified":"2013-10-22T12:08:36","modified_gmt":"2013-10-22T10:08:36","slug":"crociere-low-cost","status":"publish","type":"page","link":"https:\/\/crociere.evolutiontravel.it\/infovacanze\/informazioni\/crociere-low-cost\/","title":{"rendered":"Crociere low cost"},"content":{"rendered":"<p align=\"justify\">\n<p align=\"justify\">Se sognate una vacanza da sogno, all\u2019insegna del lusso, del relax, del divertimento garantito, e del piacere di ammirare i pi\u00f9 bei paesaggi del mondo, potete concedervela senza spendere una fortuna, grazie alle innumerevoli offerte di\u00a0<strong>crociere low cost<\/strong>.<\/p>\n<p align=\"justify\">Le proposte di\u00a0<strong>crociere low cost\u00a0<\/strong>delle migliori<strong>\u00a0<\/strong>compagnie di navigazione sono tantissime, disponibili<strong>\u00a0<\/strong>in qualsiasi momento dell\u2019anno e per tutte le destinazioni: con le<strong>\u00a0crociere low cost\u00a0<\/strong>potete raggiungere i pi\u00f9 spettacolari angoli del mondo a tariffe davvero vantaggiose.<\/p>\n<p align=\"justify\">Ogni occasione \u00e8 quella giusta per regalarsi le emozioni delle\u00a0<strong>crociere low cost<\/strong>, poich\u00e9 esse costituiscono il miglior modo per improvvisare all\u2019ultimo minuto o pianificare con largo anticipo vacanze davvero indimenticabili e speciali, a cominciare dal prezzo.<\/p>\n<p align=\"justify\">Numerosissime sono le\u00a0<strong>crociere low cost\u00a0<\/strong>durante l\u2019<strong>inverno<\/strong>: a seconda dei propri gusti e del tempo che si ha a disposizione, si pu\u00f2 optare per tropicali\u00a0<strong>crociere low cost\u00a0<\/strong>oltreoceano, con destinazione i<strong>\u00a0Caraibi\u00a0<\/strong>e l\u2019<strong>America Centrale<\/strong>, dove proprio questa \u00e8 la stagione ideale, la migliore per godere del sole, delle spiagge, delle meraviglie archeologiche e coloniali e del coloratissimo e vivace folklore; per chi volesse rimanere un po\u2019 pi\u00f9 vicino, senza rinunciare al tepore e alla luce del sole, pu\u00f2 scegliere tra le diverse proposte di itinerari per le\u00a0<strong>crociere low cost\u00a0<\/strong>nel<strong>Mediterraneo<\/strong>, il mare che lambisce le coste di paesi ricchi di natura ma anche di storia, antica e moderna.<\/p>\n<p align=\"justify\">Le occasioni di\u00a0<strong>crociere low cost\u00a0<\/strong>non mancano neanche durante i mesi primaverili e l\u2019<strong>estate<\/strong>, soprattutto verso la fine di quest\u2019ultima stagione, quando interessanti, ad esempio, sono le proposte per il\u00a0<strong>Mediterraneo\u00a0<\/strong>e le<strong>\u00a0<\/strong>ultime\u00a0<strong>crociere low cost\u00a0<\/strong>che esplorano favolosi paesaggi naturali e regali citt\u00e0 solcando le acque del<strong>\u00a0Mar Baltico\u00a0<\/strong>e del<strong>\u00a0Mare del Nord,\u00a0<\/strong>dove il clima, generalmente rigido, regala invece in questo periodo giornate sorprendentemente soleggiate e temperature gradevoli.<\/p>\n<p align=\"justify\">Parlando di\u00a0<strong>crociere low cost\u00a0<\/strong>non si pu\u00f2 non citarne l\u2019esempio per eccellenza,<strong>\u00a0<\/strong>le\u00a0<strong>minicrociere<\/strong>,<strong>\u00a0crociere low cost\u00a0<\/strong>che non conoscono stagioni n\u00e9 confini, essendo organizzate in tutto il mondo tutto l\u2019anno: piccole nella durata ed anche nel prezzo, costituiscono il miglior modo per concedersi brevi ma esclusive fughe dalla monotonia della quotidianit\u00e0 o per prolungare viaggi di pi\u00f9 ampio respiro, raggiungendo dal mare splendide localit\u00e0.<\/p>\n<p align=\"justify\">Le\u00a0<strong>crociere low cost\u00a0<\/strong>costituiscono un ottimo regalo, da fare o da farsi, in occasione delle\u00a0<strong>festivit\u00e0<\/strong>: trascorrere il\u00a0<strong>Natale<\/strong>, il\u00a0<strong>Capodanno<\/strong>\u00a0o i\u00a0<strong>ponti<\/strong>godendosi la raffinatezza ed il divertimento di una delle tante\u00a0<strong>crociere low cost\u00a0<\/strong>\u00e8 davvero un\u2019esperienza unica.<\/p>\n<p align=\"justify\">Infine, le pi\u00f9 classiche\u00a0<strong>crociere low cost\u00a0<\/strong>sono quelle che potrete aggiudicarvi usando tanta astuzia in fase di prenotazione. In genere, tutte le compagnie di navigazione tendono a premiare chi gioca d\u2019<strong>anticipo<\/strong>, chi si affida alla\u00a0<strong>formula roulette<\/strong>\u00a0nell\u2019assegnazione delle cabine o addirittura di nave ed itinerario o chi coglie al volo occasioni per partenze\u00a0<strong>lastminute<\/strong>: \u00e8 in questo modo che ci si aggiudica le tariffe migliori in assoluto, che si pu\u00f2 partire per\u00a0<strong>crociere low cost\u00a0<\/strong>col massimo del risparmio senza, ovviamente, rinunciare al massimo della qualit\u00e0, del confort e dell\u2019eccellenza.<\/p>\n","protected":false},"excerpt":{"rendered":"<p>Se sognate una vacanza da sogno, all\u2019insegna del lusso, del relax, del divertimento garantito, e del piacere di ammirare i pi\u00f9 bei paesaggi del mondo, potete concedervela senza spendere una fortuna, grazie alle innumerevoli offerte di\u00a0crociere low cost. Le proposte di\u00a0crociere low cost\u00a0delle migliori\u00a0compagnie di navigazione sono tantissime, disponibili\u00a0in qualsiasi momento dell\u2019anno e per tutte <a class=\"moretag\" href=\"https:\/\/crociere.evolutiontravel.it\/infovacanze\/informazioni\/crociere-low-cost\/\">[&#8230;]<\/a><\/p>\n","protected":false},"author":1,"featured_media":0,"parent":93,"menu_order":0,"comment_status":"closed","ping_status":"open","template":"","meta":{"footnotes":""},"yoast_head":"<!-- This site is optimized with the Yoast SEO plugin v21.9.1 - https:\/\/yoast.com\/wordpress\/plugins\/seo\/ -->\n<title>Crociere low cost: sogni accessibili<\/title>\n<meta name=\"description\" content=\"Le crociere low cost sono la soluzione per chi vuole regalarsi vacanze da sogno, fatte di lusso e divertimento, godendosi i migliori paesaggi del pianeta senza spendere troppo: approfittate delle offerte, scegliete una minicrociera o prenotate con astuzia\" \/>\n<meta name=\"robots\" content=\"index, follow, max-snippet:-1, max-image-preview:large, max-video-preview:-1\" \/>\n<link rel=\"canonical\" href=\"https:\/\/crociere.evolutiontravel.it\/infovacanze\/informazioni\/crociere-low-cost\/\" \/>\n<meta name=\"twitter:label1\" content=\"Tempo di lettura stimato\" \/>\n\t<meta name=\"twitter:data1\" content=\"3 minuti\" \/>\n<script type=\"application\/ld+json\" class=\"yoast-schema-graph\">{\"@context\":\"https:\/\/schema.org\",\"@graph\":[{\"@type\":\"WebPage\",\"@id\":\"https:\/\/crociere.evolutiontravel.it\/infovacanze\/informazioni\/crociere-low-cost\/\",\"url\":\"https:\/\/crociere.evolutiontravel.it\/infovacanze\/informazioni\/crociere-low-cost\/\",\"name\":\"Crociere low cost: sogni accessibili\",\"isPartOf\":{\"@id\":\"https:\/\/crociere.evolutiontravel.it\/infovacanze\/#website\"},\"datePublished\":\"2013-08-13T16:16:38+00:00\",\"dateModified\":\"2013-10-22T10:08:36+00:00\",\"description\":\"Le crociere low cost sono la soluzione per chi vuole regalarsi vacanze da sogno, fatte di lusso e divertimento, godendosi i migliori paesaggi del pianeta senza spendere troppo: approfittate delle offerte, scegliete una minicrociera o prenotate con astuzia\",\"breadcrumb\":{\"@id\":\"https:\/\/crociere.evolutiontravel.it\/infovacanze\/informazioni\/crociere-low-cost\/#breadcrumb\"},\"inLanguage\":\"it-IT\",\"potentialAction\":[{\"@type\":\"ReadAction\",\"target\":[\"https:\/\/crociere.evolutiontravel.it\/infovacanze\/informazioni\/crociere-low-cost\/\"]}]},{\"@type\":\"BreadcrumbList\",\"@id\":\"https:\/\/crociere.evolutiontravel.it\/infovacanze\/informazioni\/crociere-low-cost\/#breadcrumb\",\"itemListElement\":[{\"@type\":\"ListItem\",\"position\":1,\"name\":\"Prima di partire\",\"item\":\"https:\/\/crociere.evolutiontravel.it\/infovacanze\/informazioni\/\"},{\"@type\":\"ListItem\",\"position\":2,\"name\":\"Crociere low cost\"}]},{\"@type\":\"WebSite\",\"@id\":\"https:\/\/crociere.evolutiontravel.it\/infovacanze\/#website\",\"url\":\"https:\/\/crociere.evolutiontravel.it\/infovacanze\/\",\"name\":\"Crociere\",\"description\":\"\",\"potentialAction\":[{\"@type\":\"SearchAction\",\"target\":{\"@type\":\"EntryPoint\",\"urlTemplate\":\"https:\/\/crociere.evolutiontravel.it\/infovacanze\/?s={search_term_string}\"},\"query-input\":\"required name=search_term_string\"}],\"inLanguage\":\"it-IT\"}]}<\/script>\n<!-- \/ Yoast SEO plugin. -->","yoast_head_json":{"title":"Crociere low cost: sogni accessibili","description":"Le crociere low cost sono la soluzione per chi vuole regalarsi vacanze da sogno, fatte di lusso e divertimento, godendosi i migliori paesaggi del pianeta senza spendere troppo: approfittate delle offerte, scegliete una minicrociera o prenotate con astuzia","robots":{"index":"index","follow":"follow","max-snippet":"max-snippet:-1","max-image-preview":"max-image-preview:large","max-video-preview":"max-video-preview:-1"},"canonical":"https:\/\/crociere.evolutiontravel.it\/infovacanze\/informazioni\/crociere-low-cost\/","twitter_misc":{"Tempo di lettura stimato":"3 minuti"},"schema":{"@context":"https:\/\/schema.org","@graph":[{"@type":"WebPage","@id":"https:\/\/crociere.evolutiontravel.it\/infovacanze\/informazioni\/crociere-low-cost\/","url":"https:\/\/crociere.evolutiontravel.it\/infovacanze\/informazioni\/crociere-low-cost\/","name":"Crociere low cost: sogni accessibili","isPartOf":{"@id":"https:\/\/crociere.evolutiontravel.it\/infovacanze\/#website"},"datePublished":"2013-08-13T16:16:38+00:00","dateModified":"2013-10-22T10:08:36+00:00","description":"Le crociere low cost sono la soluzione per chi vuole regalarsi vacanze da sogno, fatte di lusso e divertimento, godendosi i migliori paesaggi del pianeta senza spendere troppo: approfittate delle offerte, scegliete una minicrociera o prenotate con astuzia","breadcrumb":{"@id":"https:\/\/crociere.evolutiontravel.it\/infovacanze\/informazioni\/crociere-low-cost\/#breadcrumb"},"inLanguage":"it-IT","potentialAction":[{"@type":"ReadAction","target":["https:\/\/crociere.evolutiontravel.it\/infovacanze\/informazioni\/crociere-low-cost\/"]}]},{"@type":"BreadcrumbList","@id":"https:\/\/crociere.evolutiontravel.it\/infovacanze\/informazioni\/crociere-low-cost\/#breadcrumb","itemListElement":[{"@type":"ListItem","position":1,"name":"Prima di partire","item":"https:\/\/crociere.evolutiontravel.it\/infovacanze\/informazioni\/"},{"@type":"ListItem","position":2,"name":"Crociere low cost"}]},{"@type":"WebSite","@id":"https:\/\/crociere.evolutiontravel.it\/infovacanze\/#website","url":"https:\/\/crociere.evolutiontravel.it\/infovacanze\/","name":"Crociere","description":"","potentialAction":[{"@type":"SearchAction","target":{"@type":"EntryPoint","urlTemplate":"https:\/\/crociere.evolutiontravel.it\/infovacanze\/?s={search_term_string}"},"query-input":"required name=search_term_string"}],"inLanguage":"it-IT"}]}},"_links":{"self":[{"href":"https:\/\/crociere.evolutiontravel.it\/infovacanze\/wp-json\/wp\/v2\/pages\/144"}],"collection":[{"href":"https:\/\/crociere.evolutiontravel.it\/infovacanze\/wp-json\/wp\/v2\/pages"}],"about":[{"href":"https:\/\/crociere.evolutiontravel.it\/infovacanze\/wp-json\/wp\/v2\/types\/page"}],"author":[{"embeddable":true,"href":"https:\/\/crociere.evolutiontravel.it\/infovacanze\/wp-json\/wp\/v2\/users\/1"}],"replies":[{"embeddable":true,"href":"https:\/\/crociere.evolutiontravel.it\/infovacanze\/wp-json\/wp\/v2\/comments?post=144"}],"version-history":[{"count":3,"href":"https:\/\/crociere.evolutiontravel.it\/infovacanze\/wp-json\/wp\/v2\/pages\/144\/revisions"}],"predecessor-version":[{"id":374,"href":"https:\/\/crociere.evolutiontravel.it\/infovacanze\/wp-json\/wp\/v2\/pages\/144\/revisions\/374"}],"up":[{"embeddable":true,"href":"https:\/\/crociere.evolutiontravel.it\/infovacanze\/wp-json\/wp\/v2\/pages\/93"}],"wp:attachment":[{"href":"https:\/\/crociere.evolutiontravel.it\/infovacanze\/wp-json\/wp\/v2\/media?parent=144"}],"curies":[{"name":"wp","href":"https:\/\/api.w.org\/{rel}","templated":true}]}}