{"id":160,"date":"2013-08-13T18:38:01","date_gmt":"2013-08-13T16:38:01","guid":{"rendered":"http:\/\/crociere.evolutiontravel.it\/infovacanze\/?page_id=160"},"modified":"2014-01-06T16:43:52","modified_gmt":"2014-01-06T15:43:52","slug":"colombia","status":"publish","type":"page","link":"https:\/\/crociere.evolutiontravel.it\/infovacanze\/nozze\/colombia\/","title":{"rendered":"Colombia"},"content":{"rendered":"<p>Se vi siete appena sposati e scegliete di fare una\u00a0<strong>crociera ai Caraibi\u00a0<\/strong>preferite la compagnia che fa almeno uno scalo in Colombia !<br \/>\nMagnifiche foreste pluviali, spiagge, montagne, citt\u00e0 molto caratteristiche e gente molto gentile. La Colombia potrebbe essere una tra le destinazioni pi\u00f9 ricercate e rilassanti, attualmente per\u00f2 ci sono alcune sporadiche rappresaglie della guerriglia e cartelli di droga che rendono il posto accessibile solo ai pi\u00f9 avventurosi e consapevoli !<\/p>\n<p>Il periodo pi\u00f9 adatto per il viaggio di nozze in colombia \u00e8 la stagione secca, nonostante non ci siano particolari precauzioni per il periodo delle piogge che \u00e8 ugualmente visitabile !<br \/>\nIn colombia ogni mese \u00e8 colmo di feste e render\u00e0\u00a0<strong>il vostro viaggio di nozze davvero incredibile<\/strong>, fiere, carnevali, festival e manifestazioni in genere !<\/p>\n<p>Tra i principali avvenimenti ricordiamo il \u201c<strong>carnaval de Blancos y Negros<\/strong>\u201d a gennaio il festival iternazionale della musica caraibica e la settimana santa. Ad agosto si puo\u2019 prendere parte alla fiera dei fiori e da febbraio a marzo il carnevale di Barramquilla ! Ogni mese una festa, questo per rivitalizzare il turismo e intrattenere la popolazione.<\/p>\n<p>Per\u00a0<strong>rendere il vostro viaggio di nozze davvero indimenticabile<\/strong>\u00a0optate per un escursione di sei giorni per le rovine della \u201c<strong>citt\u00e0 Perduta<\/strong>\u201d. E\u2019 una formula tour all inclusive che comprende sia i pasti che il pernottamento, ricordatevi di affidarvi sempre ad una giuda turistica per evitare pericoli e rischi. E\u2019 anche possobile praticare trekking sui monti della Colombia, altrimenti \u00e8 possibile visitare anche Le islas del Rosario, circa 30km al largo delle coste di Cartagena, perfetto come luogo per praticare snorkeling e immersioni subacquee. Un viaggio di nozze osservando mille pesci colorati tropicali !<\/p>\n<p>Se cercate un\u00a0<strong>avventurosissimo viaggio di nozze<\/strong>\u00a0\u00e8 possibile fare<strong>un\u2019escursione nella foresta amazzonica<\/strong>, le guide sono attrezzate e conoscono perfettamente la zona, senza la guida si corre il rischio di perdersi, non dimenticate il repellente per zanzare e le macchine fotografiche con il flash, nella foresta c\u2019\u00e8 penombra quindi non sempre le foto vengono chiare e nitide !<\/p>\n<p><strong>Per il vostro viaggio di nozze in crociera nei caraibi<\/strong>, tra uno scalo e l\u2019altro in colombia non dimenticate di verificare il cambio valuta, ci sono i bancomat disponibili, comunque non girate con tanto denaro contante in tasca, \u00e8 poco sicuro !<\/p>\n","protected":false},"excerpt":{"rendered":"<p>Se vi siete appena sposati e scegliete di fare una\u00a0crociera ai Caraibi\u00a0preferite la compagnia che fa almeno uno scalo in Colombia ! Magnifiche foreste pluviali, spiagge, montagne, citt\u00e0 molto caratteristiche e gente molto gentile. La Colombia potrebbe essere una tra le destinazioni pi\u00f9 ricercate e rilassanti, attualmente per\u00f2 ci sono alcune sporadiche rappresaglie della guerriglia <a class=\"moretag\" href=\"https:\/\/crociere.evolutiontravel.it\/infovacanze\/nozze\/colombia\/\">[&#8230;]<\/a><\/p>\n","protected":false},"author":1,"featured_media":0,"parent":154,"menu_order":0,"comment_status":"closed","ping_status":"open","template":"","meta":{"footnotes":""},"yoast_head":"<!-- This site is optimized with the Yoast SEO plugin v21.9.1 - https:\/\/yoast.com\/wordpress\/plugins\/seo\/ -->\n<title>In colombia tra foresta e carnevali, manifestazioni per ogni gusto, viaggio di nozze che non si scorder\u00e0 mai, con le guide mille escursioni e tour indimenticabili<\/title>\n<meta name=\"description\" content=\"In colombia \u00e8 possibile effettuare scalo se scegliete per il vostro viaggio di nozze di fare una crociera nei caraibi, sono davvero mille le attrattive, ricordatevi di fare particolare attenzione ad alcune aree che non sono molto sicure per i turisti, ma se seguite le indicazioni di guide ed autorit\u00e0 il divertimento \u00e8 assicurato !\" \/>\n<meta name=\"robots\" content=\"index, follow, max-snippet:-1, max-image-preview:large, max-video-preview:-1\" \/>\n<link rel=\"canonical\" href=\"https:\/\/crociere.evolutiontravel.it\/infovacanze\/nozze\/colombia\/\" \/>\n<meta name=\"twitter:label1\" content=\"Tempo di lettura stimato\" \/>\n\t<meta name=\"twitter:data1\" content=\"2 minuti\" \/>\n<script type=\"application\/ld+json\" class=\"yoast-schema-graph\">{\"@context\":\"https:\/\/schema.org\",\"@graph\":[{\"@type\":\"WebPage\",\"@id\":\"https:\/\/crociere.evolutiontravel.it\/infovacanze\/nozze\/colombia\/\",\"url\":\"https:\/\/crociere.evolutiontravel.it\/infovacanze\/nozze\/colombia\/\",\"name\":\"In colombia tra foresta e carnevali, manifestazioni per ogni gusto, viaggio di nozze che non si scorder\u00e0 mai, con le guide mille escursioni e tour indimenticabili\",\"isPartOf\":{\"@id\":\"https:\/\/crociere.evolutiontravel.it\/infovacanze\/#website\"},\"datePublished\":\"2013-08-13T16:38:01+00:00\",\"dateModified\":\"2014-01-06T15:43:52+00:00\",\"description\":\"In colombia \u00e8 possibile effettuare scalo se scegliete per il vostro viaggio di nozze di fare una crociera nei caraibi, sono davvero mille le attrattive, ricordatevi di fare particolare attenzione ad alcune aree che non sono molto sicure per i turisti, ma se seguite le indicazioni di guide ed autorit\u00e0 il divertimento \u00e8 assicurato !\",\"breadcrumb\":{\"@id\":\"https:\/\/crociere.evolutiontravel.it\/infovacanze\/nozze\/colombia\/#breadcrumb\"},\"inLanguage\":\"it-IT\",\"potentialAction\":[{\"@type\":\"ReadAction\",\"target\":[\"https:\/\/crociere.evolutiontravel.it\/infovacanze\/nozze\/colombia\/\"]}]},{\"@type\":\"BreadcrumbList\",\"@id\":\"https:\/\/crociere.evolutiontravel.it\/infovacanze\/nozze\/colombia\/#breadcrumb\",\"itemListElement\":[{\"@type\":\"ListItem\",\"position\":1,\"name\":\"Viaggi di Nozze\",\"item\":\"https:\/\/crociere.evolutiontravel.it\/infovacanze\/nozze\/\"},{\"@type\":\"ListItem\",\"position\":2,\"name\":\"Colombia\"}]},{\"@type\":\"WebSite\",\"@id\":\"https:\/\/crociere.evolutiontravel.it\/infovacanze\/#website\",\"url\":\"https:\/\/crociere.evolutiontravel.it\/infovacanze\/\",\"name\":\"Crociere\",\"description\":\"\",\"potentialAction\":[{\"@type\":\"SearchAction\",\"target\":{\"@type\":\"EntryPoint\",\"urlTemplate\":\"https:\/\/crociere.evolutiontravel.it\/infovacanze\/?s={search_term_string}\"},\"query-input\":\"required name=search_term_string\"}],\"inLanguage\":\"it-IT\"}]}<\/script>\n<!-- \/ Yoast SEO plugin. -->","yoast_head_json":{"title":"In colombia tra foresta e carnevali, manifestazioni per ogni gusto, viaggio di nozze che non si scorder\u00e0 mai, con le guide mille escursioni e tour indimenticabili","description":"In colombia \u00e8 possibile effettuare scalo se scegliete per il vostro viaggio di nozze di fare una crociera nei caraibi, sono davvero mille le attrattive, ricordatevi di fare particolare attenzione ad alcune aree che non sono molto sicure per i turisti, ma se seguite le indicazioni di guide ed autorit\u00e0 il divertimento \u00e8 assicurato !","robots":{"index":"index","follow":"follow","max-snippet":"max-snippet:-1","max-image-preview":"max-image-preview:large","max-video-preview":"max-video-preview:-1"},"canonical":"https:\/\/crociere.evolutiontravel.it\/infovacanze\/nozze\/colombia\/","twitter_misc":{"Tempo di lettura stimato":"2 minuti"},"schema":{"@context":"https:\/\/schema.org","@graph":[{"@type":"WebPage","@id":"https:\/\/crociere.evolutiontravel.it\/infovacanze\/nozze\/colombia\/","url":"https:\/\/crociere.evolutiontravel.it\/infovacanze\/nozze\/colombia\/","name":"In colombia tra foresta e carnevali, manifestazioni per ogni gusto, viaggio di nozze che non si scorder\u00e0 mai, con le guide mille escursioni e tour indimenticabili","isPartOf":{"@id":"https:\/\/crociere.evolutiontravel.it\/infovacanze\/#website"},"datePublished":"2013-08-13T16:38:01+00:00","dateModified":"2014-01-06T15:43:52+00:00","description":"In colombia \u00e8 possibile effettuare scalo se scegliete per il vostro viaggio di nozze di fare una crociera nei caraibi, sono davvero mille le attrattive, ricordatevi di fare particolare attenzione ad alcune aree che non sono molto sicure per i turisti, ma se seguite le indicazioni di guide ed autorit\u00e0 il divertimento \u00e8 assicurato !","breadcrumb":{"@id":"https:\/\/crociere.evolutiontravel.it\/infovacanze\/nozze\/colombia\/#breadcrumb"},"inLanguage":"it-IT","potentialAction":[{"@type":"ReadAction","target":["https:\/\/crociere.evolutiontravel.it\/infovacanze\/nozze\/colombia\/"]}]},{"@type":"BreadcrumbList","@id":"https:\/\/crociere.evolutiontravel.it\/infovacanze\/nozze\/colombia\/#breadcrumb","itemListElement":[{"@type":"ListItem","position":1,"name":"Viaggi di Nozze","item":"https:\/\/crociere.evolutiontravel.it\/infovacanze\/nozze\/"},{"@type":"ListItem","position":2,"name":"Colombia"}]},{"@type":"WebSite","@id":"https:\/\/crociere.evolutiontravel.it\/infovacanze\/#website","url":"https:\/\/crociere.evolutiontravel.it\/infovacanze\/","name":"Crociere","description":"","potentialAction":[{"@type":"SearchAction","target":{"@type":"EntryPoint","urlTemplate":"https:\/\/crociere.evolutiontravel.it\/infovacanze\/?s={search_term_string}"},"query-input":"required name=search_term_string"}],"inLanguage":"it-IT"}]}},"_links":{"self":[{"href":"https:\/\/crociere.evolutiontravel.it\/infovacanze\/wp-json\/wp\/v2\/pages\/160"}],"collection":[{"href":"https:\/\/crociere.evolutiontravel.it\/infovacanze\/wp-json\/wp\/v2\/pages"}],"about":[{"href":"https:\/\/crociere.evolutiontravel.it\/infovacanze\/wp-json\/wp\/v2\/types\/page"}],"author":[{"embeddable":true,"href":"https:\/\/crociere.evolutiontravel.it\/infovacanze\/wp-json\/wp\/v2\/users\/1"}],"replies":[{"embeddable":true,"href":"https:\/\/crociere.evolutiontravel.it\/infovacanze\/wp-json\/wp\/v2\/comments?post=160"}],"version-history":[{"count":4,"href":"https:\/\/crociere.evolutiontravel.it\/infovacanze\/wp-json\/wp\/v2\/pages\/160\/revisions"}],"predecessor-version":[{"id":619,"href":"https:\/\/crociere.evolutiontravel.it\/infovacanze\/wp-json\/wp\/v2\/pages\/160\/revisions\/619"}],"up":[{"embeddable":true,"href":"https:\/\/crociere.evolutiontravel.it\/infovacanze\/wp-json\/wp\/v2\/pages\/154"}],"wp:attachment":[{"href":"https:\/\/crociere.evolutiontravel.it\/infovacanze\/wp-json\/wp\/v2\/media?parent=160"}],"curies":[{"name":"wp","href":"https:\/\/api.w.org\/{rel}","templated":true}]}}