{"id":168,"date":"2013-08-13T18:46:30","date_gmt":"2013-08-13T16:46:30","guid":{"rendered":"http:\/\/crociere.evolutiontravel.it\/infovacanze\/?page_id=168"},"modified":"2014-01-06T16:44:13","modified_gmt":"2014-01-06T15:44:13","slug":"costa-rica","status":"publish","type":"page","link":"https:\/\/crociere.evolutiontravel.it\/infovacanze\/nozze\/costa-rica\/","title":{"rendered":"Costa Rica"},"content":{"rendered":"<p><strong>I viaggi di nozze nei Caraibi<\/strong>\u00a0sono tra i pi\u00f9 richiesti e piu sognati per trascorrere tempo prezioso con la partner dopo il fatidico giorno del matrimonio ! Si raggiunge in aereo una localit\u00e0, da dove partir\u00e0 la tua crociera di nozze e finalmente i coniugi si possono godere la vacanza !<\/p>\n<p>Panorami paradisiaci, mare puro e trasparente, spiagge incontaminate saranno lo scenario ideale per trascorrere il tuo\u00a0<strong>viaggio di nozze in Costa Rica<\/strong>.<br \/>\nAttualmente vari tour operator predispongono offerte davvero convenienti per farvi spendere poco e farvi godere ogni comfort !<\/p>\n<p><strong>La costa Rica \u00e8 la punta di diamante dell\u2019america centrale<\/strong>\u00a0\u00e8 famosa e conosciuta perch\u00e9 costituisce un\u2019oasi, tranquilla ed isolata tra i vari paesini caotici circostanti. Per i turisti, quando faranno scalo dalla loro<strong>crociera del viaggio di nozze<\/strong>\u00a0ci sono davvero moltissime attrattive, bellezze naturali, un vasto bouquet di piante e fiori, un rispettato programma di tutela dell\u2019ambiente anche per salvaguardare il patrimonio faunistico.<\/p>\n<p><strong>In costa Rica si pratica soprattutto ecoturismo<\/strong>\u00a0e questa tipologia di turismo ha reso questo posto uno dei migliori per divertirsi, rilassarsi e ridurre al minimo l\u2019impatto ambientale da parte dell\u2019uomo !<\/p>\n<p>Se siete una coppia di neo sposi avventurosi, la costa rica fa esattamente al caso vostro, molti torrenti sono percorribili a pedi, per osservare gli esemplari animali come i bradipi per esempio, ma se non siete cosi avventurosi non escludete la costa Rica, offre infatti milioni di possibilit\u00e0 infatti ci sono spiagge paradisiache\u00a0 dove potete prendere il sole tra un tuffo ed un bagno !<br \/>\nLa costa rica \u00e8 perfetta se la\u00a0<strong>coppia nel viaggio di nozze<\/strong>\u00a0vuole praticare surf, il clima \u00e8 caldo tutto l\u2019anno quindi non ponetevi problemi per la partenza per la vostra crociera di nozze.<\/p>\n<p>Per la partenza nonostante tutto l\u2019anno vada bene, la stagione pi\u00f9 adatta \u00e8 quella compresa tra la fine di dicembre e la met\u00e0 di aprile,\u00a0 ovviamente in questa stagione i prezzi sono pi\u00f9 alti perch\u00e9 \u00e8 il periodo scelto da tutti. Durante la stagione delle piogge alcune aree sono impraticabili per\u00f2 \u00e8 vantaggioso perch\u00e9 si gode della costa rica con pochissimi turisti !<\/p>\n<p>Durante la settimana di Pasqua \u00e8 praticamente tutto chiuso poich\u00e9 \u00e8 considerato un periodo festivo cosi come la settimana tra natale e capodanno !<br \/>\nPer quanto riguarda la valuta si utilizza il col\u00f2n costaricano. Si accetta anche il dollaro presso esercizi commerciali e strutture alberghiere pi\u00f9 importanti. Sportelli bancomat sono presenti ovunque nella zona!<\/p>\n","protected":false},"excerpt":{"rendered":"<p>I viaggi di nozze nei Caraibi\u00a0sono tra i pi\u00f9 richiesti e piu sognati per trascorrere tempo prezioso con la partner dopo il fatidico giorno del matrimonio ! Si raggiunge in aereo una localit\u00e0, da dove partir\u00e0 la tua crociera di nozze e finalmente i coniugi si possono godere la vacanza ! Panorami paradisiaci, mare puro <a class=\"moretag\" href=\"https:\/\/crociere.evolutiontravel.it\/infovacanze\/nozze\/costa-rica\/\">[&#8230;]<\/a><\/p>\n","protected":false},"author":1,"featured_media":0,"parent":154,"menu_order":0,"comment_status":"closed","ping_status":"open","template":"","meta":{"footnotes":""},"yoast_head":"<!-- This site is optimized with the Yoast SEO plugin v21.9.1 - https:\/\/yoast.com\/wordpress\/plugins\/seo\/ -->\n<title>In costa Rica, paradiso ed ecoturismo, un emozione per i neo sposi indimenticabile ! impossibile non voler tornare !<\/title>\n<meta name=\"description\" content=\"La costa rica \u00e8 un territorio con mille attrattive, un posto rilassante e calmo a differenza dei paesi circostanti, questo permette di avere una politica ecosostenibile riducendo l\u2019impatto ambientale al minimo da parte dell\u2019uomo !\" \/>\n<meta name=\"robots\" content=\"index, follow, max-snippet:-1, max-image-preview:large, max-video-preview:-1\" \/>\n<link rel=\"canonical\" href=\"https:\/\/crociere.evolutiontravel.it\/infovacanze\/nozze\/costa-rica\/\" \/>\n<meta name=\"twitter:label1\" content=\"Tempo di lettura stimato\" \/>\n\t<meta name=\"twitter:data1\" content=\"2 minuti\" \/>\n<script type=\"application\/ld+json\" class=\"yoast-schema-graph\">{\"@context\":\"https:\/\/schema.org\",\"@graph\":[{\"@type\":\"WebPage\",\"@id\":\"https:\/\/crociere.evolutiontravel.it\/infovacanze\/nozze\/costa-rica\/\",\"url\":\"https:\/\/crociere.evolutiontravel.it\/infovacanze\/nozze\/costa-rica\/\",\"name\":\"In costa Rica, paradiso ed ecoturismo, un emozione per i neo sposi indimenticabile ! impossibile non voler tornare !\",\"isPartOf\":{\"@id\":\"https:\/\/crociere.evolutiontravel.it\/infovacanze\/#website\"},\"datePublished\":\"2013-08-13T16:46:30+00:00\",\"dateModified\":\"2014-01-06T15:44:13+00:00\",\"description\":\"La costa rica \u00e8 un territorio con mille attrattive, un posto rilassante e calmo a differenza dei paesi circostanti, questo permette di avere una politica ecosostenibile riducendo l\u2019impatto ambientale al minimo da parte dell\u2019uomo !\",\"breadcrumb\":{\"@id\":\"https:\/\/crociere.evolutiontravel.it\/infovacanze\/nozze\/costa-rica\/#breadcrumb\"},\"inLanguage\":\"it-IT\",\"potentialAction\":[{\"@type\":\"ReadAction\",\"target\":[\"https:\/\/crociere.evolutiontravel.it\/infovacanze\/nozze\/costa-rica\/\"]}]},{\"@type\":\"BreadcrumbList\",\"@id\":\"https:\/\/crociere.evolutiontravel.it\/infovacanze\/nozze\/costa-rica\/#breadcrumb\",\"itemListElement\":[{\"@type\":\"ListItem\",\"position\":1,\"name\":\"Viaggi di Nozze\",\"item\":\"https:\/\/crociere.evolutiontravel.it\/infovacanze\/nozze\/\"},{\"@type\":\"ListItem\",\"position\":2,\"name\":\"Costa Rica\"}]},{\"@type\":\"WebSite\",\"@id\":\"https:\/\/crociere.evolutiontravel.it\/infovacanze\/#website\",\"url\":\"https:\/\/crociere.evolutiontravel.it\/infovacanze\/\",\"name\":\"Crociere\",\"description\":\"\",\"potentialAction\":[{\"@type\":\"SearchAction\",\"target\":{\"@type\":\"EntryPoint\",\"urlTemplate\":\"https:\/\/crociere.evolutiontravel.it\/infovacanze\/?s={search_term_string}\"},\"query-input\":\"required name=search_term_string\"}],\"inLanguage\":\"it-IT\"}]}<\/script>\n<!-- \/ Yoast SEO plugin. -->","yoast_head_json":{"title":"In costa Rica, paradiso ed ecoturismo, un emozione per i neo sposi indimenticabile ! impossibile non voler tornare !","description":"La costa rica \u00e8 un territorio con mille attrattive, un posto rilassante e calmo a differenza dei paesi circostanti, questo permette di avere una politica ecosostenibile riducendo l\u2019impatto ambientale al minimo da parte dell\u2019uomo !","robots":{"index":"index","follow":"follow","max-snippet":"max-snippet:-1","max-image-preview":"max-image-preview:large","max-video-preview":"max-video-preview:-1"},"canonical":"https:\/\/crociere.evolutiontravel.it\/infovacanze\/nozze\/costa-rica\/","twitter_misc":{"Tempo di lettura stimato":"2 minuti"},"schema":{"@context":"https:\/\/schema.org","@graph":[{"@type":"WebPage","@id":"https:\/\/crociere.evolutiontravel.it\/infovacanze\/nozze\/costa-rica\/","url":"https:\/\/crociere.evolutiontravel.it\/infovacanze\/nozze\/costa-rica\/","name":"In costa Rica, paradiso ed ecoturismo, un emozione per i neo sposi indimenticabile ! impossibile non voler tornare !","isPartOf":{"@id":"https:\/\/crociere.evolutiontravel.it\/infovacanze\/#website"},"datePublished":"2013-08-13T16:46:30+00:00","dateModified":"2014-01-06T15:44:13+00:00","description":"La costa rica \u00e8 un territorio con mille attrattive, un posto rilassante e calmo a differenza dei paesi circostanti, questo permette di avere una politica ecosostenibile riducendo l\u2019impatto ambientale al minimo da parte dell\u2019uomo !","breadcrumb":{"@id":"https:\/\/crociere.evolutiontravel.it\/infovacanze\/nozze\/costa-rica\/#breadcrumb"},"inLanguage":"it-IT","potentialAction":[{"@type":"ReadAction","target":["https:\/\/crociere.evolutiontravel.it\/infovacanze\/nozze\/costa-rica\/"]}]},{"@type":"BreadcrumbList","@id":"https:\/\/crociere.evolutiontravel.it\/infovacanze\/nozze\/costa-rica\/#breadcrumb","itemListElement":[{"@type":"ListItem","position":1,"name":"Viaggi di Nozze","item":"https:\/\/crociere.evolutiontravel.it\/infovacanze\/nozze\/"},{"@type":"ListItem","position":2,"name":"Costa Rica"}]},{"@type":"WebSite","@id":"https:\/\/crociere.evolutiontravel.it\/infovacanze\/#website","url":"https:\/\/crociere.evolutiontravel.it\/infovacanze\/","name":"Crociere","description":"","potentialAction":[{"@type":"SearchAction","target":{"@type":"EntryPoint","urlTemplate":"https:\/\/crociere.evolutiontravel.it\/infovacanze\/?s={search_term_string}"},"query-input":"required name=search_term_string"}],"inLanguage":"it-IT"}]}},"_links":{"self":[{"href":"https:\/\/crociere.evolutiontravel.it\/infovacanze\/wp-json\/wp\/v2\/pages\/168"}],"collection":[{"href":"https:\/\/crociere.evolutiontravel.it\/infovacanze\/wp-json\/wp\/v2\/pages"}],"about":[{"href":"https:\/\/crociere.evolutiontravel.it\/infovacanze\/wp-json\/wp\/v2\/types\/page"}],"author":[{"embeddable":true,"href":"https:\/\/crociere.evolutiontravel.it\/infovacanze\/wp-json\/wp\/v2\/users\/1"}],"replies":[{"embeddable":true,"href":"https:\/\/crociere.evolutiontravel.it\/infovacanze\/wp-json\/wp\/v2\/comments?post=168"}],"version-history":[{"count":3,"href":"https:\/\/crociere.evolutiontravel.it\/infovacanze\/wp-json\/wp\/v2\/pages\/168\/revisions"}],"predecessor-version":[{"id":621,"href":"https:\/\/crociere.evolutiontravel.it\/infovacanze\/wp-json\/wp\/v2\/pages\/168\/revisions\/621"}],"up":[{"embeddable":true,"href":"https:\/\/crociere.evolutiontravel.it\/infovacanze\/wp-json\/wp\/v2\/pages\/154"}],"wp:attachment":[{"href":"https:\/\/crociere.evolutiontravel.it\/infovacanze\/wp-json\/wp\/v2\/media?parent=168"}],"curies":[{"name":"wp","href":"https:\/\/api.w.org\/{rel}","templated":true}]}}