{"id":174,"date":"2013-08-13T18:51:19","date_gmt":"2013-08-13T16:51:19","guid":{"rendered":"http:\/\/crociere.evolutiontravel.it\/infovacanze\/?page_id=174"},"modified":"2014-01-06T16:43:15","modified_gmt":"2014-01-06T15:43:15","slug":"america-del-sud","status":"publish","type":"page","link":"https:\/\/crociere.evolutiontravel.it\/infovacanze\/nozze\/america-del-sud\/","title":{"rendered":"America del Sud"},"content":{"rendered":"<p>Le crociere viaggi di nozze in Sudamerica ti portano in luoghi di incredibile fascino dove potrai trascorrere una luna di miele indimenticabile, su una nave dotata di tutti i comfort e con la possibilit\u00e0 di visitare localit\u00e0 da sogno. Dall&#8217;Italia potrai prendere un volo per il Sud America e da l\u00ec imbarcarti sulle nostre navi da crociera per un viaggio di nozze in America del Sud e vivere appieno la tua vacanza.<\/p>\n<p>Panorami da favola, mari turchesi e spiagge bianche saranno la cartolina del tuo viaggio!<br \/>\nLe crociere viaggi di nozze in America del Sud sono considerate tra le migliori tra quelle offerte nel catalogo.<\/p>\n<p>Gli sposi verranno trattati come ospiti di assoluto riguardo e gli verranno riservati dei trattamenti di sicuro apprezzamento, permettendo loro di trascorrere un viaggio da sogno Scopri subito tutte le offerte per viaggi di nozze America del Sud.<\/p>\n","protected":false},"excerpt":{"rendered":"<p>Le crociere viaggi di nozze in Sudamerica ti portano in luoghi di incredibile fascino dove potrai trascorrere una luna di miele indimenticabile, su una nave dotata di tutti i comfort e con la possibilit\u00e0 di visitare localit\u00e0 da sogno. Dall&#8217;Italia potrai prendere un volo per il Sud America e da l\u00ec imbarcarti sulle nostre navi <a class=\"moretag\" href=\"https:\/\/crociere.evolutiontravel.it\/infovacanze\/nozze\/america-del-sud\/\">[&#8230;]<\/a><\/p>\n","protected":false},"author":1,"featured_media":0,"parent":154,"menu_order":0,"comment_status":"closed","ping_status":"open","template":"","meta":{"footnotes":""},"yoast_head":"<!-- This site is optimized with the Yoast SEO plugin v21.9.1 - https:\/\/yoast.com\/wordpress\/plugins\/seo\/ -->\n<title>Crociere Viaggi di Nozze America del Sud - Offerte Crociere Viaggi di Nozze Sud America<\/title>\n<meta name=\"description\" content=\"crociere viaggi di nozze sudamerica, crociere viaggi di nozze last minute America del Sud, crociere viaggi di nozze Sud America, offerte crociere viaggi di nozze America del Sud, Crociere Brasile, Crociere Argentina, Crociere Uruguay\" \/>\n<meta name=\"robots\" content=\"index, follow, max-snippet:-1, max-image-preview:large, max-video-preview:-1\" \/>\n<link rel=\"canonical\" href=\"https:\/\/crociere.evolutiontravel.it\/infovacanze\/nozze\/america-del-sud\/\" \/>\n<meta name=\"twitter:label1\" content=\"Tempo di lettura stimato\" \/>\n\t<meta name=\"twitter:data1\" content=\"1 minuto\" \/>\n<script type=\"application\/ld+json\" class=\"yoast-schema-graph\">{\"@context\":\"https:\/\/schema.org\",\"@graph\":[{\"@type\":\"WebPage\",\"@id\":\"https:\/\/crociere.evolutiontravel.it\/infovacanze\/nozze\/america-del-sud\/\",\"url\":\"https:\/\/crociere.evolutiontravel.it\/infovacanze\/nozze\/america-del-sud\/\",\"name\":\"Crociere Viaggi di Nozze America del Sud - Offerte Crociere Viaggi di Nozze Sud America\",\"isPartOf\":{\"@id\":\"https:\/\/crociere.evolutiontravel.it\/infovacanze\/#website\"},\"datePublished\":\"2013-08-13T16:51:19+00:00\",\"dateModified\":\"2014-01-06T15:43:15+00:00\",\"description\":\"crociere viaggi di nozze sudamerica, crociere viaggi di nozze last minute America del Sud, crociere viaggi di nozze Sud America, offerte crociere viaggi di nozze America del Sud, Crociere Brasile, Crociere Argentina, Crociere Uruguay\",\"breadcrumb\":{\"@id\":\"https:\/\/crociere.evolutiontravel.it\/infovacanze\/nozze\/america-del-sud\/#breadcrumb\"},\"inLanguage\":\"it-IT\",\"potentialAction\":[{\"@type\":\"ReadAction\",\"target\":[\"https:\/\/crociere.evolutiontravel.it\/infovacanze\/nozze\/america-del-sud\/\"]}]},{\"@type\":\"BreadcrumbList\",\"@id\":\"https:\/\/crociere.evolutiontravel.it\/infovacanze\/nozze\/america-del-sud\/#breadcrumb\",\"itemListElement\":[{\"@type\":\"ListItem\",\"position\":1,\"name\":\"Viaggi di Nozze\",\"item\":\"https:\/\/crociere.evolutiontravel.it\/infovacanze\/nozze\/\"},{\"@type\":\"ListItem\",\"position\":2,\"name\":\"America del Sud\"}]},{\"@type\":\"WebSite\",\"@id\":\"https:\/\/crociere.evolutiontravel.it\/infovacanze\/#website\",\"url\":\"https:\/\/crociere.evolutiontravel.it\/infovacanze\/\",\"name\":\"Crociere\",\"description\":\"\",\"potentialAction\":[{\"@type\":\"SearchAction\",\"target\":{\"@type\":\"EntryPoint\",\"urlTemplate\":\"https:\/\/crociere.evolutiontravel.it\/infovacanze\/?s={search_term_string}\"},\"query-input\":\"required name=search_term_string\"}],\"inLanguage\":\"it-IT\"}]}<\/script>\n<!-- \/ Yoast SEO plugin. -->","yoast_head_json":{"title":"Crociere Viaggi di Nozze America del Sud - Offerte Crociere Viaggi di Nozze Sud America","description":"crociere viaggi di nozze sudamerica, crociere viaggi di nozze last minute America del Sud, crociere viaggi di nozze Sud America, offerte crociere viaggi di nozze America del Sud, Crociere Brasile, Crociere Argentina, Crociere Uruguay","robots":{"index":"index","follow":"follow","max-snippet":"max-snippet:-1","max-image-preview":"max-image-preview:large","max-video-preview":"max-video-preview:-1"},"canonical":"https:\/\/crociere.evolutiontravel.it\/infovacanze\/nozze\/america-del-sud\/","twitter_misc":{"Tempo di lettura stimato":"1 minuto"},"schema":{"@context":"https:\/\/schema.org","@graph":[{"@type":"WebPage","@id":"https:\/\/crociere.evolutiontravel.it\/infovacanze\/nozze\/america-del-sud\/","url":"https:\/\/crociere.evolutiontravel.it\/infovacanze\/nozze\/america-del-sud\/","name":"Crociere Viaggi di Nozze America del Sud - Offerte Crociere Viaggi di Nozze Sud America","isPartOf":{"@id":"https:\/\/crociere.evolutiontravel.it\/infovacanze\/#website"},"datePublished":"2013-08-13T16:51:19+00:00","dateModified":"2014-01-06T15:43:15+00:00","description":"crociere viaggi di nozze sudamerica, crociere viaggi di nozze last minute America del Sud, crociere viaggi di nozze Sud America, offerte crociere viaggi di nozze America del Sud, Crociere Brasile, Crociere Argentina, Crociere Uruguay","breadcrumb":{"@id":"https:\/\/crociere.evolutiontravel.it\/infovacanze\/nozze\/america-del-sud\/#breadcrumb"},"inLanguage":"it-IT","potentialAction":[{"@type":"ReadAction","target":["https:\/\/crociere.evolutiontravel.it\/infovacanze\/nozze\/america-del-sud\/"]}]},{"@type":"BreadcrumbList","@id":"https:\/\/crociere.evolutiontravel.it\/infovacanze\/nozze\/america-del-sud\/#breadcrumb","itemListElement":[{"@type":"ListItem","position":1,"name":"Viaggi di Nozze","item":"https:\/\/crociere.evolutiontravel.it\/infovacanze\/nozze\/"},{"@type":"ListItem","position":2,"name":"America del Sud"}]},{"@type":"WebSite","@id":"https:\/\/crociere.evolutiontravel.it\/infovacanze\/#website","url":"https:\/\/crociere.evolutiontravel.it\/infovacanze\/","name":"Crociere","description":"","potentialAction":[{"@type":"SearchAction","target":{"@type":"EntryPoint","urlTemplate":"https:\/\/crociere.evolutiontravel.it\/infovacanze\/?s={search_term_string}"},"query-input":"required name=search_term_string"}],"inLanguage":"it-IT"}]}},"_links":{"self":[{"href":"https:\/\/crociere.evolutiontravel.it\/infovacanze\/wp-json\/wp\/v2\/pages\/174"}],"collection":[{"href":"https:\/\/crociere.evolutiontravel.it\/infovacanze\/wp-json\/wp\/v2\/pages"}],"about":[{"href":"https:\/\/crociere.evolutiontravel.it\/infovacanze\/wp-json\/wp\/v2\/types\/page"}],"author":[{"embeddable":true,"href":"https:\/\/crociere.evolutiontravel.it\/infovacanze\/wp-json\/wp\/v2\/users\/1"}],"replies":[{"embeddable":true,"href":"https:\/\/crociere.evolutiontravel.it\/infovacanze\/wp-json\/wp\/v2\/comments?post=174"}],"version-history":[{"count":3,"href":"https:\/\/crociere.evolutiontravel.it\/infovacanze\/wp-json\/wp\/v2\/pages\/174\/revisions"}],"predecessor-version":[{"id":615,"href":"https:\/\/crociere.evolutiontravel.it\/infovacanze\/wp-json\/wp\/v2\/pages\/174\/revisions\/615"}],"up":[{"embeddable":true,"href":"https:\/\/crociere.evolutiontravel.it\/infovacanze\/wp-json\/wp\/v2\/pages\/154"}],"wp:attachment":[{"href":"https:\/\/crociere.evolutiontravel.it\/infovacanze\/wp-json\/wp\/v2\/media?parent=174"}],"curies":[{"name":"wp","href":"https:\/\/api.w.org\/{rel}","templated":true}]}}