{"id":21,"date":"2013-08-13T15:26:30","date_gmt":"2013-08-13T13:26:30","guid":{"rendered":"http:\/\/crociere.evolutiontravel.it\/infovacanze\/?page_id=21"},"modified":"2014-01-06T16:24:30","modified_gmt":"2014-01-06T15:24:30","slug":"spagna","status":"publish","type":"page","link":"https:\/\/crociere.evolutiontravel.it\/infovacanze\/destinazioni\/spagna\/","title":{"rendered":"Spagna"},"content":{"rendered":"<p>Sali a bordo di una delle navi per crociere in Spagna, toccherai i porti pi\u00f9 belli del Sud della Spagna. Le crociere in Spagna offrono la possibilit\u00e0 di fare scalo in citt\u00e0 come Siviglia e Valencia, meta obbligata di una crociera in Spagna. Vivi la movida nei porti in cui far\u00e0 scalo la crociera in Spagna, e respira una volta tornato a bordo la magica atmosfera delle crociere Spagna.<\/p>\n<p>Come sai gi\u00e0, la Spagna \u00e8 l&#8217;ideale per vacanze e crociere, visto che unisce mirabilmente divertimento, cultura, natura, per accontentare i gusti di tutti. Le offerte per le crociere Spagna ti permettono di scegliere tra una vasta gamma di proposte. Leggi sotto e trova l&#8217;offerta crociera Spagna che fa per te.<\/p>\n<p><strong>offerte crociere Spagna single:<\/strong><br \/>\nquale destinazione migliore per trovare l&#8217;anima gemella? E con il comfort e il divertimento di una crociera per single in Spagna troverai mille occasioni di incontrare persone nuove. Le crociere per single in Spagna sono molto richieste, non aspettare, prenota subito!<\/p>\n<p><strong>offerte crociere Spagna per famiglie:<\/strong><br \/>\ncon tutta la famiglia su e gi\u00f9 per il Mediterraneo con l&#8217;offerta crociera Spagna da te scelta. Non farti sfuggire l&#8217;occasione di trascorrere tempo con i tuoi cari con una delle crociere in Spagna!<\/p>\n<p><strong>offerte crociere Spagna last minute:<\/strong><br \/>\ni last minute sono in costante crescita. Perch\u00e8 quindi non scegliere una delle offerte last minute crociere Spagna? Prenota all&#8217;ultimo e goditi tutta la tua crociera last minute Spagna.<\/p>\n<p>Questa pagina \u00e8 dedicata a: Crociere Spagna, crociere last minute Spagna, mini crociere Spagna, offerte crociere Spagna, crociere per single Spagna, crociere barca a vela Spagna<\/p>\n","protected":false},"excerpt":{"rendered":"<p>Sali a bordo di una delle navi per crociere in Spagna, toccherai i porti pi\u00f9 belli del Sud della Spagna. Le crociere in Spagna offrono la possibilit\u00e0 di fare scalo in citt\u00e0 come Siviglia e Valencia, meta obbligata di una crociera in Spagna. Vivi la movida nei porti in cui far\u00e0 scalo la crociera in <a class=\"moretag\" href=\"https:\/\/crociere.evolutiontravel.it\/infovacanze\/destinazioni\/spagna\/\">[&#8230;]<\/a><\/p>\n","protected":false},"author":1,"featured_media":0,"parent":12,"menu_order":0,"comment_status":"closed","ping_status":"open","template":"","meta":{"footnotes":""},"yoast_head":"<!-- This site is optimized with the Yoast SEO plugin v21.9.1 - https:\/\/yoast.com\/wordpress\/plugins\/seo\/ -->\n<title>Crociere Spagna - Vacanze in crociera in Spagna - Spagna crociere offerte - crociere last minute Spagna- msc crociere Spagna<\/title>\n<meta name=\"description\" content=\"Crociere Spagna: Offerte Per Crociere Spagna, Vacanze in Crociera in Spagna, Prenota Ora Le Tue Crociere E Parti in Crociera in Spagna. Crociere Spagna, Crociere Last minute Spagna\" \/>\n<meta name=\"robots\" content=\"index, follow, max-snippet:-1, max-image-preview:large, max-video-preview:-1\" \/>\n<link rel=\"canonical\" href=\"https:\/\/crociere.evolutiontravel.it\/infovacanze\/destinazioni\/spagna\/\" \/>\n<meta name=\"twitter:label1\" content=\"Tempo di lettura stimato\" \/>\n\t<meta name=\"twitter:data1\" content=\"1 minuto\" \/>\n<script type=\"application\/ld+json\" class=\"yoast-schema-graph\">{\"@context\":\"https:\/\/schema.org\",\"@graph\":[{\"@type\":\"WebPage\",\"@id\":\"https:\/\/crociere.evolutiontravel.it\/infovacanze\/destinazioni\/spagna\/\",\"url\":\"https:\/\/crociere.evolutiontravel.it\/infovacanze\/destinazioni\/spagna\/\",\"name\":\"Crociere Spagna - Vacanze in crociera in Spagna - Spagna crociere offerte - crociere last minute Spagna- msc crociere Spagna\",\"isPartOf\":{\"@id\":\"https:\/\/crociere.evolutiontravel.it\/infovacanze\/#website\"},\"datePublished\":\"2013-08-13T13:26:30+00:00\",\"dateModified\":\"2014-01-06T15:24:30+00:00\",\"description\":\"Crociere Spagna: Offerte Per Crociere Spagna, Vacanze in Crociera in Spagna, Prenota Ora Le Tue Crociere E Parti in Crociera in Spagna. Crociere Spagna, Crociere Last minute Spagna\",\"breadcrumb\":{\"@id\":\"https:\/\/crociere.evolutiontravel.it\/infovacanze\/destinazioni\/spagna\/#breadcrumb\"},\"inLanguage\":\"it-IT\",\"potentialAction\":[{\"@type\":\"ReadAction\",\"target\":[\"https:\/\/crociere.evolutiontravel.it\/infovacanze\/destinazioni\/spagna\/\"]}]},{\"@type\":\"BreadcrumbList\",\"@id\":\"https:\/\/crociere.evolutiontravel.it\/infovacanze\/destinazioni\/spagna\/#breadcrumb\",\"itemListElement\":[{\"@type\":\"ListItem\",\"position\":1,\"name\":\"Destinazioni\",\"item\":\"https:\/\/crociere.evolutiontravel.it\/infovacanze\/destinazioni\/\"},{\"@type\":\"ListItem\",\"position\":2,\"name\":\"Spagna\"}]},{\"@type\":\"WebSite\",\"@id\":\"https:\/\/crociere.evolutiontravel.it\/infovacanze\/#website\",\"url\":\"https:\/\/crociere.evolutiontravel.it\/infovacanze\/\",\"name\":\"Crociere\",\"description\":\"\",\"potentialAction\":[{\"@type\":\"SearchAction\",\"target\":{\"@type\":\"EntryPoint\",\"urlTemplate\":\"https:\/\/crociere.evolutiontravel.it\/infovacanze\/?s={search_term_string}\"},\"query-input\":\"required name=search_term_string\"}],\"inLanguage\":\"it-IT\"}]}<\/script>\n<!-- \/ Yoast SEO plugin. -->","yoast_head_json":{"title":"Crociere Spagna - Vacanze in crociera in Spagna - Spagna crociere offerte - crociere last minute Spagna- msc crociere Spagna","description":"Crociere Spagna: Offerte Per Crociere Spagna, Vacanze in Crociera in Spagna, Prenota Ora Le Tue Crociere E Parti in Crociera in Spagna. Crociere Spagna, Crociere Last minute Spagna","robots":{"index":"index","follow":"follow","max-snippet":"max-snippet:-1","max-image-preview":"max-image-preview:large","max-video-preview":"max-video-preview:-1"},"canonical":"https:\/\/crociere.evolutiontravel.it\/infovacanze\/destinazioni\/spagna\/","twitter_misc":{"Tempo di lettura stimato":"1 minuto"},"schema":{"@context":"https:\/\/schema.org","@graph":[{"@type":"WebPage","@id":"https:\/\/crociere.evolutiontravel.it\/infovacanze\/destinazioni\/spagna\/","url":"https:\/\/crociere.evolutiontravel.it\/infovacanze\/destinazioni\/spagna\/","name":"Crociere Spagna - Vacanze in crociera in Spagna - Spagna crociere offerte - crociere last minute Spagna- msc crociere Spagna","isPartOf":{"@id":"https:\/\/crociere.evolutiontravel.it\/infovacanze\/#website"},"datePublished":"2013-08-13T13:26:30+00:00","dateModified":"2014-01-06T15:24:30+00:00","description":"Crociere Spagna: Offerte Per Crociere Spagna, Vacanze in Crociera in Spagna, Prenota Ora Le Tue Crociere E Parti in Crociera in Spagna. Crociere Spagna, Crociere Last minute Spagna","breadcrumb":{"@id":"https:\/\/crociere.evolutiontravel.it\/infovacanze\/destinazioni\/spagna\/#breadcrumb"},"inLanguage":"it-IT","potentialAction":[{"@type":"ReadAction","target":["https:\/\/crociere.evolutiontravel.it\/infovacanze\/destinazioni\/spagna\/"]}]},{"@type":"BreadcrumbList","@id":"https:\/\/crociere.evolutiontravel.it\/infovacanze\/destinazioni\/spagna\/#breadcrumb","itemListElement":[{"@type":"ListItem","position":1,"name":"Destinazioni","item":"https:\/\/crociere.evolutiontravel.it\/infovacanze\/destinazioni\/"},{"@type":"ListItem","position":2,"name":"Spagna"}]},{"@type":"WebSite","@id":"https:\/\/crociere.evolutiontravel.it\/infovacanze\/#website","url":"https:\/\/crociere.evolutiontravel.it\/infovacanze\/","name":"Crociere","description":"","potentialAction":[{"@type":"SearchAction","target":{"@type":"EntryPoint","urlTemplate":"https:\/\/crociere.evolutiontravel.it\/infovacanze\/?s={search_term_string}"},"query-input":"required name=search_term_string"}],"inLanguage":"it-IT"}]}},"_links":{"self":[{"href":"https:\/\/crociere.evolutiontravel.it\/infovacanze\/wp-json\/wp\/v2\/pages\/21"}],"collection":[{"href":"https:\/\/crociere.evolutiontravel.it\/infovacanze\/wp-json\/wp\/v2\/pages"}],"about":[{"href":"https:\/\/crociere.evolutiontravel.it\/infovacanze\/wp-json\/wp\/v2\/types\/page"}],"author":[{"embeddable":true,"href":"https:\/\/crociere.evolutiontravel.it\/infovacanze\/wp-json\/wp\/v2\/users\/1"}],"replies":[{"embeddable":true,"href":"https:\/\/crociere.evolutiontravel.it\/infovacanze\/wp-json\/wp\/v2\/comments?post=21"}],"version-history":[{"count":3,"href":"https:\/\/crociere.evolutiontravel.it\/infovacanze\/wp-json\/wp\/v2\/pages\/21\/revisions"}],"predecessor-version":[{"id":573,"href":"https:\/\/crociere.evolutiontravel.it\/infovacanze\/wp-json\/wp\/v2\/pages\/21\/revisions\/573"}],"up":[{"embeddable":true,"href":"https:\/\/crociere.evolutiontravel.it\/infovacanze\/wp-json\/wp\/v2\/pages\/12"}],"wp:attachment":[{"href":"https:\/\/crociere.evolutiontravel.it\/infovacanze\/wp-json\/wp\/v2\/media?parent=21"}],"curies":[{"name":"wp","href":"https:\/\/api.w.org\/{rel}","templated":true}]}}