{"id":216,"date":"2013-08-14T16:19:59","date_gmt":"2013-08-14T14:19:59","guid":{"rendered":"http:\/\/crociere.evolutiontravel.it\/infovacanze\/?page_id=216"},"modified":"2016-06-15T15:15:17","modified_gmt":"2016-06-15T13:15:17","slug":"nord-europa","status":"publish","type":"page","link":"https:\/\/crociere.evolutiontravel.it\/infovacanze\/crociere-single\/nord-europa\/","title":{"rendered":"Nord Europa"},"content":{"rendered":"<p style=\"text-align: justify\">Se vuoi provare una\u00a0<strong>vacanza insolita\u00a0<\/strong>e\u00a0<strong>divertente<\/strong>\u00a0e non hai paura di provare le novit\u00e0, allora scegli le\u00a0<strong>crociere per single in Nord Europa<\/strong>. Un modo alternativo di viaggiare che ti regaler\u00e0 tante emozioni e la possibilit\u00e0 di socializzare a bordo di navi degne di ogni\u00a0<strong>comfort<\/strong>. Lasiati trasportate dall&#8217;<strong>eleganza<\/strong>\u00a0e dal\u00a0<strong>lusso<\/strong>\u00a0che caratterizza le\u00a0<strong>navi da crociera\u00a0<\/strong>e pensa solo a divertirti e a rilassarti: a tutto il resto ci penser\u00e0 qualcun&#8217;altro.<\/p>\n<p style=\"text-align: justify\">Le crociere per single in Nord Europa sono un&#8217;occasione unica per visitare posti nuovi ed affascinanti e contemporaneamente stringere nuove<strong>amicizie<\/strong>\u00a0o, chiss\u00e0, trovare la persona giusta. Le occasioni per fare<strong>\u00a0nuove conoscenze<\/strong>\u00a0non mancheranno. Oltre all&#8217;<strong>animazione specializzata<\/strong>\u00a0l&#8217;intera nave \u00e8 fatta per essere una sorta di grande resort galleggiante dove scambiare quattro chiacchiere in tranquillit\u00e0.<\/p>\n<p style=\"text-align: justify\">C&#8217;\u00e8 la\u00a0<strong>palestra<\/strong>\u00a0dove, tra un esercizio e l&#8217;altro, sar\u00e0 facile stringere amicizia cos\u00ec come lo sar\u00e0 nella<strong>Spa<\/strong>: tra un massaggio, un trattamento e una sauna chi non conoscerebbe gente?<br \/>\nDurante il giorno potrete rilassarvi e prepararvi alla sera con tutti i suoi divertimenti. Infinite le opzioni.<br \/>\nC&#8217;\u00e8 il\u00a0<strong>teatro<\/strong>\u00a0dove ogni sera lo spettacolo \u00e8 diverso tra commedie, musical e tanto altro ancora; c&#8217;\u00e8 il<strong>cinema<\/strong>\u00a0o il\u00a0<strong>casin\u00f2<\/strong>\u00a0dove tentare la fortuna o ancora la\u00a0<strong>discoteca<\/strong>\u00a0dove conoscere persone nuove sar\u00e0 ancora pi\u00f9 semplice.<\/p>\n<p style=\"text-align: justify\">Se volete ritrovarvi a trascorrere una vacanza in dolce compagnia, le crociere per single in Nord Europa sono quello che fa per voi. Un team di<strong>professionisti<\/strong>\u00a0sapr\u00e0 organizzare momenti ludici ad hoc per favorire nuove conoscenze tra tutte quelle persone costrette per svariati motivi a viaggiare da sole. Una modalit\u00e0 di viaggio adatta anche per i pi\u00f9 timidi: attraverso<strong>serate a tema<\/strong>\u00a0sar\u00e0 infatti pi\u00f9 semplice parlare con gli altri passeggeri e ritrovarsi a dividere un viaggio indimenticabile.<\/p>\n<p style=\"text-align: justify\">Spingetevi dove non vi siete mai spinti e prenotate una delle tante crociere per single in Nord Europa: accompagnati da un team di esperti potrete coniugare la possibilit\u00e0 di visitare luoghi lontani da una prospettiva totalmente diversa. Immaginate i\u00a0<strong>fiordi<\/strong>, la natura incontaminata, le cime innevate ed i panorami da cartolina.<br \/>\nPotrete toccare citt\u00e0 come\u00a0<strong>Copenaghen<\/strong>\u00a0con la sua atmosfera fiabesca,\u00a0<strong>Oslo<\/strong>, il mercato del pesce di\u00a0<strong>Bergen<\/strong>,\u00a0<strong>Stavanger<\/strong>,\u00a0<strong>Hellesylt<\/strong>\u00a0e\u00a0<strong>Geiranger<\/strong>\u00a0con i loro laghi giacciati di un blu profondo. A fare da padrone \u00e8 una natura prorompente che vi ammalier\u00e0.<\/p>\n<p style=\"text-align: justify\">Immaginate come potrebbe essere romantico conoscere qualcuno durante le crociere per single in Nord Europa e non si tratta solo della persona giusta. A bordo di queste navi potreste trovare l&#8217;amico o l&#8217;amica che fa per voi. Volendo potreste anche scegliere di viaggiare in\u00a0<strong>cabina doppia<\/strong>\u00a0risparmiando qualcosa: basta chiederlo al momento della prenotazione e vi riroverete con un compagno di viaggio con il quale stringere un forte legame d&#8217;amicizia tra una\u00a0<strong>capitale nordica<\/strong>\u00a0e l&#8217;altra.<\/p>\n","protected":false},"excerpt":{"rendered":"<p>Se vuoi provare una\u00a0vacanza insolita\u00a0e\u00a0divertente\u00a0e non hai paura di provare le novit\u00e0, allora scegli le\u00a0crociere per single in Nord Europa. Un modo alternativo di viaggiare che ti regaler\u00e0 tante emozioni e la possibilit\u00e0 di socializzare a bordo di navi degne di ogni\u00a0comfort. Lasiati trasportate dall&#8217;eleganza\u00a0e dal\u00a0lusso\u00a0che caratterizza le\u00a0navi da crociera\u00a0e pensa solo a divertirti e <a class=\"moretag\" href=\"https:\/\/crociere.evolutiontravel.it\/infovacanze\/crociere-single\/nord-europa\/\">[&#8230;]<\/a><\/p>\n","protected":false},"author":1,"featured_media":0,"parent":202,"menu_order":0,"comment_status":"closed","ping_status":"open","template":"templates\/template-with-right-sidebar.php","meta":{"footnotes":""},"yoast_head":"<!-- This site is optimized with the Yoast SEO plugin v21.9.1 - https:\/\/yoast.com\/wordpress\/plugins\/seo\/ -->\n<title>Le crociere per single in Nord Europa: conoscere gente nuova ed esplorare una natura meravigliosa<\/title>\n<meta name=\"description\" content=\"Le crociere per single in Nord Europa sono l\u00ecoccasione giusta per voi. Conoscerete tanta gente nuova accompagnati da uno staff d&#039;animazione specializzata e contemporaneamente visiterete luoghi incantevoli e magici.\" \/>\n<meta name=\"robots\" content=\"index, follow, max-snippet:-1, max-image-preview:large, max-video-preview:-1\" \/>\n<link rel=\"canonical\" href=\"https:\/\/crociere.evolutiontravel.it\/infovacanze\/crociere-single\/nord-europa\/\" \/>\n<meta name=\"twitter:label1\" content=\"Tempo di lettura stimato\" \/>\n\t<meta name=\"twitter:data1\" content=\"2 minuti\" \/>\n<script type=\"application\/ld+json\" class=\"yoast-schema-graph\">{\"@context\":\"https:\/\/schema.org\",\"@graph\":[{\"@type\":\"WebPage\",\"@id\":\"https:\/\/crociere.evolutiontravel.it\/infovacanze\/crociere-single\/nord-europa\/\",\"url\":\"https:\/\/crociere.evolutiontravel.it\/infovacanze\/crociere-single\/nord-europa\/\",\"name\":\"Le crociere per single in Nord Europa: conoscere gente nuova ed esplorare una natura meravigliosa\",\"isPartOf\":{\"@id\":\"https:\/\/crociere.evolutiontravel.it\/infovacanze\/#website\"},\"datePublished\":\"2013-08-14T14:19:59+00:00\",\"dateModified\":\"2016-06-15T13:15:17+00:00\",\"description\":\"Le crociere per single in Nord Europa sono l\u00ecoccasione giusta per voi. Conoscerete tanta gente nuova accompagnati da uno staff d'animazione specializzata e contemporaneamente visiterete luoghi incantevoli e magici.\",\"breadcrumb\":{\"@id\":\"https:\/\/crociere.evolutiontravel.it\/infovacanze\/crociere-single\/nord-europa\/#breadcrumb\"},\"inLanguage\":\"it-IT\",\"potentialAction\":[{\"@type\":\"ReadAction\",\"target\":[\"https:\/\/crociere.evolutiontravel.it\/infovacanze\/crociere-single\/nord-europa\/\"]}]},{\"@type\":\"BreadcrumbList\",\"@id\":\"https:\/\/crociere.evolutiontravel.it\/infovacanze\/crociere-single\/nord-europa\/#breadcrumb\",\"itemListElement\":[{\"@type\":\"ListItem\",\"position\":1,\"name\":\"Crociere Single\",\"item\":\"https:\/\/crociere.evolutiontravel.it\/infovacanze\/crociere-single\/\"},{\"@type\":\"ListItem\",\"position\":2,\"name\":\"Nord Europa\"}]},{\"@type\":\"WebSite\",\"@id\":\"https:\/\/crociere.evolutiontravel.it\/infovacanze\/#website\",\"url\":\"https:\/\/crociere.evolutiontravel.it\/infovacanze\/\",\"name\":\"Crociere\",\"description\":\"\",\"potentialAction\":[{\"@type\":\"SearchAction\",\"target\":{\"@type\":\"EntryPoint\",\"urlTemplate\":\"https:\/\/crociere.evolutiontravel.it\/infovacanze\/?s={search_term_string}\"},\"query-input\":\"required name=search_term_string\"}],\"inLanguage\":\"it-IT\"}]}<\/script>\n<!-- \/ Yoast SEO plugin. -->","yoast_head_json":{"title":"Le crociere per single in Nord Europa: conoscere gente nuova ed esplorare una natura meravigliosa","description":"Le crociere per single in Nord Europa sono l\u00ecoccasione giusta per voi. Conoscerete tanta gente nuova accompagnati da uno staff d'animazione specializzata e contemporaneamente visiterete luoghi incantevoli e magici.","robots":{"index":"index","follow":"follow","max-snippet":"max-snippet:-1","max-image-preview":"max-image-preview:large","max-video-preview":"max-video-preview:-1"},"canonical":"https:\/\/crociere.evolutiontravel.it\/infovacanze\/crociere-single\/nord-europa\/","twitter_misc":{"Tempo di lettura stimato":"2 minuti"},"schema":{"@context":"https:\/\/schema.org","@graph":[{"@type":"WebPage","@id":"https:\/\/crociere.evolutiontravel.it\/infovacanze\/crociere-single\/nord-europa\/","url":"https:\/\/crociere.evolutiontravel.it\/infovacanze\/crociere-single\/nord-europa\/","name":"Le crociere per single in Nord Europa: conoscere gente nuova ed esplorare una natura meravigliosa","isPartOf":{"@id":"https:\/\/crociere.evolutiontravel.it\/infovacanze\/#website"},"datePublished":"2013-08-14T14:19:59+00:00","dateModified":"2016-06-15T13:15:17+00:00","description":"Le crociere per single in Nord Europa sono l\u00ecoccasione giusta per voi. Conoscerete tanta gente nuova accompagnati da uno staff d'animazione specializzata e contemporaneamente visiterete luoghi incantevoli e magici.","breadcrumb":{"@id":"https:\/\/crociere.evolutiontravel.it\/infovacanze\/crociere-single\/nord-europa\/#breadcrumb"},"inLanguage":"it-IT","potentialAction":[{"@type":"ReadAction","target":["https:\/\/crociere.evolutiontravel.it\/infovacanze\/crociere-single\/nord-europa\/"]}]},{"@type":"BreadcrumbList","@id":"https:\/\/crociere.evolutiontravel.it\/infovacanze\/crociere-single\/nord-europa\/#breadcrumb","itemListElement":[{"@type":"ListItem","position":1,"name":"Crociere Single","item":"https:\/\/crociere.evolutiontravel.it\/infovacanze\/crociere-single\/"},{"@type":"ListItem","position":2,"name":"Nord Europa"}]},{"@type":"WebSite","@id":"https:\/\/crociere.evolutiontravel.it\/infovacanze\/#website","url":"https:\/\/crociere.evolutiontravel.it\/infovacanze\/","name":"Crociere","description":"","potentialAction":[{"@type":"SearchAction","target":{"@type":"EntryPoint","urlTemplate":"https:\/\/crociere.evolutiontravel.it\/infovacanze\/?s={search_term_string}"},"query-input":"required name=search_term_string"}],"inLanguage":"it-IT"}]}},"_links":{"self":[{"href":"https:\/\/crociere.evolutiontravel.it\/infovacanze\/wp-json\/wp\/v2\/pages\/216"}],"collection":[{"href":"https:\/\/crociere.evolutiontravel.it\/infovacanze\/wp-json\/wp\/v2\/pages"}],"about":[{"href":"https:\/\/crociere.evolutiontravel.it\/infovacanze\/wp-json\/wp\/v2\/types\/page"}],"author":[{"embeddable":true,"href":"https:\/\/crociere.evolutiontravel.it\/infovacanze\/wp-json\/wp\/v2\/users\/1"}],"replies":[{"embeddable":true,"href":"https:\/\/crociere.evolutiontravel.it\/infovacanze\/wp-json\/wp\/v2\/comments?post=216"}],"version-history":[{"count":4,"href":"https:\/\/crociere.evolutiontravel.it\/infovacanze\/wp-json\/wp\/v2\/pages\/216\/revisions"}],"predecessor-version":[{"id":723,"href":"https:\/\/crociere.evolutiontravel.it\/infovacanze\/wp-json\/wp\/v2\/pages\/216\/revisions\/723"}],"up":[{"embeddable":true,"href":"https:\/\/crociere.evolutiontravel.it\/infovacanze\/wp-json\/wp\/v2\/pages\/202"}],"wp:attachment":[{"href":"https:\/\/crociere.evolutiontravel.it\/infovacanze\/wp-json\/wp\/v2\/media?parent=216"}],"curies":[{"name":"wp","href":"https:\/\/api.w.org\/{rel}","templated":true}]}}