{"id":220,"date":"2013-08-14T16:23:52","date_gmt":"2013-08-14T14:23:52","guid":{"rendered":"http:\/\/crociere.evolutiontravel.it\/infovacanze\/?page_id=220"},"modified":"2014-01-02T11:42:59","modified_gmt":"2014-01-02T10:42:59","slug":"mediterraneo-carnival","status":"publish","type":"page","link":"https:\/\/crociere.evolutiontravel.it\/infovacanze\/crociere-single\/mediterraneo-carnival\/","title":{"rendered":"Mediterraneo Carnival"},"content":{"rendered":"<p><strong>Le crociere<\/strong>\u00a0nel\u00a0<strong>Mediterraneo<\/strong>\u00a0<strong>Carnival<\/strong>\u00a0sono l&#8217;occasione per visitare le pi\u00f9 belle citt\u00e0 europee e non a bordo di navi degne di ogni comfort. Se sei\u00a0<strong>single<\/strong>\u00a0e stai cercando la tua prossima vacanza, scegli una crociera. Con grande comodit\u00e0 potrai trascorrere i tuoi giorni viaggiando comodamente e scoprendo luoghi incantevoli in compagnia di tanti nuovi amici.<\/p>\n<p>I single italiani hanno dimostrato infatti che le crociere nel Mediterraneo sono la tipologia di vacanza prediletta per svariati motivi. Uno su tutti? Non ci si deve preoccupare di partire da soli. A bordo infatti \u00e8 molto semplice stringere nuove\u00a0<strong>amicizie<\/strong>, grazie anche all&#8217;<strong>animazione<\/strong>\u00a0che favorisce momenti di scambio tra i passeggeri.<\/p>\n<p>Ci sono i\u00a0<strong>corsi di ballo<\/strong>, i karaoke, gli spettacoli musicali, il cinema, il\u00a0<strong>teatro<\/strong>\u00a0e anche le sale da gioco dove sfidarsi nei giochi delle vostre console preferite. Le occasioni per conoscere uomini e donne non mancheranno. A bordo delle navi Carnival tutto sar\u00e0 l\u00ec per voi, per il vostro\u00a0<strong>relax<\/strong>\u00a0e per il vostro divertimento.<\/p>\n<p>I porti di imbarco per le crociere Carnival nel Mediterraneo sono<strong>Civitavecchia<\/strong>,\u00a0<strong>Venezia<\/strong>\u00a0o\u00a0<strong>Barcellona<\/strong>. Da queste tre magnifiche citt\u00e0 del Mare Nostrum potrete iniziare il vostro viaggio in compagnia di altri single come voi.<\/p>\n<p>Un esempio di crociera che potrete scegliere? Una tredici giorni di navigazione che vi far\u00e0 toccare luoghi indimenticabili. Partendo da Venezia arriverete poi in Croazia, a\u00a0<strong>Dubrovnik<\/strong>. Il quarto giorno toccherete la Grecia,\u00a0<strong>Atene<\/strong>, poi\u00a0<strong>Izmir<\/strong>\u00a0e via verso l&#8217;Italia e la sua Sicilia. Toccherete il porto di\u00a0<strong>Messina<\/strong>\u00a0per poi dirigervi in Sardegna, ad\u00a0<strong>Olbia<\/strong>. Il nono giorno arriverete a\u00a0<strong>Roma<\/strong>\u00a0per poi proseguire verso\u00a0<strong>Livorno<\/strong>\u00a0e via ancora a<strong>Monaco<\/strong>. Le ultime due tappe saranno\u00a0<strong>Marsiglia<\/strong>\u00a0e infine\u00a0<strong>Barcellona<\/strong>\u00a0per un tour eccezionale che non dimenticherete facilmente.<\/p>\n<p>E tra un porto e l&#8217;altro le crociere nel Mediterraneo Carnival permetteranno ai single a bordo di stringere amicizia e anche trovare il\u00a0<strong>partner<\/strong>\u00a0ideale. Chi invece preferisce godersi in pace la propria vacanza pu\u00f2 farlo senza ulteriori pressione. Informatevi presso i\u00a0<strong>tour<\/strong>\u00a0<strong>operator<\/strong>\u00a0specializzati o chiedete al personale della vostra agenzia di viaggi di fiducia se a bordo \u00e8 prevista un&#8217;animazione specifica dedicata ai single ed il gioco \u00e8 fatto. Uno staff specializzato organizzer\u00e0 attivit\u00e0 di\u00a0<strong>intrattenimento<\/strong>\u00a0volti a favorire la conoscenza tra i partecipanti.<\/p>\n<p>Indimenticabile la vita di bordo per tutti coloro che vogliono sfruttare a pieno il loro viaggio. Le crociere per il Mediterrano Carnival offriranno a tutti i single il piacere di soggiornare in una sorta di paese galleggiante dove trascorrere giornate senza annoiarsi mai. Negozi a bordo dove fare un po&#8217; di\u00a0<strong>shopping<\/strong>, biblioteche, internet caf\u00e9 ma soprattutto\u00a0<strong>Spa<\/strong>\u00a0dove sottoporsi a trattamenti rigeneranti, un vero e proprio momento di benessere tra massaggi, saune, idromassaggio e bagni turchi.<\/p>\n<p>E se il\u00a0<strong>casin\u00f2<\/strong>\u00a0la sera non vi basta, preparatevi a partecipare anche ad una vera e propra\u00a0<strong>asta d&#8217;arte<\/strong>: esperti del settore vi faranno scoprire i segreti dell&#8217;arte accompagnamdovi anche nella scelta di un pezzo da collezione.<\/p>\n","protected":false},"excerpt":{"rendered":"<p>Le crociere\u00a0nel\u00a0Mediterraneo\u00a0Carnival\u00a0sono l&#8217;occasione per visitare le pi\u00f9 belle citt\u00e0 europee e non a bordo di navi degne di ogni comfort. Se sei\u00a0single\u00a0e stai cercando la tua prossima vacanza, scegli una crociera. Con grande comodit\u00e0 potrai trascorrere i tuoi giorni viaggiando comodamente e scoprendo luoghi incantevoli in compagnia di tanti nuovi amici. I single italiani hanno <a class=\"moretag\" href=\"https:\/\/crociere.evolutiontravel.it\/infovacanze\/crociere-single\/mediterraneo-carnival\/\">[&#8230;]<\/a><\/p>\n","protected":false},"author":1,"featured_media":0,"parent":202,"menu_order":0,"comment_status":"closed","ping_status":"open","template":"","meta":{"footnotes":""},"yoast_head":"<!-- This site is optimized with the Yoast SEO plugin v21.9.1 - https:\/\/yoast.com\/wordpress\/plugins\/seo\/ -->\n<title>Le crociere per single nel Mediterraneo della compagna Carnival: un&#039;occasione unica<\/title>\n<meta name=\"description\" content=\"Secondo recenti statistiche le crociere nel Meditearraneo sono la vacanza preferita per i single italiani. La compagnia Carnival vi offre una soluzione per visitare citt\u00e0 meravigliose a brodo di navi comodissime dove conoscere tanta gente nuova.\" \/>\n<meta name=\"robots\" content=\"index, follow, max-snippet:-1, max-image-preview:large, max-video-preview:-1\" \/>\n<link rel=\"canonical\" href=\"https:\/\/crociere.evolutiontravel.it\/infovacanze\/crociere-single\/mediterraneo-carnival\/\" \/>\n<meta name=\"twitter:label1\" content=\"Tempo di lettura stimato\" \/>\n\t<meta name=\"twitter:data1\" content=\"2 minuti\" \/>\n<script type=\"application\/ld+json\" class=\"yoast-schema-graph\">{\"@context\":\"https:\/\/schema.org\",\"@graph\":[{\"@type\":\"WebPage\",\"@id\":\"https:\/\/crociere.evolutiontravel.it\/infovacanze\/crociere-single\/mediterraneo-carnival\/\",\"url\":\"https:\/\/crociere.evolutiontravel.it\/infovacanze\/crociere-single\/mediterraneo-carnival\/\",\"name\":\"Le crociere per single nel Mediterraneo della compagna Carnival: un'occasione unica\",\"isPartOf\":{\"@id\":\"https:\/\/crociere.evolutiontravel.it\/infovacanze\/#website\"},\"datePublished\":\"2013-08-14T14:23:52+00:00\",\"dateModified\":\"2014-01-02T10:42:59+00:00\",\"description\":\"Secondo recenti statistiche le crociere nel Meditearraneo sono la vacanza preferita per i single italiani. La compagnia Carnival vi offre una soluzione per visitare citt\u00e0 meravigliose a brodo di navi comodissime dove conoscere tanta gente nuova.\",\"breadcrumb\":{\"@id\":\"https:\/\/crociere.evolutiontravel.it\/infovacanze\/crociere-single\/mediterraneo-carnival\/#breadcrumb\"},\"inLanguage\":\"it-IT\",\"potentialAction\":[{\"@type\":\"ReadAction\",\"target\":[\"https:\/\/crociere.evolutiontravel.it\/infovacanze\/crociere-single\/mediterraneo-carnival\/\"]}]},{\"@type\":\"BreadcrumbList\",\"@id\":\"https:\/\/crociere.evolutiontravel.it\/infovacanze\/crociere-single\/mediterraneo-carnival\/#breadcrumb\",\"itemListElement\":[{\"@type\":\"ListItem\",\"position\":1,\"name\":\"Crociere Single\",\"item\":\"https:\/\/crociere.evolutiontravel.it\/infovacanze\/crociere-single\/\"},{\"@type\":\"ListItem\",\"position\":2,\"name\":\"Mediterraneo Carnival\"}]},{\"@type\":\"WebSite\",\"@id\":\"https:\/\/crociere.evolutiontravel.it\/infovacanze\/#website\",\"url\":\"https:\/\/crociere.evolutiontravel.it\/infovacanze\/\",\"name\":\"Crociere\",\"description\":\"\",\"potentialAction\":[{\"@type\":\"SearchAction\",\"target\":{\"@type\":\"EntryPoint\",\"urlTemplate\":\"https:\/\/crociere.evolutiontravel.it\/infovacanze\/?s={search_term_string}\"},\"query-input\":\"required name=search_term_string\"}],\"inLanguage\":\"it-IT\"}]}<\/script>\n<!-- \/ Yoast SEO plugin. -->","yoast_head_json":{"title":"Le crociere per single nel Mediterraneo della compagna Carnival: un'occasione unica","description":"Secondo recenti statistiche le crociere nel Meditearraneo sono la vacanza preferita per i single italiani. La compagnia Carnival vi offre una soluzione per visitare citt\u00e0 meravigliose a brodo di navi comodissime dove conoscere tanta gente nuova.","robots":{"index":"index","follow":"follow","max-snippet":"max-snippet:-1","max-image-preview":"max-image-preview:large","max-video-preview":"max-video-preview:-1"},"canonical":"https:\/\/crociere.evolutiontravel.it\/infovacanze\/crociere-single\/mediterraneo-carnival\/","twitter_misc":{"Tempo di lettura stimato":"2 minuti"},"schema":{"@context":"https:\/\/schema.org","@graph":[{"@type":"WebPage","@id":"https:\/\/crociere.evolutiontravel.it\/infovacanze\/crociere-single\/mediterraneo-carnival\/","url":"https:\/\/crociere.evolutiontravel.it\/infovacanze\/crociere-single\/mediterraneo-carnival\/","name":"Le crociere per single nel Mediterraneo della compagna Carnival: un'occasione unica","isPartOf":{"@id":"https:\/\/crociere.evolutiontravel.it\/infovacanze\/#website"},"datePublished":"2013-08-14T14:23:52+00:00","dateModified":"2014-01-02T10:42:59+00:00","description":"Secondo recenti statistiche le crociere nel Meditearraneo sono la vacanza preferita per i single italiani. La compagnia Carnival vi offre una soluzione per visitare citt\u00e0 meravigliose a brodo di navi comodissime dove conoscere tanta gente nuova.","breadcrumb":{"@id":"https:\/\/crociere.evolutiontravel.it\/infovacanze\/crociere-single\/mediterraneo-carnival\/#breadcrumb"},"inLanguage":"it-IT","potentialAction":[{"@type":"ReadAction","target":["https:\/\/crociere.evolutiontravel.it\/infovacanze\/crociere-single\/mediterraneo-carnival\/"]}]},{"@type":"BreadcrumbList","@id":"https:\/\/crociere.evolutiontravel.it\/infovacanze\/crociere-single\/mediterraneo-carnival\/#breadcrumb","itemListElement":[{"@type":"ListItem","position":1,"name":"Crociere Single","item":"https:\/\/crociere.evolutiontravel.it\/infovacanze\/crociere-single\/"},{"@type":"ListItem","position":2,"name":"Mediterraneo Carnival"}]},{"@type":"WebSite","@id":"https:\/\/crociere.evolutiontravel.it\/infovacanze\/#website","url":"https:\/\/crociere.evolutiontravel.it\/infovacanze\/","name":"Crociere","description":"","potentialAction":[{"@type":"SearchAction","target":{"@type":"EntryPoint","urlTemplate":"https:\/\/crociere.evolutiontravel.it\/infovacanze\/?s={search_term_string}"},"query-input":"required name=search_term_string"}],"inLanguage":"it-IT"}]}},"_links":{"self":[{"href":"https:\/\/crociere.evolutiontravel.it\/infovacanze\/wp-json\/wp\/v2\/pages\/220"}],"collection":[{"href":"https:\/\/crociere.evolutiontravel.it\/infovacanze\/wp-json\/wp\/v2\/pages"}],"about":[{"href":"https:\/\/crociere.evolutiontravel.it\/infovacanze\/wp-json\/wp\/v2\/types\/page"}],"author":[{"embeddable":true,"href":"https:\/\/crociere.evolutiontravel.it\/infovacanze\/wp-json\/wp\/v2\/users\/1"}],"replies":[{"embeddable":true,"href":"https:\/\/crociere.evolutiontravel.it\/infovacanze\/wp-json\/wp\/v2\/comments?post=220"}],"version-history":[{"count":3,"href":"https:\/\/crociere.evolutiontravel.it\/infovacanze\/wp-json\/wp\/v2\/pages\/220\/revisions"}],"predecessor-version":[{"id":443,"href":"https:\/\/crociere.evolutiontravel.it\/infovacanze\/wp-json\/wp\/v2\/pages\/220\/revisions\/443"}],"up":[{"embeddable":true,"href":"https:\/\/crociere.evolutiontravel.it\/infovacanze\/wp-json\/wp\/v2\/pages\/202"}],"wp:attachment":[{"href":"https:\/\/crociere.evolutiontravel.it\/infovacanze\/wp-json\/wp\/v2\/media?parent=220"}],"curies":[{"name":"wp","href":"https:\/\/api.w.org\/{rel}","templated":true}]}}