{"id":247,"date":"2013-08-14T16:39:23","date_gmt":"2013-08-14T14:39:23","guid":{"rendered":"http:\/\/crociere.evolutiontravel.it\/infovacanze\/?page_id=247"},"modified":"2014-01-06T15:44:56","modified_gmt":"2014-01-06T14:44:56","slug":"grimaldi","status":"publish","type":"page","link":"https:\/\/crociere.evolutiontravel.it\/infovacanze\/mini-crociere\/grimaldi\/","title":{"rendered":"Grimaldi"},"content":{"rendered":"<p><strong>GRIMALDI LINES<\/strong>\u00a0\u00e8 una\u00a0<strong>Compagnia di Navigazione<\/strong>\u00a0che engli ultimi anni si \u00e8 imposta con decisone sul mercato , diventando leader nel\u00a0<strong>trasporto passeggeri<\/strong>\u00a0delle\u00a0<strong>Autostrade del Mediterraneo<\/strong>. Le sue\u00a0<strong>navi di ultima generazione<\/strong>\u00a0sono veloci ed efficenti oltre che confortevoli.<\/p>\n<p>Alcune delle localit\u00e0 pi\u00f9 belle di tutto il bacino\u00a0<strong>Mediterraneo<\/strong>\u00a0come:<strong>Barcellona, Valencia, Tunisi, Tangeri, Malta, Patrasso, Porto Torres, Palermo,Trapani\u00a0<\/strong>sono raggiunte dalle loro navi con regolarit\u00e0, e le traversate hanno partenza dai porti di\u00a0<strong>Civitavecchia, Livorno, Salerno, Venezia, Ancona.<\/strong><\/p>\n<p>Le\u00a0\u00a0<strong>minicrociere grimaldi\u00a0<\/strong>offrono ai porpi passeggeri la tranquillit\u00e0 di affidarsi ad un\u00a0<strong>gruppo di grande esperienza<\/strong>\u00a0che vanta a suo favore un esperienza storica nel settore della navigazione. Il\u00a0<strong>Gruppo Grimaldi<\/strong>\u00a0fu fondato nel\u00a0<strong>1947<\/strong>\u00a0dai Fratelli Grimaldi, ed inizi\u00f2 la sua attivit\u00e0 non occupandosi del trasporto passeggeri ma bensi\u00ec di quello\u00a0<strong>mercantile<\/strong>.<\/p>\n<p>Nel 1969, il Gruppo diede il via ai collegamenti dall&#8217;Italia all&#8217;Inghilterra in modo stabile occupansodi principalmente del trasporto di autovetture Fiat destinate al mercato britannico ed internazionale.<\/p>\n<p>Tutto questo fa capire come le\u00a0<strong>minicrociere Grimaldi\u00a0<\/strong>vantino una solidit\u00e0 che prende origine dall&#8217;esperinza e dalla tenacia di un gruppo tutto italiano. Nel campo delle<strong>minicrociere,Grimaldi<\/strong>\u00a0ha saputo adattarsi rapidamente alle nuove esigenze dei viaggiatori e del mercato, creando una rete di possibili destinazioni prestigiosa. Le\u00a0<strong>minicrociere Grimaldi<\/strong>\u00a0si offrono a tutti coloro che vogliano realizzare un viaggio indimenticabile ad un prezzo vantagioso.<\/p>\n<p>Le\u00a0<strong>mini crociere<\/strong>\u00a0si differenziano dalle sorelle tradizionali semplicemente per la durata del soggiorno a bordo, se infatti una\u00a0<strong>crociera tradizionale<\/strong>\u00a0ha una\u00a0<strong>durata media<\/strong>\u00a0che va dai\u00a0<strong>7 ai 10 giorni,\u00a0<\/strong>una\u00a0<strong>minicrcociera Grimaldi<\/strong>\u00a0ha invece una\u00a0<strong>durata<\/strong>\u00a0che va dai<strong>\u00a02 ai 5 giorni<\/strong>. La formula delle\u00a0<strong>mini crociere<\/strong>ha preso piede solo negli ultimi anni a causa del fatto che la disponibilit\u00e0 di\u00a0<strong>potersi concedere lunghi periodi di vacanza<\/strong>\u00a0\u00e8 gradualmente diminuita e che le possibilit\u00e0 econominche dei viaggiatori sono andate riducendosi a causa di molti fattori.<\/p>\n<p>Le\u00a0<strong>minicrociere Grimaldi<\/strong>\u00a0vengono cos\u00ec in contro a tutte le esigenze dei viaggiaotri unendo la bellezza di poter visitare i pi\u00f9 bei luoghi del\u00a0<strong>Mediterraneo<\/strong>, senza il problema di doversi prendere lunghi periodi di ferie e con il vantaggio di mantenere i propri\u00a0<strong>prezzi alla portata di tutti<\/strong>. A bordo una\u00a0<strong>minicrociera Grimaldi<\/strong>\u00a0vi troverete immersi in un&#8217;ambiente di assoluta qualit\u00e0 e raffinatezza, le navi del gruppo sono dotate di tutti i comfort, le cabine sono sia interne che esterne e vi sono anche delle splendide\u00a0<strong>suite<\/strong>.<\/p>\n<p>Tutte le camere sono dotate di\u00a0<strong>aria condizionata<\/strong>, doccia e\u00a0<strong>servizi privati<\/strong>\u00a0 e sono arredate con grande attenzione ed una particolare cura per i particolari, in oltre tutte le navi sono fornite di un\u00a0<strong>ristorante<\/strong>\u00a0<strong>di alto livello<\/strong>\u00a0e di un\u00a0<strong>casin\u00f2<\/strong>. A bordo di una<strong>minicrociera Grimaldi<\/strong>\u00a0troverete tutto questo e molto altro ancora, godrete del\u00a0<strong>relax<\/strong>\u00a0e della tranuillit\u00e0 che solo lo\u00a0<strong>stile italiano<\/strong>\u00a0riesce a regalare, con tutta la convenienza di\u00a0<strong>prezzi sempre competitivi<\/strong>.<\/p>\n","protected":false},"excerpt":{"rendered":"<p>GRIMALDI LINES\u00a0\u00e8 una\u00a0Compagnia di Navigazione\u00a0che engli ultimi anni si \u00e8 imposta con decisone sul mercato , diventando leader nel\u00a0trasporto passeggeri\u00a0delle\u00a0Autostrade del Mediterraneo. Le sue\u00a0navi di ultima generazione\u00a0sono veloci ed efficenti oltre che confortevoli. Alcune delle localit\u00e0 pi\u00f9 belle di tutto il bacino\u00a0Mediterraneo\u00a0come:Barcellona, Valencia, Tunisi, Tangeri, Malta, Patrasso, Porto Torres, Palermo,Trapani\u00a0sono raggiunte dalle loro navi con <a class=\"moretag\" href=\"https:\/\/crociere.evolutiontravel.it\/infovacanze\/mini-crociere\/grimaldi\/\">[&#8230;]<\/a><\/p>\n","protected":false},"author":1,"featured_media":0,"parent":243,"menu_order":0,"comment_status":"closed","ping_status":"open","template":"","meta":{"footnotes":""},"yoast_head":"<!-- This site is optimized with the Yoast SEO plugin v21.9.1 - https:\/\/yoast.com\/wordpress\/plugins\/seo\/ -->\n<title>Mini crociere Grimaldi, una compagnia tutta italiana che si \u00e8 sempre distinta per qualit\u00e0 ed efficienza<\/title>\n<meta name=\"description\" content=\"Le mini crociere Grimaldi sono una valida offerta per chi voglia concedersi il lusso di un breve soggiorno a bordo di una splendida nave ma che per necessit\u00e0 abbia a disposizione solo pochi giorni per farlo.\" \/>\n<meta name=\"robots\" content=\"index, follow, max-snippet:-1, max-image-preview:large, max-video-preview:-1\" \/>\n<link rel=\"canonical\" href=\"https:\/\/crociere.evolutiontravel.it\/infovacanze\/mini-crociere\/grimaldi\/\" \/>\n<meta name=\"twitter:label1\" content=\"Tempo di lettura stimato\" \/>\n\t<meta name=\"twitter:data1\" content=\"2 minuti\" \/>\n<script type=\"application\/ld+json\" class=\"yoast-schema-graph\">{\"@context\":\"https:\/\/schema.org\",\"@graph\":[{\"@type\":\"WebPage\",\"@id\":\"https:\/\/crociere.evolutiontravel.it\/infovacanze\/mini-crociere\/grimaldi\/\",\"url\":\"https:\/\/crociere.evolutiontravel.it\/infovacanze\/mini-crociere\/grimaldi\/\",\"name\":\"Mini crociere Grimaldi, una compagnia tutta italiana che si \u00e8 sempre distinta per qualit\u00e0 ed efficienza\",\"isPartOf\":{\"@id\":\"https:\/\/crociere.evolutiontravel.it\/infovacanze\/#website\"},\"datePublished\":\"2013-08-14T14:39:23+00:00\",\"dateModified\":\"2014-01-06T14:44:56+00:00\",\"description\":\"Le mini crociere Grimaldi sono una valida offerta per chi voglia concedersi il lusso di un breve soggiorno a bordo di una splendida nave ma che per necessit\u00e0 abbia a disposizione solo pochi giorni per farlo.\",\"breadcrumb\":{\"@id\":\"https:\/\/crociere.evolutiontravel.it\/infovacanze\/mini-crociere\/grimaldi\/#breadcrumb\"},\"inLanguage\":\"it-IT\",\"potentialAction\":[{\"@type\":\"ReadAction\",\"target\":[\"https:\/\/crociere.evolutiontravel.it\/infovacanze\/mini-crociere\/grimaldi\/\"]}]},{\"@type\":\"BreadcrumbList\",\"@id\":\"https:\/\/crociere.evolutiontravel.it\/infovacanze\/mini-crociere\/grimaldi\/#breadcrumb\",\"itemListElement\":[{\"@type\":\"ListItem\",\"position\":1,\"name\":\"Mini crociere\",\"item\":\"https:\/\/crociere.evolutiontravel.it\/infovacanze\/mini-crociere\/\"},{\"@type\":\"ListItem\",\"position\":2,\"name\":\"Grimaldi\"}]},{\"@type\":\"WebSite\",\"@id\":\"https:\/\/crociere.evolutiontravel.it\/infovacanze\/#website\",\"url\":\"https:\/\/crociere.evolutiontravel.it\/infovacanze\/\",\"name\":\"Crociere\",\"description\":\"\",\"potentialAction\":[{\"@type\":\"SearchAction\",\"target\":{\"@type\":\"EntryPoint\",\"urlTemplate\":\"https:\/\/crociere.evolutiontravel.it\/infovacanze\/?s={search_term_string}\"},\"query-input\":\"required name=search_term_string\"}],\"inLanguage\":\"it-IT\"}]}<\/script>\n<!-- \/ Yoast SEO plugin. -->","yoast_head_json":{"title":"Mini crociere Grimaldi, una compagnia tutta italiana che si \u00e8 sempre distinta per qualit\u00e0 ed efficienza","description":"Le mini crociere Grimaldi sono una valida offerta per chi voglia concedersi il lusso di un breve soggiorno a bordo di una splendida nave ma che per necessit\u00e0 abbia a disposizione solo pochi giorni per farlo.","robots":{"index":"index","follow":"follow","max-snippet":"max-snippet:-1","max-image-preview":"max-image-preview:large","max-video-preview":"max-video-preview:-1"},"canonical":"https:\/\/crociere.evolutiontravel.it\/infovacanze\/mini-crociere\/grimaldi\/","twitter_misc":{"Tempo di lettura stimato":"2 minuti"},"schema":{"@context":"https:\/\/schema.org","@graph":[{"@type":"WebPage","@id":"https:\/\/crociere.evolutiontravel.it\/infovacanze\/mini-crociere\/grimaldi\/","url":"https:\/\/crociere.evolutiontravel.it\/infovacanze\/mini-crociere\/grimaldi\/","name":"Mini crociere Grimaldi, una compagnia tutta italiana che si \u00e8 sempre distinta per qualit\u00e0 ed efficienza","isPartOf":{"@id":"https:\/\/crociere.evolutiontravel.it\/infovacanze\/#website"},"datePublished":"2013-08-14T14:39:23+00:00","dateModified":"2014-01-06T14:44:56+00:00","description":"Le mini crociere Grimaldi sono una valida offerta per chi voglia concedersi il lusso di un breve soggiorno a bordo di una splendida nave ma che per necessit\u00e0 abbia a disposizione solo pochi giorni per farlo.","breadcrumb":{"@id":"https:\/\/crociere.evolutiontravel.it\/infovacanze\/mini-crociere\/grimaldi\/#breadcrumb"},"inLanguage":"it-IT","potentialAction":[{"@type":"ReadAction","target":["https:\/\/crociere.evolutiontravel.it\/infovacanze\/mini-crociere\/grimaldi\/"]}]},{"@type":"BreadcrumbList","@id":"https:\/\/crociere.evolutiontravel.it\/infovacanze\/mini-crociere\/grimaldi\/#breadcrumb","itemListElement":[{"@type":"ListItem","position":1,"name":"Mini crociere","item":"https:\/\/crociere.evolutiontravel.it\/infovacanze\/mini-crociere\/"},{"@type":"ListItem","position":2,"name":"Grimaldi"}]},{"@type":"WebSite","@id":"https:\/\/crociere.evolutiontravel.it\/infovacanze\/#website","url":"https:\/\/crociere.evolutiontravel.it\/infovacanze\/","name":"Crociere","description":"","potentialAction":[{"@type":"SearchAction","target":{"@type":"EntryPoint","urlTemplate":"https:\/\/crociere.evolutiontravel.it\/infovacanze\/?s={search_term_string}"},"query-input":"required name=search_term_string"}],"inLanguage":"it-IT"}]}},"_links":{"self":[{"href":"https:\/\/crociere.evolutiontravel.it\/infovacanze\/wp-json\/wp\/v2\/pages\/247"}],"collection":[{"href":"https:\/\/crociere.evolutiontravel.it\/infovacanze\/wp-json\/wp\/v2\/pages"}],"about":[{"href":"https:\/\/crociere.evolutiontravel.it\/infovacanze\/wp-json\/wp\/v2\/types\/page"}],"author":[{"embeddable":true,"href":"https:\/\/crociere.evolutiontravel.it\/infovacanze\/wp-json\/wp\/v2\/users\/1"}],"replies":[{"embeddable":true,"href":"https:\/\/crociere.evolutiontravel.it\/infovacanze\/wp-json\/wp\/v2\/comments?post=247"}],"version-history":[{"count":3,"href":"https:\/\/crociere.evolutiontravel.it\/infovacanze\/wp-json\/wp\/v2\/pages\/247\/revisions"}],"predecessor-version":[{"id":497,"href":"https:\/\/crociere.evolutiontravel.it\/infovacanze\/wp-json\/wp\/v2\/pages\/247\/revisions\/497"}],"up":[{"embeddable":true,"href":"https:\/\/crociere.evolutiontravel.it\/infovacanze\/wp-json\/wp\/v2\/pages\/243"}],"wp:attachment":[{"href":"https:\/\/crociere.evolutiontravel.it\/infovacanze\/wp-json\/wp\/v2\/media?parent=247"}],"curies":[{"name":"wp","href":"https:\/\/api.w.org\/{rel}","templated":true}]}}