{"id":264,"date":"2013-08-14T16:48:15","date_gmt":"2013-08-14T14:48:15","guid":{"rendered":"http:\/\/crociere.evolutiontravel.it\/infovacanze\/?page_id=264"},"modified":"2014-01-06T15:53:19","modified_gmt":"2014-01-06T14:53:19","slug":"giver","status":"publish","type":"page","link":"https:\/\/crociere.evolutiontravel.it\/infovacanze\/crociere-fluviali\/giver\/","title":{"rendered":"Giver"},"content":{"rendered":"<p><strong>Giver<\/strong>\u00a0offre in\u00a0<strong>catalogo<\/strong>\u00a0molte opportunit\u00e0 per gli amanti delle\u00a0<strong>crociere fluviali<\/strong>\u00a0o per tutti coloro che non hanno ancora mai provato un\u00a0<strong>viaggio<\/strong>\u00a0del genere. Prenotando una crociera con questo\u00a0<strong>tour operator<\/strong>\u00a0potrete usufruire di\u00a0<strong>sconti<\/strong>\u00a0per le\u00a0<strong>prenotazioni anticipate<\/strong>\u00a0o ancora per chi ha deciso di effettuare il proprio\u00a0<strong>viaggio di nozze<\/strong>\u00a0a bordo di una delle navi proposte. Nel\u00a0<strong>pacchetto<\/strong>\u00a0sono inclusi i\u00a0<strong>trasferimenti<\/strong>, i\u00a0<strong>voli di andata e ritorno<\/strong>, la\u00a0<strong>pensione completa<\/strong>\u00a0e le\u00a0<strong>visite<\/strong>\u00a0con guida in italiano.<\/p>\n<p>Tra le crociere fluviali Giver propone quella sul\u00a0<strong>Volga<\/strong>\u00a0da\u00a0<strong>Mosca<\/strong>\u00a0a\u00a0<strong>San Pietroburgo<\/strong>\u00a0e viceversa. Scegliendo questa crociera attraverserete molti fiumi e laghi tra i pi\u00f9 grandi in\u00a0<strong>Europa<\/strong>\u00a0e ripercorrerete la\u00a0<strong>via degli Zar<\/strong>, quella che un tempo permetteva cio\u00e8 ai reali di spostarsi da una citt\u00e0 all\u2019altra del loro impero.<\/p>\n<p>Oltre a visitare queste due capitali dal fascino cos\u00ec indiscusso, vedrete da vicino una Russia diversa, fatta di grandi spazi e<strong>natura<\/strong>\u00a0incontaminata, di\u00a0<strong>monasteri<\/strong>\u00a0ed edifici storici. Questi viaggi vengono effettuati a borso delle navi\u00a0<strong>Lenin<\/strong>\u00a0e\u00a0<strong>Shashkov<\/strong>.<\/p>\n<p>La Giver ha in catalogo anche altre crociere fluviali tra le quali quella lungo il\u00a0<strong>Dnepr<\/strong>, terzo fiume pi\u00f9 lungo d\u2019Europa.<br \/>\nCon partenze da\u00a0<strong>Kiev<\/strong>\u00a0fino ad arrivare ad\u00a0<strong>Istanbul<\/strong>\u00a0o a\u00a0<strong>Odessa<\/strong>, questa crociera si snoda lungo una serie di\u00a0<strong>paesaggi naturalistici<\/strong>\u00a0e citt\u00e0 storiche molto interessanti. Scoprirete le bellezze dell\u2019<strong>Ucraina<\/strong>\u00a0facendo tappa in localit\u00e0 come\u00a0<strong>Zaporozhye<\/strong>\u00a0nella quale respirerete l\u2019antica civilt\u00e0 cosacca,\u00a0<strong>Kherson<\/strong>,\u00a0<strong>Kanev<\/strong>,\u00a0<strong>Kremenchuck\u00a0<\/strong>e ancora\u00a0<strong>Sebastopoli<\/strong>\u00a0nella zona Sud-Ovest della\u00a0<strong>Crimea<\/strong>\u00a0fino alla celebre<strong>Yalta<\/strong>, conosciuta da tutti come la citt\u00e0 dove si tenne la conferenza che segn\u00f2 i destini del mondo occidentale in seguito alla Seconda guerra mondiale.<\/p>\n<p>Visiterete Odessa e potrete spostarvi in autopullman fino alla leggendaria Istanbul, grande metropoli turca.<\/p>\n<p>Altre crociere fluviali della Giver sono invece dedicate al\u00a0<strong>Danubio<\/strong>, il fiume che attraversa l\u2019Europa collegando Est ed Ovest. Attraverso il secondo fiume pi\u00f9 lungo d\u2019Europa potrete fare tappa in alcune delle capitali pi\u00f9 affascinanti come\u00a0<strong>Praga<\/strong>,\u00a0<strong>Vienna<\/strong>,\u00a0<strong>Bucarest<\/strong>,\u00a0<strong>Budapest<\/strong>\u00a0e\u00a0<strong>Bratislava<\/strong>.<\/p>\n<p>Sono previste crociere di otto e undici giorni per assaporare le atmosfere dell\u2019antico\u00a0<strong>Impero Austro-Ungarico<\/strong>. Sarete conquistati dalle bellezze degli scorci: non a caso le sponde del Danubio sono state dichiarate<strong>Patrimonio dell\u2019umanit\u00e0<\/strong>\u00a0dall\u2019Unesco. A tutto questo aggiungete la possibilit\u00e0 di immergervi completamente nel passato di queste citt\u00e0 con i loro fantastici palazzi dalle architetture pi\u00f9 svariate.<\/p>\n<p>Anche il\u00a0<strong>Reno<\/strong>\u00a0fa parte del catalogo Giver per le crociere fluviali. Lungo la rotta di questo fiume respirerete l\u2019aria romantica che inspir\u00f2 Goethe verso la fine del 1700.<\/p>\n<p>Vallate immerse nel verde,\u00a0<strong>castelli<\/strong>, piccoli\u00a0<strong>villaggi<\/strong>, fortezze e ancora citt\u00e0 come\u00a0<strong>Rotterdam<\/strong>,\u00a0<strong>Amsterdam<\/strong>,\u00a0<strong>Colonia<\/strong>,\u00a0<strong>Dusseldorf<\/strong>,<strong>Bruxelles<\/strong>,\u00a0<strong>Arnhem<\/strong>,\u00a0<strong>Anversa<\/strong>,\u00a0<strong>Basilea<\/strong>\u00a0o\u00a0<strong>Magonza<\/strong>. Un viaggio nella natura e nell\u2019arte a bordo di due navi, la\u00a0<strong>Rigoletto<\/strong>\u00a0e la\u00a0<strong>Poseidon<\/strong>.<br \/>\nPer tutte le crociere fluviali della Giver \u00e8 possibile prenotare anche delle<strong>escursioni<\/strong>\u00a0in pi\u00f9 che vi permetteranno di approfondire la conoscenza delle citt\u00e0 che pi\u00f9 preferite.<\/p>\n","protected":false},"excerpt":{"rendered":"<p>Giver\u00a0offre in\u00a0catalogo\u00a0molte opportunit\u00e0 per gli amanti delle\u00a0crociere fluviali\u00a0o per tutti coloro che non hanno ancora mai provato un\u00a0viaggio\u00a0del genere. Prenotando una crociera con questo\u00a0tour operator\u00a0potrete usufruire di\u00a0sconti\u00a0per le\u00a0prenotazioni anticipate\u00a0o ancora per chi ha deciso di effettuare il proprio\u00a0viaggio di nozze\u00a0a bordo di una delle navi proposte. Nel\u00a0pacchetto\u00a0sono inclusi i\u00a0trasferimenti, i\u00a0voli di andata e ritorno, la\u00a0pensione <a class=\"moretag\" href=\"https:\/\/crociere.evolutiontravel.it\/infovacanze\/crociere-fluviali\/giver\/\">[&#8230;]<\/a><\/p>\n","protected":false},"author":1,"featured_media":0,"parent":261,"menu_order":0,"comment_status":"closed","ping_status":"open","template":"","meta":{"footnotes":""},"yoast_head":"<!-- This site is optimized with the Yoast SEO plugin v21.9.1 - https:\/\/yoast.com\/wordpress\/plugins\/seo\/ -->\n<title>Giver: ecco le crociere fluviali che sono in catalogo<\/title>\n<meta name=\"description\" content=\"Le crociere fluviali della Giver vi portano a scoprire paesaggi e citt\u00e0 incantate attraverso le acque placide di fiumi affascinanti. Il Volga da Mosca a San Pietroburgo, il Danubio che tocca Vienna e Praga, il Dnepr in Crimea ed il Reno alla volta di cittadine fantastiche. Scegliete la vostra\" \/>\n<meta name=\"robots\" content=\"index, follow, max-snippet:-1, max-image-preview:large, max-video-preview:-1\" \/>\n<link rel=\"canonical\" href=\"https:\/\/crociere.evolutiontravel.it\/infovacanze\/crociere-fluviali\/giver\/\" \/>\n<meta name=\"twitter:label1\" content=\"Tempo di lettura stimato\" \/>\n\t<meta name=\"twitter:data1\" content=\"2 minuti\" \/>\n<script type=\"application\/ld+json\" class=\"yoast-schema-graph\">{\"@context\":\"https:\/\/schema.org\",\"@graph\":[{\"@type\":\"WebPage\",\"@id\":\"https:\/\/crociere.evolutiontravel.it\/infovacanze\/crociere-fluviali\/giver\/\",\"url\":\"https:\/\/crociere.evolutiontravel.it\/infovacanze\/crociere-fluviali\/giver\/\",\"name\":\"Giver: ecco le crociere fluviali che sono in catalogo\",\"isPartOf\":{\"@id\":\"https:\/\/crociere.evolutiontravel.it\/infovacanze\/#website\"},\"datePublished\":\"2013-08-14T14:48:15+00:00\",\"dateModified\":\"2014-01-06T14:53:19+00:00\",\"description\":\"Le crociere fluviali della Giver vi portano a scoprire paesaggi e citt\u00e0 incantate attraverso le acque placide di fiumi affascinanti. Il Volga da Mosca a San Pietroburgo, il Danubio che tocca Vienna e Praga, il Dnepr in Crimea ed il Reno alla volta di cittadine fantastiche. Scegliete la vostra\",\"breadcrumb\":{\"@id\":\"https:\/\/crociere.evolutiontravel.it\/infovacanze\/crociere-fluviali\/giver\/#breadcrumb\"},\"inLanguage\":\"it-IT\",\"potentialAction\":[{\"@type\":\"ReadAction\",\"target\":[\"https:\/\/crociere.evolutiontravel.it\/infovacanze\/crociere-fluviali\/giver\/\"]}]},{\"@type\":\"BreadcrumbList\",\"@id\":\"https:\/\/crociere.evolutiontravel.it\/infovacanze\/crociere-fluviali\/giver\/#breadcrumb\",\"itemListElement\":[{\"@type\":\"ListItem\",\"position\":1,\"name\":\"Crociere fluviali\",\"item\":\"https:\/\/crociere.evolutiontravel.it\/infovacanze\/crociere-fluviali\/\"},{\"@type\":\"ListItem\",\"position\":2,\"name\":\"Giver\"}]},{\"@type\":\"WebSite\",\"@id\":\"https:\/\/crociere.evolutiontravel.it\/infovacanze\/#website\",\"url\":\"https:\/\/crociere.evolutiontravel.it\/infovacanze\/\",\"name\":\"Crociere\",\"description\":\"\",\"potentialAction\":[{\"@type\":\"SearchAction\",\"target\":{\"@type\":\"EntryPoint\",\"urlTemplate\":\"https:\/\/crociere.evolutiontravel.it\/infovacanze\/?s={search_term_string}\"},\"query-input\":\"required name=search_term_string\"}],\"inLanguage\":\"it-IT\"}]}<\/script>\n<!-- \/ Yoast SEO plugin. -->","yoast_head_json":{"title":"Giver: ecco le crociere fluviali che sono in catalogo","description":"Le crociere fluviali della Giver vi portano a scoprire paesaggi e citt\u00e0 incantate attraverso le acque placide di fiumi affascinanti. Il Volga da Mosca a San Pietroburgo, il Danubio che tocca Vienna e Praga, il Dnepr in Crimea ed il Reno alla volta di cittadine fantastiche. Scegliete la vostra","robots":{"index":"index","follow":"follow","max-snippet":"max-snippet:-1","max-image-preview":"max-image-preview:large","max-video-preview":"max-video-preview:-1"},"canonical":"https:\/\/crociere.evolutiontravel.it\/infovacanze\/crociere-fluviali\/giver\/","twitter_misc":{"Tempo di lettura stimato":"2 minuti"},"schema":{"@context":"https:\/\/schema.org","@graph":[{"@type":"WebPage","@id":"https:\/\/crociere.evolutiontravel.it\/infovacanze\/crociere-fluviali\/giver\/","url":"https:\/\/crociere.evolutiontravel.it\/infovacanze\/crociere-fluviali\/giver\/","name":"Giver: ecco le crociere fluviali che sono in catalogo","isPartOf":{"@id":"https:\/\/crociere.evolutiontravel.it\/infovacanze\/#website"},"datePublished":"2013-08-14T14:48:15+00:00","dateModified":"2014-01-06T14:53:19+00:00","description":"Le crociere fluviali della Giver vi portano a scoprire paesaggi e citt\u00e0 incantate attraverso le acque placide di fiumi affascinanti. Il Volga da Mosca a San Pietroburgo, il Danubio che tocca Vienna e Praga, il Dnepr in Crimea ed il Reno alla volta di cittadine fantastiche. Scegliete la vostra","breadcrumb":{"@id":"https:\/\/crociere.evolutiontravel.it\/infovacanze\/crociere-fluviali\/giver\/#breadcrumb"},"inLanguage":"it-IT","potentialAction":[{"@type":"ReadAction","target":["https:\/\/crociere.evolutiontravel.it\/infovacanze\/crociere-fluviali\/giver\/"]}]},{"@type":"BreadcrumbList","@id":"https:\/\/crociere.evolutiontravel.it\/infovacanze\/crociere-fluviali\/giver\/#breadcrumb","itemListElement":[{"@type":"ListItem","position":1,"name":"Crociere fluviali","item":"https:\/\/crociere.evolutiontravel.it\/infovacanze\/crociere-fluviali\/"},{"@type":"ListItem","position":2,"name":"Giver"}]},{"@type":"WebSite","@id":"https:\/\/crociere.evolutiontravel.it\/infovacanze\/#website","url":"https:\/\/crociere.evolutiontravel.it\/infovacanze\/","name":"Crociere","description":"","potentialAction":[{"@type":"SearchAction","target":{"@type":"EntryPoint","urlTemplate":"https:\/\/crociere.evolutiontravel.it\/infovacanze\/?s={search_term_string}"},"query-input":"required name=search_term_string"}],"inLanguage":"it-IT"}]}},"_links":{"self":[{"href":"https:\/\/crociere.evolutiontravel.it\/infovacanze\/wp-json\/wp\/v2\/pages\/264"}],"collection":[{"href":"https:\/\/crociere.evolutiontravel.it\/infovacanze\/wp-json\/wp\/v2\/pages"}],"about":[{"href":"https:\/\/crociere.evolutiontravel.it\/infovacanze\/wp-json\/wp\/v2\/types\/page"}],"author":[{"embeddable":true,"href":"https:\/\/crociere.evolutiontravel.it\/infovacanze\/wp-json\/wp\/v2\/users\/1"}],"replies":[{"embeddable":true,"href":"https:\/\/crociere.evolutiontravel.it\/infovacanze\/wp-json\/wp\/v2\/comments?post=264"}],"version-history":[{"count":3,"href":"https:\/\/crociere.evolutiontravel.it\/infovacanze\/wp-json\/wp\/v2\/pages\/264\/revisions"}],"predecessor-version":[{"id":510,"href":"https:\/\/crociere.evolutiontravel.it\/infovacanze\/wp-json\/wp\/v2\/pages\/264\/revisions\/510"}],"up":[{"embeddable":true,"href":"https:\/\/crociere.evolutiontravel.it\/infovacanze\/wp-json\/wp\/v2\/pages\/261"}],"wp:attachment":[{"href":"https:\/\/crociere.evolutiontravel.it\/infovacanze\/wp-json\/wp\/v2\/media?parent=264"}],"curies":[{"name":"wp","href":"https:\/\/api.w.org\/{rel}","templated":true}]}}