{"id":268,"date":"2013-08-14T16:51:13","date_gmt":"2013-08-14T14:51:13","guid":{"rendered":"http:\/\/crociere.evolutiontravel.it\/infovacanze\/?page_id=268"},"modified":"2014-01-06T15:53:41","modified_gmt":"2014-01-06T14:53:41","slug":"danubio","status":"publish","type":"page","link":"https:\/\/crociere.evolutiontravel.it\/infovacanze\/crociere-fluviali\/danubio\/","title":{"rendered":"Danubio"},"content":{"rendered":"<p>Tra le\u00a0<strong>crociere fluviali<\/strong>\u00a0quella lungo il\u00a0<strong>Danubio<\/strong>\u00a0\u00e8 una delle pi\u00f9 conosciute. Famosa e sempre ricercata dai viaggiatori, questa crociera vi permette di toccare molti paesi quali la\u00a0<strong>Bosnia Erzegovina<\/strong>, l\u2019<strong>Ungheria<\/strong>, l\u2019<strong>Austria<\/strong>\u00a0e la<strong>Slovacchia<\/strong>. Immergetevi in questa esperienza e preparatevi a visitare dei paesi guardandolo con occhi diversi, dalle acque di uno dei suoi fiumi pi\u00f9 importanti.<\/p>\n<p>Il Danubio \u00e8 il secondo fiume pi\u00f9 lungo in\u00a0<strong>Europa<\/strong>\u00a0e le crociere fluviali che passano attraverso le sue acque toccano citt\u00e0\u00a0<strong>Vienna<\/strong>,\u00a0<strong>Bucarest<\/strong>,<strong>Budapest<\/strong>,\u00a0<strong>Belgrado<\/strong>\u00a0o\u00a0<strong>Bratislava<\/strong>. Dalla\u00a0<strong>Foresta Nera<\/strong>\u00a0fino al\u00a0<strong>Mar Nero<\/strong>, con i suoi quasi tremila chilometri questo fiume vi far\u00e0 respirare l\u2019atmosfera dell\u2019antico\u00a0<strong>Impero Austro-Ungarico<\/strong>.<\/p>\n<p>A bordo delle navi che lo attraversano, vedrete\u00a0<strong>panorami<\/strong>\u00a0incantevoli fatti di foreste ma anche<strong>monasteri<\/strong>\u00a0e\u00a0<strong>castelli<\/strong>. Le sue sponde sono state infatti dichiarate dall\u2019Unesco\u00a0<strong>Patrimonio dell\u2019umanit\u00e0<\/strong>, proprio per i suoi scorci mozzafiato.<\/p>\n<p>Nessuna tra le crociere fluviali come quella sul Danubio vi offre la possibilit\u00e0 di attraversare tante capitali. Avrete un\u2019ampia scelta di<strong>escursioni<\/strong>. A Vienna ad esempio potreste visitare la citt\u00e0 ma anche partecipare ad un\u00a0<strong>concerto di musica classica<\/strong>. Come dimenticare poi Budapest, la cosiddetta\u00a0<strong>Regina del Danubio<\/strong>, una delle citt\u00e0 pi\u00f9 affascinanti del mondo o ancora Bratislava, con il suo castello ed i palazzi barocchi.<\/p>\n<p>Navigando sulle acque del Danubio vivrete un\u2019esperienza entusiasmante nella quale la\u00a0<strong>storia<\/strong>\u00a0si fonde con la\u00a0<strong>natura<\/strong>, sensazione come nessun\u2019altro viaggio come le crociere fluviali sanno dare. A differenza delle classiche crociere nei mari, quelle fluviali mantengono un contatto pi\u00f9 vicino con tutto ci\u00f2 che circonda il viaggiatore. Una\u00a0<strong>vacanza<\/strong>\u00a0quasi pi\u00f9 a misura d\u2019uomo con la possibilit\u00e0 di navigare ma anche visitare cittadine vicine che gi\u00e0 si possono intravedere dalla nave.<\/p>\n<p>\u00c8 questo il bello delle crociere fluviali: sentirsi dentro la storia di quel fiume e di quei paesi che attraversa. E il Danubio \u00e8 proprio uno di quei fiumi che pi\u00f9 di altri fanno avvertire questa splendida sensazione. Una delle tappe che potreste scegliere \u00e8 ad esempio\u00a0<strong>Sofia<\/strong>, capitale della\u00a0<strong>Bulgaria<\/strong>, o ancora\u00a0<strong>Novi Sad<\/strong>\u00a0che, al confine con l\u2019<strong>Ungheria<\/strong>, \u00e8 una delle citt\u00e0 pi\u00f9 animate della\u00a0<strong>Serbia<\/strong>.<\/p>\n<p>Le crociere fluviali possono poi trasformarsi in viaggi pi\u00f9 classici. Alcuni\u00a0<strong>tour operator<\/strong>\u00a0permettono questa opzione anche lungo quelle che attraversano il Danubio. Volendo potreste ad esempio soggiornare in<strong>hotel<\/strong>\u00a0in una delle citt\u00e0 toccate come Vienna, Bucarest, Sofia: controllate se la vostra crociera lo permette o cercate proprio un viaggio ad hoc che vi lasci decidere se trascorrere un giorno in pi\u00f9 in una delle citt\u00e0 che preferite.<\/p>\n<p>Pensando alle crociere fluviali ed al Danubio non pu\u00f2 non venire in mente<strong>Praga<\/strong>, la capitale della\u00a0<strong>Repubblica Ceca<\/strong>\u00a0ed ex capitale del\u00a0<strong>Sacro Romano Impero<\/strong>. La\u00a0<strong>Citt\u00e0 delle cento torri<\/strong>\u00a0\u00e8 il centro culturale dello stato dichiarato dall\u2019Unesco Patrimonio dell\u2019umanit\u00e0. Il suo\u00a0<strong>centro storico<\/strong>\u00a0vi ammalier\u00e0 con i suoi edifici barocchi, i suoi teatri e i suoi maestosi palazzi<\/p>\n","protected":false},"excerpt":{"rendered":"<p>Tra le\u00a0crociere fluviali\u00a0quella lungo il\u00a0Danubio\u00a0\u00e8 una delle pi\u00f9 conosciute. Famosa e sempre ricercata dai viaggiatori, questa crociera vi permette di toccare molti paesi quali la\u00a0Bosnia Erzegovina, l\u2019Ungheria, l\u2019Austria\u00a0e laSlovacchia. Immergetevi in questa esperienza e preparatevi a visitare dei paesi guardandolo con occhi diversi, dalle acque di uno dei suoi fiumi pi\u00f9 importanti. Il Danubio \u00e8 <a class=\"moretag\" href=\"https:\/\/crociere.evolutiontravel.it\/infovacanze\/crociere-fluviali\/danubio\/\">[&#8230;]<\/a><\/p>\n","protected":false},"author":1,"featured_media":0,"parent":261,"menu_order":0,"comment_status":"closed","ping_status":"open","template":"","meta":{"footnotes":""},"yoast_head":"<!-- This site is optimized with the Yoast SEO plugin v21.9.1 - https:\/\/yoast.com\/wordpress\/plugins\/seo\/ -->\n<title>Crociere fluviali: provate quella lungo il Danubio<\/title>\n<meta name=\"description\" content=\"Il Danubio \u00e8 una delle crociere fluviali pi\u00f9 popolari grazie alla sua bellezza. Alla natura delle sue sponde va infatti sommata la possibilit\u00e0 di visitare alcune delle citt\u00e0 pi\u00f9 belle d\u2019Europa come Vienna, Praga, Bratislava, Budapest.\" \/>\n<meta name=\"robots\" content=\"index, follow, max-snippet:-1, max-image-preview:large, max-video-preview:-1\" \/>\n<link rel=\"canonical\" href=\"https:\/\/crociere.evolutiontravel.it\/infovacanze\/crociere-fluviali\/danubio\/\" \/>\n<meta name=\"twitter:label1\" content=\"Tempo di lettura stimato\" \/>\n\t<meta name=\"twitter:data1\" content=\"2 minuti\" \/>\n<script type=\"application\/ld+json\" class=\"yoast-schema-graph\">{\"@context\":\"https:\/\/schema.org\",\"@graph\":[{\"@type\":\"WebPage\",\"@id\":\"https:\/\/crociere.evolutiontravel.it\/infovacanze\/crociere-fluviali\/danubio\/\",\"url\":\"https:\/\/crociere.evolutiontravel.it\/infovacanze\/crociere-fluviali\/danubio\/\",\"name\":\"Crociere fluviali: provate quella lungo il Danubio\",\"isPartOf\":{\"@id\":\"https:\/\/crociere.evolutiontravel.it\/infovacanze\/#website\"},\"datePublished\":\"2013-08-14T14:51:13+00:00\",\"dateModified\":\"2014-01-06T14:53:41+00:00\",\"description\":\"Il Danubio \u00e8 una delle crociere fluviali pi\u00f9 popolari grazie alla sua bellezza. Alla natura delle sue sponde va infatti sommata la possibilit\u00e0 di visitare alcune delle citt\u00e0 pi\u00f9 belle d\u2019Europa come Vienna, Praga, Bratislava, Budapest.\",\"breadcrumb\":{\"@id\":\"https:\/\/crociere.evolutiontravel.it\/infovacanze\/crociere-fluviali\/danubio\/#breadcrumb\"},\"inLanguage\":\"it-IT\",\"potentialAction\":[{\"@type\":\"ReadAction\",\"target\":[\"https:\/\/crociere.evolutiontravel.it\/infovacanze\/crociere-fluviali\/danubio\/\"]}]},{\"@type\":\"BreadcrumbList\",\"@id\":\"https:\/\/crociere.evolutiontravel.it\/infovacanze\/crociere-fluviali\/danubio\/#breadcrumb\",\"itemListElement\":[{\"@type\":\"ListItem\",\"position\":1,\"name\":\"Crociere fluviali\",\"item\":\"https:\/\/crociere.evolutiontravel.it\/infovacanze\/crociere-fluviali\/\"},{\"@type\":\"ListItem\",\"position\":2,\"name\":\"Danubio\"}]},{\"@type\":\"WebSite\",\"@id\":\"https:\/\/crociere.evolutiontravel.it\/infovacanze\/#website\",\"url\":\"https:\/\/crociere.evolutiontravel.it\/infovacanze\/\",\"name\":\"Crociere\",\"description\":\"\",\"potentialAction\":[{\"@type\":\"SearchAction\",\"target\":{\"@type\":\"EntryPoint\",\"urlTemplate\":\"https:\/\/crociere.evolutiontravel.it\/infovacanze\/?s={search_term_string}\"},\"query-input\":\"required name=search_term_string\"}],\"inLanguage\":\"it-IT\"}]}<\/script>\n<!-- \/ Yoast SEO plugin. -->","yoast_head_json":{"title":"Crociere fluviali: provate quella lungo il Danubio","description":"Il Danubio \u00e8 una delle crociere fluviali pi\u00f9 popolari grazie alla sua bellezza. Alla natura delle sue sponde va infatti sommata la possibilit\u00e0 di visitare alcune delle citt\u00e0 pi\u00f9 belle d\u2019Europa come Vienna, Praga, Bratislava, Budapest.","robots":{"index":"index","follow":"follow","max-snippet":"max-snippet:-1","max-image-preview":"max-image-preview:large","max-video-preview":"max-video-preview:-1"},"canonical":"https:\/\/crociere.evolutiontravel.it\/infovacanze\/crociere-fluviali\/danubio\/","twitter_misc":{"Tempo di lettura stimato":"2 minuti"},"schema":{"@context":"https:\/\/schema.org","@graph":[{"@type":"WebPage","@id":"https:\/\/crociere.evolutiontravel.it\/infovacanze\/crociere-fluviali\/danubio\/","url":"https:\/\/crociere.evolutiontravel.it\/infovacanze\/crociere-fluviali\/danubio\/","name":"Crociere fluviali: provate quella lungo il Danubio","isPartOf":{"@id":"https:\/\/crociere.evolutiontravel.it\/infovacanze\/#website"},"datePublished":"2013-08-14T14:51:13+00:00","dateModified":"2014-01-06T14:53:41+00:00","description":"Il Danubio \u00e8 una delle crociere fluviali pi\u00f9 popolari grazie alla sua bellezza. Alla natura delle sue sponde va infatti sommata la possibilit\u00e0 di visitare alcune delle citt\u00e0 pi\u00f9 belle d\u2019Europa come Vienna, Praga, Bratislava, Budapest.","breadcrumb":{"@id":"https:\/\/crociere.evolutiontravel.it\/infovacanze\/crociere-fluviali\/danubio\/#breadcrumb"},"inLanguage":"it-IT","potentialAction":[{"@type":"ReadAction","target":["https:\/\/crociere.evolutiontravel.it\/infovacanze\/crociere-fluviali\/danubio\/"]}]},{"@type":"BreadcrumbList","@id":"https:\/\/crociere.evolutiontravel.it\/infovacanze\/crociere-fluviali\/danubio\/#breadcrumb","itemListElement":[{"@type":"ListItem","position":1,"name":"Crociere fluviali","item":"https:\/\/crociere.evolutiontravel.it\/infovacanze\/crociere-fluviali\/"},{"@type":"ListItem","position":2,"name":"Danubio"}]},{"@type":"WebSite","@id":"https:\/\/crociere.evolutiontravel.it\/infovacanze\/#website","url":"https:\/\/crociere.evolutiontravel.it\/infovacanze\/","name":"Crociere","description":"","potentialAction":[{"@type":"SearchAction","target":{"@type":"EntryPoint","urlTemplate":"https:\/\/crociere.evolutiontravel.it\/infovacanze\/?s={search_term_string}"},"query-input":"required name=search_term_string"}],"inLanguage":"it-IT"}]}},"_links":{"self":[{"href":"https:\/\/crociere.evolutiontravel.it\/infovacanze\/wp-json\/wp\/v2\/pages\/268"}],"collection":[{"href":"https:\/\/crociere.evolutiontravel.it\/infovacanze\/wp-json\/wp\/v2\/pages"}],"about":[{"href":"https:\/\/crociere.evolutiontravel.it\/infovacanze\/wp-json\/wp\/v2\/types\/page"}],"author":[{"embeddable":true,"href":"https:\/\/crociere.evolutiontravel.it\/infovacanze\/wp-json\/wp\/v2\/users\/1"}],"replies":[{"embeddable":true,"href":"https:\/\/crociere.evolutiontravel.it\/infovacanze\/wp-json\/wp\/v2\/comments?post=268"}],"version-history":[{"count":3,"href":"https:\/\/crociere.evolutiontravel.it\/infovacanze\/wp-json\/wp\/v2\/pages\/268\/revisions"}],"predecessor-version":[{"id":514,"href":"https:\/\/crociere.evolutiontravel.it\/infovacanze\/wp-json\/wp\/v2\/pages\/268\/revisions\/514"}],"up":[{"embeddable":true,"href":"https:\/\/crociere.evolutiontravel.it\/infovacanze\/wp-json\/wp\/v2\/pages\/261"}],"wp:attachment":[{"href":"https:\/\/crociere.evolutiontravel.it\/infovacanze\/wp-json\/wp\/v2\/media?parent=268"}],"curies":[{"name":"wp","href":"https:\/\/api.w.org\/{rel}","templated":true}]}}