{"id":307,"date":"2013-08-14T17:14:04","date_gmt":"2013-08-14T15:14:04","guid":{"rendered":"http:\/\/crociere.evolutiontravel.it\/infovacanze\/?page_id=307"},"modified":"2014-01-06T16:02:24","modified_gmt":"2014-01-06T15:02:24","slug":"crociere-costa","status":"publish","type":"page","link":"https:\/\/crociere.evolutiontravel.it\/infovacanze\/crociere-costa\/","title":{"rendered":"Crociere Costa"},"content":{"rendered":"<p align=\"justify\">\n<p align=\"justify\">Le\u00a0<strong>crociere Costa<\/strong>\u00a0rappresentano l\u2019eccellenza europea dei viaggi via mare, eccellenza che affonda le sue radici nella lunga tradizione crocieristica di questa compagnia di navigazione, ma anche nel suo spirito da sempre innovatore in ogni campo, nella cura per il dettaglio e nell\u2019attenzione per i passeggeri.<br \/>\nCi\u00f2 che contraddistingue le\u00a0<strong>crociere Costa\u00a0<\/strong>\u00e8 il fatto di essere il risultato straordinario della somma di vari, esclusivi fattori, che rendono le\u00a0<strong>crociere Costa<\/strong>\u00a0viaggi<strong>\u00a0<\/strong>e vacanze davvero unici, indimenticabili e speciali da ogni punto di vista; al contempo, le\u00a0<strong>crociere Costa<\/strong>\u00a0\u00a0costituiscono un vero lusso accessibile a tutti, grazie alle innumerevoli\u00a0<strong>offerte<\/strong>\u00a0e\u00a0<strong>promozioni<\/strong>\u00a0pensate per soddisfare le esigenze di qualsiasi tipo di clientela.<\/p>\n<p align=\"justify\">Una delle particolarit\u00e0 delle\u00a0<strong>crociere Costa\u00a0<\/strong>\u00e8 di essere proposte sempre con larghissimo\u00a0<strong>anticipo<\/strong>, consentendo di scegliere e pianificare al meglio le proprie<strong>\u00a0crociere Costa<\/strong>: ogni dettaglio pu\u00f2 essere arrangiato e personalizzato gi\u00e0 in fase di\u00a0<strong>prenotazione<\/strong>, per garantire le tariffe migliori e l\u2019assoluta tranquillit\u00e0 durante il viaggio.<\/p>\n<p align=\"justify\">La vera magia delle\u00a0<strong>crociere Costa\u00a0<\/strong>comincia una volta a bordo: ognuna delle sedici\u00a0<strong>navi<\/strong>\u00a0che compongono attualmente la flotta della compagnia \u00e8 assolutamente peculiare, gli spazi di ognuna riflettono una diversa, originale ispirazione (la luce, la musica, la mitologia ecc.) pur rispondendo tutte ai medesimi canoni di straordinaria eleganza sia nei colori che nelle architetture: le\u00a0<strong>navi<\/strong>\u00a0a bordo delle quali vivrete l\u2019esperienza delle vostre\u00a0<strong>crociere Costa\u00a0<\/strong>hanno come denominatore comune il massimo del lusso e del piacere sensoriale garantiti dai raffinati canoni dello stile italiano e del pregio dei manufatti artigianali ed artistici, decorativi e stilistici che arricchiscono gli interni delle\u00a0<strong>navi<\/strong>.<\/p>\n<p>Le\u00a0<strong>navi<\/strong>\u00a0delle\u00a0<strong>crociere Costa\u00a0<\/strong>sono anche simbolo di confort e di modernit\u00e0, grazie alle tecnologie d\u2019avanguardia che vengono utilizzate per la navigazione e il suo impatto con l\u2019ecologia marina: numerosi i premi e i riconoscimenti alla compagnia per il suo impegno nella salvaguardia dell\u2019ambiente.<\/p>\n<p align=\"justify\">Ma i veri ingredienti delle\u00a0<strong>crociere Costa\u00a0<\/strong>sono essenzialmente tre, tutti elevati all\u2019eccellenza: il relax, il divertimento e la scoperta.<\/p>\n<p align=\"justify\">Le\u00a0<strong>crociere Costa<\/strong>\u00a0sono vacanze durante le quali potete davvero staccare la spina e dedicarvi solo a voi stessi e al vostro piacere godendovi le piscine, i centri spa che propongono trattamenti, corsi e spazi esclusivi, i ristoranti dalla gastronomia prelibata ed affidandovi a staff di centinaia di addetti a vostra completa disposizione 24 ore al giorno.<\/p>\n<p align=\"justify\">Le\u00a0<strong>crociere Costa\u00a0<\/strong>sono anche sinonimo di divertimento grazie agli immensi spazi comuni dedicati all\u2019intrattenimento di grandi e piccini: dalle aree sportive, ai club per bambini e ragazzi e poi cinema, teatri, discoteche, sale giochi e mille altre proposte.<\/p>\n<p align=\"justify\">Infine, le\u00a0<strong>crociere Costa\u00a0<\/strong>vi aprono le porte del mondo, con rotte che toccano tutti e cinque i continenti e un variegatissimo ventaglio di escursioni che permettono di scoprirne gli angoli pi\u00f9 meravigliosi. Durante tutto l\u2019anno, infiniti sono gli\u00a0<strong>itinerari\u00a0<\/strong>proposti per le\u00a0<strong>crociere Costa\u00a0<\/strong>con destinazioni quali Mar Rosso, Emirati Arabi, Oceano Indiano, Asia ed Oceania, Caraibi e America Centrale e Meridionale, tutto il Mediterraneo e l\u2019Europa del Nord: diverse per durata e panorami, le\u00a0<strong>crociere Costa\u00a0<\/strong>sono impareggiabili nel fascino.<\/p>\n","protected":false},"excerpt":{"rendered":"<p>Le\u00a0crociere Costa\u00a0rappresentano l\u2019eccellenza europea dei viaggi via mare, eccellenza che affonda le sue radici nella lunga tradizione crocieristica di questa compagnia di navigazione, ma anche nel suo spirito da sempre innovatore in ogni campo, nella cura per il dettaglio e nell\u2019attenzione per i passeggeri. Ci\u00f2 che contraddistingue le\u00a0crociere Costa\u00a0\u00e8 il fatto di essere il risultato <a class=\"moretag\" href=\"https:\/\/crociere.evolutiontravel.it\/infovacanze\/crociere-costa\/\">[&#8230;]<\/a><\/p>\n","protected":false},"author":1,"featured_media":0,"parent":0,"menu_order":0,"comment_status":"closed","ping_status":"open","template":"","meta":{"footnotes":""},"yoast_head":"<!-- This site is optimized with the Yoast SEO plugin v21.9.1 - https:\/\/yoast.com\/wordpress\/plugins\/seo\/ -->\n<title>Crociere Costa: il piacere dell\u2019eccellenza<\/title>\n<meta name=\"description\" content=\"Le crociere Costa sono l\u2019essenza di tutto il meglio che ci si pu\u00f2 aspettare da una vacanza: tantissime proposte di itinerari nelle pi\u00f9 belle localit\u00e0 del mondo, navi lussuose e raffinatezza dei dettagli per piacere dei sensi, un\u2019eccellenza accessibile a tutti.\" \/>\n<meta name=\"robots\" content=\"index, follow, max-snippet:-1, max-image-preview:large, max-video-preview:-1\" \/>\n<link rel=\"canonical\" href=\"https:\/\/crociere.evolutiontravel.it\/infovacanze\/crociere-costa\/\" \/>\n<meta name=\"twitter:label1\" content=\"Tempo di lettura stimato\" \/>\n\t<meta name=\"twitter:data1\" content=\"3 minuti\" \/>\n<script type=\"application\/ld+json\" class=\"yoast-schema-graph\">{\"@context\":\"https:\/\/schema.org\",\"@graph\":[{\"@type\":\"WebPage\",\"@id\":\"https:\/\/crociere.evolutiontravel.it\/infovacanze\/crociere-costa\/\",\"url\":\"https:\/\/crociere.evolutiontravel.it\/infovacanze\/crociere-costa\/\",\"name\":\"Crociere Costa: il piacere dell\u2019eccellenza\",\"isPartOf\":{\"@id\":\"https:\/\/crociere.evolutiontravel.it\/infovacanze\/#website\"},\"datePublished\":\"2013-08-14T15:14:04+00:00\",\"dateModified\":\"2014-01-06T15:02:24+00:00\",\"description\":\"Le crociere Costa sono l\u2019essenza di tutto il meglio che ci si pu\u00f2 aspettare da una vacanza: tantissime proposte di itinerari nelle pi\u00f9 belle localit\u00e0 del mondo, navi lussuose e raffinatezza dei dettagli per piacere dei sensi, un\u2019eccellenza accessibile a tutti.\",\"inLanguage\":\"it-IT\",\"potentialAction\":[{\"@type\":\"ReadAction\",\"target\":[\"https:\/\/crociere.evolutiontravel.it\/infovacanze\/crociere-costa\/\"]}]},{\"@type\":\"WebSite\",\"@id\":\"https:\/\/crociere.evolutiontravel.it\/infovacanze\/#website\",\"url\":\"https:\/\/crociere.evolutiontravel.it\/infovacanze\/\",\"name\":\"Crociere\",\"description\":\"\",\"potentialAction\":[{\"@type\":\"SearchAction\",\"target\":{\"@type\":\"EntryPoint\",\"urlTemplate\":\"https:\/\/crociere.evolutiontravel.it\/infovacanze\/?s={search_term_string}\"},\"query-input\":\"required name=search_term_string\"}],\"inLanguage\":\"it-IT\"}]}<\/script>\n<!-- \/ Yoast SEO plugin. -->","yoast_head_json":{"title":"Crociere Costa: il piacere dell\u2019eccellenza","description":"Le crociere Costa sono l\u2019essenza di tutto il meglio che ci si pu\u00f2 aspettare da una vacanza: tantissime proposte di itinerari nelle pi\u00f9 belle localit\u00e0 del mondo, navi lussuose e raffinatezza dei dettagli per piacere dei sensi, un\u2019eccellenza accessibile a tutti.","robots":{"index":"index","follow":"follow","max-snippet":"max-snippet:-1","max-image-preview":"max-image-preview:large","max-video-preview":"max-video-preview:-1"},"canonical":"https:\/\/crociere.evolutiontravel.it\/infovacanze\/crociere-costa\/","twitter_misc":{"Tempo di lettura stimato":"3 minuti"},"schema":{"@context":"https:\/\/schema.org","@graph":[{"@type":"WebPage","@id":"https:\/\/crociere.evolutiontravel.it\/infovacanze\/crociere-costa\/","url":"https:\/\/crociere.evolutiontravel.it\/infovacanze\/crociere-costa\/","name":"Crociere Costa: il piacere dell\u2019eccellenza","isPartOf":{"@id":"https:\/\/crociere.evolutiontravel.it\/infovacanze\/#website"},"datePublished":"2013-08-14T15:14:04+00:00","dateModified":"2014-01-06T15:02:24+00:00","description":"Le crociere Costa sono l\u2019essenza di tutto il meglio che ci si pu\u00f2 aspettare da una vacanza: tantissime proposte di itinerari nelle pi\u00f9 belle localit\u00e0 del mondo, navi lussuose e raffinatezza dei dettagli per piacere dei sensi, un\u2019eccellenza accessibile a tutti.","inLanguage":"it-IT","potentialAction":[{"@type":"ReadAction","target":["https:\/\/crociere.evolutiontravel.it\/infovacanze\/crociere-costa\/"]}]},{"@type":"WebSite","@id":"https:\/\/crociere.evolutiontravel.it\/infovacanze\/#website","url":"https:\/\/crociere.evolutiontravel.it\/infovacanze\/","name":"Crociere","description":"","potentialAction":[{"@type":"SearchAction","target":{"@type":"EntryPoint","urlTemplate":"https:\/\/crociere.evolutiontravel.it\/infovacanze\/?s={search_term_string}"},"query-input":"required name=search_term_string"}],"inLanguage":"it-IT"}]}},"_links":{"self":[{"href":"https:\/\/crociere.evolutiontravel.it\/infovacanze\/wp-json\/wp\/v2\/pages\/307"}],"collection":[{"href":"https:\/\/crociere.evolutiontravel.it\/infovacanze\/wp-json\/wp\/v2\/pages"}],"about":[{"href":"https:\/\/crociere.evolutiontravel.it\/infovacanze\/wp-json\/wp\/v2\/types\/page"}],"author":[{"embeddable":true,"href":"https:\/\/crociere.evolutiontravel.it\/infovacanze\/wp-json\/wp\/v2\/users\/1"}],"replies":[{"embeddable":true,"href":"https:\/\/crociere.evolutiontravel.it\/infovacanze\/wp-json\/wp\/v2\/comments?post=307"}],"version-history":[{"count":3,"href":"https:\/\/crociere.evolutiontravel.it\/infovacanze\/wp-json\/wp\/v2\/pages\/307\/revisions"}],"predecessor-version":[{"id":528,"href":"https:\/\/crociere.evolutiontravel.it\/infovacanze\/wp-json\/wp\/v2\/pages\/307\/revisions\/528"}],"wp:attachment":[{"href":"https:\/\/crociere.evolutiontravel.it\/infovacanze\/wp-json\/wp\/v2\/media?parent=307"}],"curies":[{"name":"wp","href":"https:\/\/api.w.org\/{rel}","templated":true}]}}