{"id":314,"date":"2013-08-14T17:36:48","date_gmt":"2013-08-14T15:36:48","guid":{"rendered":"http:\/\/crociere.evolutiontravel.it\/infovacanze\/?page_id=314"},"modified":"2014-01-06T16:04:30","modified_gmt":"2014-01-06T15:04:30","slug":"offerte","status":"publish","type":"page","link":"https:\/\/crociere.evolutiontravel.it\/infovacanze\/crociere-costa\/offerte\/","title":{"rendered":"Offerte"},"content":{"rendered":"<p align=\"justify\">\n<p align=\"justify\">Le\u00a0<strong>offerte<\/strong>\u00a0di<strong>\u00a0Costa Crociere<\/strong>\u00a0sono innumerevoli, differenziate a seconda della tipologia di clientela e delle esigenze di ognuna di esse: l\u2019obiettivo della compagnia \u00e8 garantirvi un risparmio economico senza rinunciare a vacanze sfarzose ed uniche, alla tranquillit\u00e0 di pianificare la propria crociera secondo i propri tempi e gusti grazie alla possibilit\u00e0 di usufruire delle\u00a0<strong>offerte<\/strong>\u00a0di<strong>\u00a0Costa Crociere<\/strong>\u00a0che<strong>\u00a0<\/strong>preferite e che<strong>\u00a0<\/strong>renderanno speciali i vostri momenti pi\u00f9 importanti.<\/p>\n<p align=\"justify\">La principale e pi\u00f9 celebre tra le\u00a0<strong>offerte<\/strong>\u00a0di<strong>\u00a0Costa Crociere\u00a0<\/strong>\u00e8\u00a0<strong>Prenota Subito<\/strong>, una promozione esclusiva, prevista a catalogo per tutti gli itinerari della compagnia e cumulabile con altre offerte per assicurarvi il massimo della convenienza. Come la maggior parte delle\u00a0<strong>offerte<\/strong>\u00a0di<strong>\u00a0Costa Crociere<\/strong>,<strong>Prenota Subito<\/strong>\u00a0premia i clienti che prenotano la propria crociera il pi\u00f9 possibile in anticipo, proponendo loro tariffe fortemente scontate rispetto al prezzo di listino e tutta una serie di vantaggi annessi, quali sconti su trattamenti benessere e consumazione di bevande e privilegi nell\u2019accesso ai ristoranti a bordo e nella scelta delle escursioni.<br \/>\nLe\u00a0<strong>offerte<\/strong>\u00a0di<strong>\u00a0Costa Crociere Prenota Subito<\/strong>, per\u00f2, hanno disponibilit\u00e0 limitata: una volta esaurite queste, le\u00a0<strong>offerte\u00a0<\/strong>di<strong>\u00a0Costa Crociere\u00a0<\/strong>continuano ogni giorno con\u00a0<strong>Miglior Prezzo<\/strong>, tariffa comunque ribassata rispetto al listino.<\/p>\n<p align=\"justify\">Le\u00a0<strong>offerte<\/strong>\u00a0di<strong>\u00a0Costa Crociere\u00a0<\/strong>che garantiscono il massimo del risparmio sono quelle denominate\u00a0<strong>Parti Subito<\/strong>: generalmente proposte per vacanze lastminute,<strong>\u00a0<\/strong>queste<strong>\u00a0offerte<\/strong>\u00a0di<strong>\u00a0Costa Crociere\u00a0<\/strong>prevedono che si scelgano solo tipologia di cabina e periodo, mentre l\u2019itinerario e la nave che lo percorrer\u00e0 saranno assegnati dalla compagnia e comunicati a quindici giorni dalla partenza.<\/p>\n<p align=\"justify\">Chi ha gi\u00e0 le idee chiare pu\u00f2 usufruire delle\u00a0<strong>offerte<\/strong>\u00a0di<strong>\u00a0Costa Crociere\u00a0<\/strong>previste in caso di prenotazione con\u00a0<strong>Booking Rapido<\/strong>: assicurarsi le tariffe pi\u00f9 basse \u00e8 semplice e velocissimo, bastano pochi click collegandosi al sito internet della compagnia.<\/p>\n<p align=\"justify\">Davvero speciali sono le\u00a0<strong>offerte<\/strong>\u00a0di<strong>\u00a0Costa Crociere\u00a0<\/strong>pensate per le<strong>famiglie<\/strong>: tutto l\u2019anno, per tutti gli itinerari nel Mediterraneo e anche verso altre destinazioni in alcuni particolari periodi dell\u2019anno, bambini e ragazzi fino a 18 anni viaggiano gratis in cabina con due adulti, ma esistono<strong><\/strong>anche\u00a0<strong>offerte<\/strong>\u00a0di<strong>\u00a0Costa Crociere per\u00a0<\/strong>chi vuole concedere ai propri figli il piacere di una cabina tutta per loro.<\/p>\n<p align=\"justify\">Vantaggiosissime le\u00a0<strong>offerte<\/strong>\u00a0di<strong>\u00a0Costa Crociere\u00a0<\/strong>per i<strong>\u00a0gruppi\u00a0<\/strong>di almeno dieci persone, ma anche per i<strong>\u00a0single<\/strong>: maggiore \u00e8 l\u2019anticipo con cui prenotano, minore \u00e8 il supplemento da pagare per assicurarsi il confort di una cabina uso singola.<\/p>\n<p align=\"justify\">Inoltre, alcune\u00a0<strong>offerte<\/strong>\u00a0di<strong>\u00a0Costa Crociere\u00a0<\/strong>prevedono uno sconto del 5% sulla tariffa scelta e sono riservate ai\u00a0<strong>giovani\u00a0<\/strong>dai 18 ai 34 anni, e, presentando il certificato di matrimonio, alle coppie in\u00a0<strong>viaggio di nozze<\/strong>\u00a0o a quelle che festeggiano, nel 2012,\u00a0<strong>anniversari<\/strong>\u00a0multipli di cinque anni.<\/p>\n<p align=\"justify\">Infine, per vacanze tranquille, pianificate con anticipo e nel dettaglio, esistono le\u00a0<strong>offerte<\/strong>\u00a0di<strong>\u00a0Costa Crociere\u00a0<\/strong>che<strong>\u00a0<\/strong>permettono di accaparrarsi alcuni pacchetti a ottimi prezzi, prenotandoli prima della partenza:\u00a0<strong>All Inclusive bevande<\/strong>, anche in versione Young, e<strong>\u00a0Tour Bonus<\/strong>, cio\u00e8 una selezione delle migliori escursioni proposte per ogni specifico itinerario a partire da soli 99 euro.<\/p>\n","protected":false},"excerpt":{"rendered":"<p>Le\u00a0offerte\u00a0di\u00a0Costa Crociere\u00a0sono innumerevoli, differenziate a seconda della tipologia di clientela e delle esigenze di ognuna di esse: l\u2019obiettivo della compagnia \u00e8 garantirvi un risparmio economico senza rinunciare a vacanze sfarzose ed uniche, alla tranquillit\u00e0 di pianificare la propria crociera secondo i propri tempi e gusti grazie alla possibilit\u00e0 di usufruire delle\u00a0offerte\u00a0di\u00a0Costa Crociere\u00a0che\u00a0preferite e che\u00a0renderanno speciali <a class=\"moretag\" href=\"https:\/\/crociere.evolutiontravel.it\/infovacanze\/crociere-costa\/offerte\/\">[&#8230;]<\/a><\/p>\n","protected":false},"author":1,"featured_media":0,"parent":307,"menu_order":0,"comment_status":"closed","ping_status":"open","template":"","meta":{"footnotes":""},"yoast_head":"<!-- This site is optimized with the Yoast SEO plugin v21.9.1 - https:\/\/yoast.com\/wordpress\/plugins\/seo\/ -->\n<title>Offerte di Costa Crociere: a ognuno la sua<\/title>\n<meta name=\"description\" content=\"Le offerte di Costa Crociere premiano soprattutto coloro che giocano d\u2019anticipo garantendo loro tariffe assolutamente vantaggiose; e Costa ha promozioni per ogni tipo di clientela: grandi, piccini, innamorati e amanti del piacere, ognuno pu\u00f2 trovare la sua\" \/>\n<meta name=\"robots\" content=\"index, follow, max-snippet:-1, max-image-preview:large, max-video-preview:-1\" \/>\n<link rel=\"canonical\" href=\"https:\/\/crociere.evolutiontravel.it\/infovacanze\/crociere-costa\/offerte\/\" \/>\n<meta name=\"twitter:label1\" content=\"Tempo di lettura stimato\" \/>\n\t<meta name=\"twitter:data1\" content=\"2 minuti\" \/>\n<script type=\"application\/ld+json\" class=\"yoast-schema-graph\">{\"@context\":\"https:\/\/schema.org\",\"@graph\":[{\"@type\":\"WebPage\",\"@id\":\"https:\/\/crociere.evolutiontravel.it\/infovacanze\/crociere-costa\/offerte\/\",\"url\":\"https:\/\/crociere.evolutiontravel.it\/infovacanze\/crociere-costa\/offerte\/\",\"name\":\"Offerte di Costa Crociere: a ognuno la sua\",\"isPartOf\":{\"@id\":\"https:\/\/crociere.evolutiontravel.it\/infovacanze\/#website\"},\"datePublished\":\"2013-08-14T15:36:48+00:00\",\"dateModified\":\"2014-01-06T15:04:30+00:00\",\"description\":\"Le offerte di Costa Crociere premiano soprattutto coloro che giocano d\u2019anticipo garantendo loro tariffe assolutamente vantaggiose; e Costa ha promozioni per ogni tipo di clientela: grandi, piccini, innamorati e amanti del piacere, ognuno pu\u00f2 trovare la sua\",\"breadcrumb\":{\"@id\":\"https:\/\/crociere.evolutiontravel.it\/infovacanze\/crociere-costa\/offerte\/#breadcrumb\"},\"inLanguage\":\"it-IT\",\"potentialAction\":[{\"@type\":\"ReadAction\",\"target\":[\"https:\/\/crociere.evolutiontravel.it\/infovacanze\/crociere-costa\/offerte\/\"]}]},{\"@type\":\"BreadcrumbList\",\"@id\":\"https:\/\/crociere.evolutiontravel.it\/infovacanze\/crociere-costa\/offerte\/#breadcrumb\",\"itemListElement\":[{\"@type\":\"ListItem\",\"position\":1,\"name\":\"Crociere Costa\",\"item\":\"https:\/\/crociere.evolutiontravel.it\/infovacanze\/crociere-costa\/\"},{\"@type\":\"ListItem\",\"position\":2,\"name\":\"Offerte\"}]},{\"@type\":\"WebSite\",\"@id\":\"https:\/\/crociere.evolutiontravel.it\/infovacanze\/#website\",\"url\":\"https:\/\/crociere.evolutiontravel.it\/infovacanze\/\",\"name\":\"Crociere\",\"description\":\"\",\"potentialAction\":[{\"@type\":\"SearchAction\",\"target\":{\"@type\":\"EntryPoint\",\"urlTemplate\":\"https:\/\/crociere.evolutiontravel.it\/infovacanze\/?s={search_term_string}\"},\"query-input\":\"required name=search_term_string\"}],\"inLanguage\":\"it-IT\"}]}<\/script>\n<!-- \/ Yoast SEO plugin. -->","yoast_head_json":{"title":"Offerte di Costa Crociere: a ognuno la sua","description":"Le offerte di Costa Crociere premiano soprattutto coloro che giocano d\u2019anticipo garantendo loro tariffe assolutamente vantaggiose; e Costa ha promozioni per ogni tipo di clientela: grandi, piccini, innamorati e amanti del piacere, ognuno pu\u00f2 trovare la sua","robots":{"index":"index","follow":"follow","max-snippet":"max-snippet:-1","max-image-preview":"max-image-preview:large","max-video-preview":"max-video-preview:-1"},"canonical":"https:\/\/crociere.evolutiontravel.it\/infovacanze\/crociere-costa\/offerte\/","twitter_misc":{"Tempo di lettura stimato":"2 minuti"},"schema":{"@context":"https:\/\/schema.org","@graph":[{"@type":"WebPage","@id":"https:\/\/crociere.evolutiontravel.it\/infovacanze\/crociere-costa\/offerte\/","url":"https:\/\/crociere.evolutiontravel.it\/infovacanze\/crociere-costa\/offerte\/","name":"Offerte di Costa Crociere: a ognuno la sua","isPartOf":{"@id":"https:\/\/crociere.evolutiontravel.it\/infovacanze\/#website"},"datePublished":"2013-08-14T15:36:48+00:00","dateModified":"2014-01-06T15:04:30+00:00","description":"Le offerte di Costa Crociere premiano soprattutto coloro che giocano d\u2019anticipo garantendo loro tariffe assolutamente vantaggiose; e Costa ha promozioni per ogni tipo di clientela: grandi, piccini, innamorati e amanti del piacere, ognuno pu\u00f2 trovare la sua","breadcrumb":{"@id":"https:\/\/crociere.evolutiontravel.it\/infovacanze\/crociere-costa\/offerte\/#breadcrumb"},"inLanguage":"it-IT","potentialAction":[{"@type":"ReadAction","target":["https:\/\/crociere.evolutiontravel.it\/infovacanze\/crociere-costa\/offerte\/"]}]},{"@type":"BreadcrumbList","@id":"https:\/\/crociere.evolutiontravel.it\/infovacanze\/crociere-costa\/offerte\/#breadcrumb","itemListElement":[{"@type":"ListItem","position":1,"name":"Crociere Costa","item":"https:\/\/crociere.evolutiontravel.it\/infovacanze\/crociere-costa\/"},{"@type":"ListItem","position":2,"name":"Offerte"}]},{"@type":"WebSite","@id":"https:\/\/crociere.evolutiontravel.it\/infovacanze\/#website","url":"https:\/\/crociere.evolutiontravel.it\/infovacanze\/","name":"Crociere","description":"","potentialAction":[{"@type":"SearchAction","target":{"@type":"EntryPoint","urlTemplate":"https:\/\/crociere.evolutiontravel.it\/infovacanze\/?s={search_term_string}"},"query-input":"required name=search_term_string"}],"inLanguage":"it-IT"}]}},"_links":{"self":[{"href":"https:\/\/crociere.evolutiontravel.it\/infovacanze\/wp-json\/wp\/v2\/pages\/314"}],"collection":[{"href":"https:\/\/crociere.evolutiontravel.it\/infovacanze\/wp-json\/wp\/v2\/pages"}],"about":[{"href":"https:\/\/crociere.evolutiontravel.it\/infovacanze\/wp-json\/wp\/v2\/types\/page"}],"author":[{"embeddable":true,"href":"https:\/\/crociere.evolutiontravel.it\/infovacanze\/wp-json\/wp\/v2\/users\/1"}],"replies":[{"embeddable":true,"href":"https:\/\/crociere.evolutiontravel.it\/infovacanze\/wp-json\/wp\/v2\/comments?post=314"}],"version-history":[{"count":3,"href":"https:\/\/crociere.evolutiontravel.it\/infovacanze\/wp-json\/wp\/v2\/pages\/314\/revisions"}],"predecessor-version":[{"id":526,"href":"https:\/\/crociere.evolutiontravel.it\/infovacanze\/wp-json\/wp\/v2\/pages\/314\/revisions\/526"}],"up":[{"embeddable":true,"href":"https:\/\/crociere.evolutiontravel.it\/infovacanze\/wp-json\/wp\/v2\/pages\/307"}],"wp:attachment":[{"href":"https:\/\/crociere.evolutiontravel.it\/infovacanze\/wp-json\/wp\/v2\/media?parent=314"}],"curies":[{"name":"wp","href":"https:\/\/api.w.org\/{rel}","templated":true}]}}