{"id":397,"date":"2013-10-28T18:34:01","date_gmt":"2013-10-28T17:34:01","guid":{"rendered":"http:\/\/crociere.evolutiontravel.it\/infovacanze\/?page_id=397"},"modified":"2014-01-02T11:44:44","modified_gmt":"2014-01-02T10:44:44","slug":"offerte","status":"publish","type":"page","link":"https:\/\/crociere.evolutiontravel.it\/infovacanze\/offerte\/","title":{"rendered":"Offerte"},"content":{"rendered":"<p>Il sogno di una magnifica <b>crociera <\/b>pu\u00f2 finalmente diventare realt\u00e0, finalmente sono arrivate moltissime <b>offerte <\/b>che vi permettono di scegliere tra tanti itinerari interessanti quello pi\u00f9 adatto a voi, alla vostra voglia di viaggiare per mare, di scoprire nuovi punti di vista, godendo di tutti i confort di cui sono dotate le <b>navi da crociera.<\/b><\/p>\n<p>Questo magico modo di raggiungere citt\u00e0 ricche di sole e di attrattive interessanti, utilizzando un mezzo come una <b>nave da crociera, <\/b>vi permetter\u00e0 di vivere la vacanza da un altro punto di vista, e allo stesso tempo potrete godere di tutti i servizi che la <b>nave <\/b>e la sua organizzazione metteranno a vostra disposizione. Ricordiamo che una <b>nave da crociera <\/b>\u00e8 un mondo pieno di <b>offerte<\/b> pensate e costruite per il vostro benessere, relax e divertimento, una volta a bordo non vi resta che godervi il viaggio, e utilizzare al meglio tutti i servizi a vostra disposizione: dalla palestra, alla piscina, centro benessere, spettacoli e intrattenimento, servizio di ristorazione in camera o nelle room di queste splendide <b>navi, <\/b>costruite per accogliere al meglio i passeggeri, e soddisfare ogni esigenza di confort. Una <b>nave da crociera <\/b>\u00e8 un villaggio galleggiante costruito con tutti i servizi che una citt\u00e0 pu\u00f2 offrirvi, e questo per permettervi di vivere il mare e l\u2019approdo in un modo veramente unico.<\/p>\n<p>Tutto ci\u00f2 non vi \u00e8 proposto solo ad un prezzo proibitivo, non fermatevi a questo timore, ma cominciate a cercare le numerose <b>offerte <\/b>che il settore propone, per dare la possibilit\u00e0 al maggior numero di persone possibile di vivere questa esperienza densa di nuove emozioni, che sicuramente renderanno la vostra vacanza ricca di soddisfazione.<\/p>\n<p>Le <b>offerte <\/b>relative alle <b>crociere <\/b>sono presenti tutto l\u2019anno e si dividono anche per zone geografiche, cercate quella che pi\u00f9 vi interessa e cominciate a programmare la vostra esperienza di viaggiatori per mare, il prezzo che potrete trovare sar\u00e0 senz\u2019altro allettante, e potr\u00e0 mettervi facilmente nella condizione di provare un\u2019esperienza unica. Durante questo viaggio potrete provare la sensazione\u00a0 di ampio spazio del mare aperto, i confort di una <b>nave<\/b> altamente strutturata, e gli stimoli delle citt\u00e0 che durante gli approdi potrete visitare, incontrandole dal mare.<\/p>\n","protected":false},"excerpt":{"rendered":"<p>Il sogno di una magnifica crociera pu\u00f2 finalmente diventare realt\u00e0, finalmente sono arrivate moltissime offerte che vi permettono di scegliere tra tanti itinerari interessanti quello pi\u00f9 adatto a voi, alla vostra voglia di viaggiare per mare, di scoprire nuovi punti di vista, godendo di tutti i confort di cui sono dotate le navi da crociera. <a class=\"moretag\" href=\"https:\/\/crociere.evolutiontravel.it\/infovacanze\/offerte\/\">[&#8230;]<\/a><\/p>\n","protected":false},"author":1,"featured_media":0,"parent":0,"menu_order":0,"comment_status":"closed","ping_status":"open","template":"","meta":{"footnotes":""},"yoast_head":"<!-- This site is optimized with the Yoast SEO plugin v21.9.1 - https:\/\/yoast.com\/wordpress\/plugins\/seo\/ -->\n<title>Crociere offerte<\/title>\n<meta name=\"description\" content=\"La crociera non \u00e8 pi\u00f9 un sogno destinato a pochi, oggi potete trovare offerte molto interessanti che renderanno possibile vivere questa esperienza unica. Potrete provare a sentirvi viaggiatori per mare, utilizzare le strutture della nave pensate per il vostro divertimento e il vostro relax, ed inoltre visiterete magiche citt\u00e0, incontrandole dal mare. Non perdete l\u2019opportunit\u00e0 di fare nuove esperienze ad un prezzo veramente interessante.\" \/>\n<meta name=\"robots\" content=\"index, follow, max-snippet:-1, max-image-preview:large, max-video-preview:-1\" \/>\n<link rel=\"canonical\" href=\"https:\/\/crociere.evolutiontravel.it\/infovacanze\/offerte\/\" \/>\n<meta name=\"twitter:label1\" content=\"Tempo di lettura stimato\" \/>\n\t<meta name=\"twitter:data1\" content=\"2 minuti\" \/>\n<script type=\"application\/ld+json\" class=\"yoast-schema-graph\">{\"@context\":\"https:\/\/schema.org\",\"@graph\":[{\"@type\":\"WebPage\",\"@id\":\"https:\/\/crociere.evolutiontravel.it\/infovacanze\/offerte\/\",\"url\":\"https:\/\/crociere.evolutiontravel.it\/infovacanze\/offerte\/\",\"name\":\"Crociere offerte\",\"isPartOf\":{\"@id\":\"https:\/\/crociere.evolutiontravel.it\/infovacanze\/#website\"},\"datePublished\":\"2013-10-28T17:34:01+00:00\",\"dateModified\":\"2014-01-02T10:44:44+00:00\",\"description\":\"La crociera non \u00e8 pi\u00f9 un sogno destinato a pochi, oggi potete trovare offerte molto interessanti che renderanno possibile vivere questa esperienza unica. Potrete provare a sentirvi viaggiatori per mare, utilizzare le strutture della nave pensate per il vostro divertimento e il vostro relax, ed inoltre visiterete magiche citt\u00e0, incontrandole dal mare. Non perdete l\u2019opportunit\u00e0 di fare nuove esperienze ad un prezzo veramente interessante.\",\"inLanguage\":\"it-IT\",\"potentialAction\":[{\"@type\":\"ReadAction\",\"target\":[\"https:\/\/crociere.evolutiontravel.it\/infovacanze\/offerte\/\"]}]},{\"@type\":\"WebSite\",\"@id\":\"https:\/\/crociere.evolutiontravel.it\/infovacanze\/#website\",\"url\":\"https:\/\/crociere.evolutiontravel.it\/infovacanze\/\",\"name\":\"Crociere\",\"description\":\"\",\"potentialAction\":[{\"@type\":\"SearchAction\",\"target\":{\"@type\":\"EntryPoint\",\"urlTemplate\":\"https:\/\/crociere.evolutiontravel.it\/infovacanze\/?s={search_term_string}\"},\"query-input\":\"required name=search_term_string\"}],\"inLanguage\":\"it-IT\"}]}<\/script>\n<!-- \/ Yoast SEO plugin. -->","yoast_head_json":{"title":"Crociere offerte","description":"La crociera non \u00e8 pi\u00f9 un sogno destinato a pochi, oggi potete trovare offerte molto interessanti che renderanno possibile vivere questa esperienza unica. Potrete provare a sentirvi viaggiatori per mare, utilizzare le strutture della nave pensate per il vostro divertimento e il vostro relax, ed inoltre visiterete magiche citt\u00e0, incontrandole dal mare. Non perdete l\u2019opportunit\u00e0 di fare nuove esperienze ad un prezzo veramente interessante.","robots":{"index":"index","follow":"follow","max-snippet":"max-snippet:-1","max-image-preview":"max-image-preview:large","max-video-preview":"max-video-preview:-1"},"canonical":"https:\/\/crociere.evolutiontravel.it\/infovacanze\/offerte\/","twitter_misc":{"Tempo di lettura stimato":"2 minuti"},"schema":{"@context":"https:\/\/schema.org","@graph":[{"@type":"WebPage","@id":"https:\/\/crociere.evolutiontravel.it\/infovacanze\/offerte\/","url":"https:\/\/crociere.evolutiontravel.it\/infovacanze\/offerte\/","name":"Crociere offerte","isPartOf":{"@id":"https:\/\/crociere.evolutiontravel.it\/infovacanze\/#website"},"datePublished":"2013-10-28T17:34:01+00:00","dateModified":"2014-01-02T10:44:44+00:00","description":"La crociera non \u00e8 pi\u00f9 un sogno destinato a pochi, oggi potete trovare offerte molto interessanti che renderanno possibile vivere questa esperienza unica. Potrete provare a sentirvi viaggiatori per mare, utilizzare le strutture della nave pensate per il vostro divertimento e il vostro relax, ed inoltre visiterete magiche citt\u00e0, incontrandole dal mare. Non perdete l\u2019opportunit\u00e0 di fare nuove esperienze ad un prezzo veramente interessante.","inLanguage":"it-IT","potentialAction":[{"@type":"ReadAction","target":["https:\/\/crociere.evolutiontravel.it\/infovacanze\/offerte\/"]}]},{"@type":"WebSite","@id":"https:\/\/crociere.evolutiontravel.it\/infovacanze\/#website","url":"https:\/\/crociere.evolutiontravel.it\/infovacanze\/","name":"Crociere","description":"","potentialAction":[{"@type":"SearchAction","target":{"@type":"EntryPoint","urlTemplate":"https:\/\/crociere.evolutiontravel.it\/infovacanze\/?s={search_term_string}"},"query-input":"required name=search_term_string"}],"inLanguage":"it-IT"}]}},"_links":{"self":[{"href":"https:\/\/crociere.evolutiontravel.it\/infovacanze\/wp-json\/wp\/v2\/pages\/397"}],"collection":[{"href":"https:\/\/crociere.evolutiontravel.it\/infovacanze\/wp-json\/wp\/v2\/pages"}],"about":[{"href":"https:\/\/crociere.evolutiontravel.it\/infovacanze\/wp-json\/wp\/v2\/types\/page"}],"author":[{"embeddable":true,"href":"https:\/\/crociere.evolutiontravel.it\/infovacanze\/wp-json\/wp\/v2\/users\/1"}],"replies":[{"embeddable":true,"href":"https:\/\/crociere.evolutiontravel.it\/infovacanze\/wp-json\/wp\/v2\/comments?post=397"}],"version-history":[{"count":2,"href":"https:\/\/crociere.evolutiontravel.it\/infovacanze\/wp-json\/wp\/v2\/pages\/397\/revisions"}],"predecessor-version":[{"id":451,"href":"https:\/\/crociere.evolutiontravel.it\/infovacanze\/wp-json\/wp\/v2\/pages\/397\/revisions\/451"}],"wp:attachment":[{"href":"https:\/\/crociere.evolutiontravel.it\/infovacanze\/wp-json\/wp\/v2\/media?parent=397"}],"curies":[{"name":"wp","href":"https:\/\/api.w.org\/{rel}","templated":true}]}}