{"id":401,"date":"2013-10-28T18:36:03","date_gmt":"2013-10-28T17:36:03","guid":{"rendered":"http:\/\/crociere.evolutiontravel.it\/infovacanze\/?page_id=401"},"modified":"2014-01-02T11:45:48","modified_gmt":"2014-01-02T10:45:48","slug":"crociere-offerte-2x1","status":"publish","type":"page","link":"https:\/\/crociere.evolutiontravel.it\/infovacanze\/offerte\/crociere-offerte-2x1\/","title":{"rendered":"Crociere offerte 2&#215;1"},"content":{"rendered":"<p>La <b>crociera<\/b> oggi si fa in due per venirvi incontro, e realizzare insieme a voi, il sogno di una vacanza indimenticabile.<\/p>\n<p>Viaggiare per mare \u00e8 un\u2019esperienza unica capace di sorprendervi e riempirvi di meraviglia, e una <b>nave da crociera <\/b>\u00e8 senz\u2019altro un ottimo luogo da cui osservare e assaporare l\u2019incanto del mare aperto, ad esempio potrete godere di splendidi tramonti in questo spazio incontaminato, dove i colori del cielo e del mare si fonderanno in un unico riverbero tinto dal calore del sole, vi offro questa semplice immagine per darvi un\u2019 idea di cosa vi aspetta su una <b>nave da crociera<\/b>.<\/p>\n<p>Inoltre, oltre all\u2019incanto e alla meraviglia del mare vissuto nei suoi spazi aperti, una <b>nave da crociera <\/b>offre ai suoi passeggeri moltissimi servizi, durante la vostra vacanza la <b>nave <\/b>sar\u00e0 per voi: palestra, piscina, spa, centro benessere, cinema, teatro, ristoranti, centro shopping e tutto questo ad un prezzo veramente ottimo.<\/p>\n<p>Le compagnie marittime che organizzano le <b>crociere, <\/b>offrono una promozione <b>2&#215;1 <\/b>in cui prenotando la vostra vacanza in anticipo pagherete la quota solo per un passeggero, questa formula \u00e8 pensata per giovani coppie o per chiunque voglia viaggiare in due e risparmiare il 50% sul prezzo della <b>crociera<\/b>, direi che \u00e8 un\u2019<b>offerta <\/b>molto interessante, da non perdere, il viaggio dei vostri sogni non \u00e8 mai stato cos\u00ec conveniente, approfittatene per realizzare il desiderio di una vacanza alternativa e allo stesso tempo indimenticabile come la <b>crociera.<\/b><\/p>\n<p>Oltre a tutti i servizi che la <b>nave<\/b> mette a vostra disposizione, vi permetter\u00e0 anche di approdare in nuove citt\u00e0, esserne accolti dal mare, e cominciare a scoprirle una ad una, per poi riprendere il viaggio in questa affascinante modalit\u00e0, e scoprire al prossimo scalo altre citt\u00e0 e altre meraviglie che il viaggiare per mare non potr\u00e0 che sedimentare nella vostra memoria, regalandovi un bagaglio di emozioni, paesaggi e nuove esperienze veramente indimenticabile.<\/p>\n<p>L\u2019attesa di una nuova scoperta la potrete colmare con tutti i servizi che vi ho elencato nell\u2019articolo, prendendovi cura anche del vostro corpo, e il tutto incluso nell\u2019incredibile prezzo del <b>2&#215;1,<\/b> in cui solo uno di voi pagher\u00e0 l\u2019importo del viaggio e l\u2019altro viagger\u00e0 gratis, non tardate a cercare l\u2019<b>offerta di crociera<\/b> pi\u00f9 allettante per voi, l\u2019<b>offerta <\/b>\u00e8 attiva sulle prenotazioni anticipate, quindi cogliete la palla al balzo e prenotate in anticipo, e in modo economico la vostra prossima vacanza da sogno.<\/p>\n","protected":false},"excerpt":{"rendered":"<p>La crociera oggi si fa in due per venirvi incontro, e realizzare insieme a voi, il sogno di una vacanza indimenticabile. Viaggiare per mare \u00e8 un\u2019esperienza unica capace di sorprendervi e riempirvi di meraviglia, e una nave da crociera \u00e8 senz\u2019altro un ottimo luogo da cui osservare e assaporare l\u2019incanto del mare aperto, ad esempio <a class=\"moretag\" href=\"https:\/\/crociere.evolutiontravel.it\/infovacanze\/offerte\/crociere-offerte-2x1\/\">[&#8230;]<\/a><\/p>\n","protected":false},"author":1,"featured_media":0,"parent":397,"menu_order":0,"comment_status":"closed","ping_status":"open","template":"","meta":{"footnotes":""},"yoast_head":"<!-- This site is optimized with the Yoast SEO plugin v21.9.1 - https:\/\/yoast.com\/wordpress\/plugins\/seo\/ -->\n<title>Crociere offerte 2x1<\/title>\n<meta name=\"description\" content=\"Regalarsi una crociera non \u00e8 mai stato cos\u00ec conveniente, approfittate dell\u2019offerta 2x1, prenotate in anticipo e solo uno di voi pagher\u00e0 il viaggio, per l\u2019altro questa vacanza da sogno sar\u00e0 gratuita. Questa offerta \u00e8 stata pensata per le giovani coppie, ma ovviamente \u00e8 estendibile a chiunque voglia viaggiare in due risparmiando il 50%. La crociera \u00e8 una vacanza indimenticabile in cui vivrete la magia del viaggiare per mare, la scoperta di nuove citt\u00e0 e i confort da non sottovalutare di una nave da crociera.\" \/>\n<meta name=\"robots\" content=\"index, follow, max-snippet:-1, max-image-preview:large, max-video-preview:-1\" \/>\n<link rel=\"canonical\" href=\"https:\/\/crociere.evolutiontravel.it\/infovacanze\/offerte\/crociere-offerte-2x1\/\" \/>\n<meta name=\"twitter:label1\" content=\"Tempo di lettura stimato\" \/>\n\t<meta name=\"twitter:data1\" content=\"2 minuti\" \/>\n<script type=\"application\/ld+json\" class=\"yoast-schema-graph\">{\"@context\":\"https:\/\/schema.org\",\"@graph\":[{\"@type\":\"WebPage\",\"@id\":\"https:\/\/crociere.evolutiontravel.it\/infovacanze\/offerte\/crociere-offerte-2x1\/\",\"url\":\"https:\/\/crociere.evolutiontravel.it\/infovacanze\/offerte\/crociere-offerte-2x1\/\",\"name\":\"Crociere offerte 2x1\",\"isPartOf\":{\"@id\":\"https:\/\/crociere.evolutiontravel.it\/infovacanze\/#website\"},\"datePublished\":\"2013-10-28T17:36:03+00:00\",\"dateModified\":\"2014-01-02T10:45:48+00:00\",\"description\":\"Regalarsi una crociera non \u00e8 mai stato cos\u00ec conveniente, approfittate dell\u2019offerta 2x1, prenotate in anticipo e solo uno di voi pagher\u00e0 il viaggio, per l\u2019altro questa vacanza da sogno sar\u00e0 gratuita. Questa offerta \u00e8 stata pensata per le giovani coppie, ma ovviamente \u00e8 estendibile a chiunque voglia viaggiare in due risparmiando il 50%. La crociera \u00e8 una vacanza indimenticabile in cui vivrete la magia del viaggiare per mare, la scoperta di nuove citt\u00e0 e i confort da non sottovalutare di una nave da crociera.\",\"breadcrumb\":{\"@id\":\"https:\/\/crociere.evolutiontravel.it\/infovacanze\/offerte\/crociere-offerte-2x1\/#breadcrumb\"},\"inLanguage\":\"it-IT\",\"potentialAction\":[{\"@type\":\"ReadAction\",\"target\":[\"https:\/\/crociere.evolutiontravel.it\/infovacanze\/offerte\/crociere-offerte-2x1\/\"]}]},{\"@type\":\"BreadcrumbList\",\"@id\":\"https:\/\/crociere.evolutiontravel.it\/infovacanze\/offerte\/crociere-offerte-2x1\/#breadcrumb\",\"itemListElement\":[{\"@type\":\"ListItem\",\"position\":1,\"name\":\"Offerte\",\"item\":\"https:\/\/crociere.evolutiontravel.it\/infovacanze\/offerte\/\"},{\"@type\":\"ListItem\",\"position\":2,\"name\":\"Crociere offerte 2&#215;1\"}]},{\"@type\":\"WebSite\",\"@id\":\"https:\/\/crociere.evolutiontravel.it\/infovacanze\/#website\",\"url\":\"https:\/\/crociere.evolutiontravel.it\/infovacanze\/\",\"name\":\"Crociere\",\"description\":\"\",\"potentialAction\":[{\"@type\":\"SearchAction\",\"target\":{\"@type\":\"EntryPoint\",\"urlTemplate\":\"https:\/\/crociere.evolutiontravel.it\/infovacanze\/?s={search_term_string}\"},\"query-input\":\"required name=search_term_string\"}],\"inLanguage\":\"it-IT\"}]}<\/script>\n<!-- \/ Yoast SEO plugin. -->","yoast_head_json":{"title":"Crociere offerte 2x1","description":"Regalarsi una crociera non \u00e8 mai stato cos\u00ec conveniente, approfittate dell\u2019offerta 2x1, prenotate in anticipo e solo uno di voi pagher\u00e0 il viaggio, per l\u2019altro questa vacanza da sogno sar\u00e0 gratuita. Questa offerta \u00e8 stata pensata per le giovani coppie, ma ovviamente \u00e8 estendibile a chiunque voglia viaggiare in due risparmiando il 50%. La crociera \u00e8 una vacanza indimenticabile in cui vivrete la magia del viaggiare per mare, la scoperta di nuove citt\u00e0 e i confort da non sottovalutare di una nave da crociera.","robots":{"index":"index","follow":"follow","max-snippet":"max-snippet:-1","max-image-preview":"max-image-preview:large","max-video-preview":"max-video-preview:-1"},"canonical":"https:\/\/crociere.evolutiontravel.it\/infovacanze\/offerte\/crociere-offerte-2x1\/","twitter_misc":{"Tempo di lettura stimato":"2 minuti"},"schema":{"@context":"https:\/\/schema.org","@graph":[{"@type":"WebPage","@id":"https:\/\/crociere.evolutiontravel.it\/infovacanze\/offerte\/crociere-offerte-2x1\/","url":"https:\/\/crociere.evolutiontravel.it\/infovacanze\/offerte\/crociere-offerte-2x1\/","name":"Crociere offerte 2x1","isPartOf":{"@id":"https:\/\/crociere.evolutiontravel.it\/infovacanze\/#website"},"datePublished":"2013-10-28T17:36:03+00:00","dateModified":"2014-01-02T10:45:48+00:00","description":"Regalarsi una crociera non \u00e8 mai stato cos\u00ec conveniente, approfittate dell\u2019offerta 2x1, prenotate in anticipo e solo uno di voi pagher\u00e0 il viaggio, per l\u2019altro questa vacanza da sogno sar\u00e0 gratuita. Questa offerta \u00e8 stata pensata per le giovani coppie, ma ovviamente \u00e8 estendibile a chiunque voglia viaggiare in due risparmiando il 50%. La crociera \u00e8 una vacanza indimenticabile in cui vivrete la magia del viaggiare per mare, la scoperta di nuove citt\u00e0 e i confort da non sottovalutare di una nave da crociera.","breadcrumb":{"@id":"https:\/\/crociere.evolutiontravel.it\/infovacanze\/offerte\/crociere-offerte-2x1\/#breadcrumb"},"inLanguage":"it-IT","potentialAction":[{"@type":"ReadAction","target":["https:\/\/crociere.evolutiontravel.it\/infovacanze\/offerte\/crociere-offerte-2x1\/"]}]},{"@type":"BreadcrumbList","@id":"https:\/\/crociere.evolutiontravel.it\/infovacanze\/offerte\/crociere-offerte-2x1\/#breadcrumb","itemListElement":[{"@type":"ListItem","position":1,"name":"Offerte","item":"https:\/\/crociere.evolutiontravel.it\/infovacanze\/offerte\/"},{"@type":"ListItem","position":2,"name":"Crociere offerte 2&#215;1"}]},{"@type":"WebSite","@id":"https:\/\/crociere.evolutiontravel.it\/infovacanze\/#website","url":"https:\/\/crociere.evolutiontravel.it\/infovacanze\/","name":"Crociere","description":"","potentialAction":[{"@type":"SearchAction","target":{"@type":"EntryPoint","urlTemplate":"https:\/\/crociere.evolutiontravel.it\/infovacanze\/?s={search_term_string}"},"query-input":"required name=search_term_string"}],"inLanguage":"it-IT"}]}},"_links":{"self":[{"href":"https:\/\/crociere.evolutiontravel.it\/infovacanze\/wp-json\/wp\/v2\/pages\/401"}],"collection":[{"href":"https:\/\/crociere.evolutiontravel.it\/infovacanze\/wp-json\/wp\/v2\/pages"}],"about":[{"href":"https:\/\/crociere.evolutiontravel.it\/infovacanze\/wp-json\/wp\/v2\/types\/page"}],"author":[{"embeddable":true,"href":"https:\/\/crociere.evolutiontravel.it\/infovacanze\/wp-json\/wp\/v2\/users\/1"}],"replies":[{"embeddable":true,"href":"https:\/\/crociere.evolutiontravel.it\/infovacanze\/wp-json\/wp\/v2\/comments?post=401"}],"version-history":[{"count":2,"href":"https:\/\/crociere.evolutiontravel.it\/infovacanze\/wp-json\/wp\/v2\/pages\/401\/revisions"}],"predecessor-version":[{"id":452,"href":"https:\/\/crociere.evolutiontravel.it\/infovacanze\/wp-json\/wp\/v2\/pages\/401\/revisions\/452"}],"up":[{"embeddable":true,"href":"https:\/\/crociere.evolutiontravel.it\/infovacanze\/wp-json\/wp\/v2\/pages\/397"}],"wp:attachment":[{"href":"https:\/\/crociere.evolutiontravel.it\/infovacanze\/wp-json\/wp\/v2\/media?parent=401"}],"curies":[{"name":"wp","href":"https:\/\/api.w.org\/{rel}","templated":true}]}}