{"id":403,"date":"2013-10-28T18:36:57","date_gmt":"2013-10-28T17:36:57","guid":{"rendered":"http:\/\/crociere.evolutiontravel.it\/infovacanze\/?page_id=403"},"modified":"2014-01-02T11:46:26","modified_gmt":"2014-01-02T10:46:26","slug":"crociere-offerte-agosto","status":"publish","type":"page","link":"https:\/\/crociere.evolutiontravel.it\/infovacanze\/offerte\/crociere-offerte-agosto\/","title":{"rendered":"Crociere offerte Agosto"},"content":{"rendered":"<p>Scegliere di fare una <b>crociera<\/b> durante il mese di <b>agosto<\/b> \u00e8 un\u2019idea originale, interessante e anche conveniente, in quanto questo tipo di vacanza vi permetter\u00e0 di uscire dal ritmo frenetico delle localit\u00e0 balneari in questo mese dell\u2019anno, e senza imporvi di rinunciare al mare potrete vivere tutta la sua magica bellezza da un punto di vista molto pi\u00f9 tranquillo.<\/p>\n<p>Non pensate che il prezzo di una <b>crociera in agosto<\/b> sia proibitivo, ci sono moltissime <b>offerte<\/b> che rendono possibile realizzare questo tipo di vacanza, scegliendo la formula pi\u00f9 adatta a voi, alle vostre necessit\u00e0 e\u00a0 alle vostre curiosit\u00e0.<\/p>\n<p>Una vacanza in <b>nave<\/b> vi permette di fare esperienza del mare da un altro punto di vista, anche visitare le citt\u00e0 vedendole e cominciando ad immaginarle dal mare, cambia la prospettiva e le modalit\u00e0 dell\u2019esperienza, inoltre non dimentichiamo che una <b>nave da crociera<\/b> \u00e8 una struttura a cui non manca nessun tipo di confort per concedervi il massimo relax, e gli stimoli migliori per sviluppare il vostro benessere, per rendere cos\u00ec la vacanza piena di soddisfazione sia per il corpo che per lo spirito.<\/p>\n<p>Una volta stabilito che l\u2019idea di una <b>crociera in agosto <\/b>potrebbe essere un modo alternativo e interessante di vivere le ferie in <b>agosto<\/b>, cominciamo a parlare di prezzi, non sono proibitivi, anzi, per promuovere questa modalit\u00e0 di vacanza le compagnie propongono diverse <b>offerte nel mese di agosto<\/b>, nella moltitudine delle offerte divise per prezzi e destinazioni troverete senz\u2019altro quella che fa al caso vostro.<\/p>\n<p>Siamo abituati a pensare che tutto ci\u00f2 che \u00e8 relativo alle vacanze nel mese di <b>agosto <\/b>sia economicamente costoso, invece no, le <b>crociere <\/b>offrono itinerari interessanti a prezzi vantaggiosi in questo periodo dell\u2019anno, proprio per promuovere questa formula di viaggio durante il mese delle vacanze per eccellenza.<\/p>\n<p>Quindi se cominciate fin da ora a cercare ci\u00f2 che pi\u00f9 vi interessa troverete senz\u2019altro delle buone <b>offerte,<\/b> oppure potete lasciarvi allettare dalle offerte del mercato, ad oggi avete tutto il tempo di scegliere ci\u00f2 che pi\u00f9 vi si addice, e anche di cambiare idea per scegliere altre destinazioni, l\u2019esperienza della <b>crociera<\/b> rimane indimenticabile.<\/p>\n","protected":false},"excerpt":{"rendered":"<p>Scegliere di fare una crociera durante il mese di agosto \u00e8 un\u2019idea originale, interessante e anche conveniente, in quanto questo tipo di vacanza vi permetter\u00e0 di uscire dal ritmo frenetico delle localit\u00e0 balneari in questo mese dell\u2019anno, e senza imporvi di rinunciare al mare potrete vivere tutta la sua magica bellezza da un punto di <a class=\"moretag\" href=\"https:\/\/crociere.evolutiontravel.it\/infovacanze\/offerte\/crociere-offerte-agosto\/\">[&#8230;]<\/a><\/p>\n","protected":false},"author":1,"featured_media":0,"parent":397,"menu_order":0,"comment_status":"closed","ping_status":"open","template":"","meta":{"footnotes":""},"yoast_head":"<!-- This site is optimized with the Yoast SEO plugin v21.9.1 - https:\/\/yoast.com\/wordpress\/plugins\/seo\/ -->\n<title>Crociere offerte agosto<\/title>\n<meta name=\"description\" content=\"Scegliere di fare una crociera nel mese di agosto non significa spendere una follia, ci sono moltissime offerte che sapranno venire incontro al vostro desiderio nel modo pi\u00f9 conveniente per voi. Le compagnie stanno offrendo molte possibilit\u00e0 e allettanti offerte, per promuovere questa modalit\u00e0 di vacanza al mare durante il mese di agosto, approfittatene per organizzare le vostre vacanze in modo alternativo.\" \/>\n<meta name=\"robots\" content=\"index, follow, max-snippet:-1, max-image-preview:large, max-video-preview:-1\" \/>\n<link rel=\"canonical\" href=\"https:\/\/crociere.evolutiontravel.it\/infovacanze\/offerte\/crociere-offerte-agosto\/\" \/>\n<meta name=\"twitter:label1\" content=\"Tempo di lettura stimato\" \/>\n\t<meta name=\"twitter:data1\" content=\"2 minuti\" \/>\n<script type=\"application\/ld+json\" class=\"yoast-schema-graph\">{\"@context\":\"https:\/\/schema.org\",\"@graph\":[{\"@type\":\"WebPage\",\"@id\":\"https:\/\/crociere.evolutiontravel.it\/infovacanze\/offerte\/crociere-offerte-agosto\/\",\"url\":\"https:\/\/crociere.evolutiontravel.it\/infovacanze\/offerte\/crociere-offerte-agosto\/\",\"name\":\"Crociere offerte agosto\",\"isPartOf\":{\"@id\":\"https:\/\/crociere.evolutiontravel.it\/infovacanze\/#website\"},\"datePublished\":\"2013-10-28T17:36:57+00:00\",\"dateModified\":\"2014-01-02T10:46:26+00:00\",\"description\":\"Scegliere di fare una crociera nel mese di agosto non significa spendere una follia, ci sono moltissime offerte che sapranno venire incontro al vostro desiderio nel modo pi\u00f9 conveniente per voi. Le compagnie stanno offrendo molte possibilit\u00e0 e allettanti offerte, per promuovere questa modalit\u00e0 di vacanza al mare durante il mese di agosto, approfittatene per organizzare le vostre vacanze in modo alternativo.\",\"breadcrumb\":{\"@id\":\"https:\/\/crociere.evolutiontravel.it\/infovacanze\/offerte\/crociere-offerte-agosto\/#breadcrumb\"},\"inLanguage\":\"it-IT\",\"potentialAction\":[{\"@type\":\"ReadAction\",\"target\":[\"https:\/\/crociere.evolutiontravel.it\/infovacanze\/offerte\/crociere-offerte-agosto\/\"]}]},{\"@type\":\"BreadcrumbList\",\"@id\":\"https:\/\/crociere.evolutiontravel.it\/infovacanze\/offerte\/crociere-offerte-agosto\/#breadcrumb\",\"itemListElement\":[{\"@type\":\"ListItem\",\"position\":1,\"name\":\"Offerte\",\"item\":\"https:\/\/crociere.evolutiontravel.it\/infovacanze\/offerte\/\"},{\"@type\":\"ListItem\",\"position\":2,\"name\":\"Crociere offerte Agosto\"}]},{\"@type\":\"WebSite\",\"@id\":\"https:\/\/crociere.evolutiontravel.it\/infovacanze\/#website\",\"url\":\"https:\/\/crociere.evolutiontravel.it\/infovacanze\/\",\"name\":\"Crociere\",\"description\":\"\",\"potentialAction\":[{\"@type\":\"SearchAction\",\"target\":{\"@type\":\"EntryPoint\",\"urlTemplate\":\"https:\/\/crociere.evolutiontravel.it\/infovacanze\/?s={search_term_string}\"},\"query-input\":\"required name=search_term_string\"}],\"inLanguage\":\"it-IT\"}]}<\/script>\n<!-- \/ Yoast SEO plugin. -->","yoast_head_json":{"title":"Crociere offerte agosto","description":"Scegliere di fare una crociera nel mese di agosto non significa spendere una follia, ci sono moltissime offerte che sapranno venire incontro al vostro desiderio nel modo pi\u00f9 conveniente per voi. Le compagnie stanno offrendo molte possibilit\u00e0 e allettanti offerte, per promuovere questa modalit\u00e0 di vacanza al mare durante il mese di agosto, approfittatene per organizzare le vostre vacanze in modo alternativo.","robots":{"index":"index","follow":"follow","max-snippet":"max-snippet:-1","max-image-preview":"max-image-preview:large","max-video-preview":"max-video-preview:-1"},"canonical":"https:\/\/crociere.evolutiontravel.it\/infovacanze\/offerte\/crociere-offerte-agosto\/","twitter_misc":{"Tempo di lettura stimato":"2 minuti"},"schema":{"@context":"https:\/\/schema.org","@graph":[{"@type":"WebPage","@id":"https:\/\/crociere.evolutiontravel.it\/infovacanze\/offerte\/crociere-offerte-agosto\/","url":"https:\/\/crociere.evolutiontravel.it\/infovacanze\/offerte\/crociere-offerte-agosto\/","name":"Crociere offerte agosto","isPartOf":{"@id":"https:\/\/crociere.evolutiontravel.it\/infovacanze\/#website"},"datePublished":"2013-10-28T17:36:57+00:00","dateModified":"2014-01-02T10:46:26+00:00","description":"Scegliere di fare una crociera nel mese di agosto non significa spendere una follia, ci sono moltissime offerte che sapranno venire incontro al vostro desiderio nel modo pi\u00f9 conveniente per voi. Le compagnie stanno offrendo molte possibilit\u00e0 e allettanti offerte, per promuovere questa modalit\u00e0 di vacanza al mare durante il mese di agosto, approfittatene per organizzare le vostre vacanze in modo alternativo.","breadcrumb":{"@id":"https:\/\/crociere.evolutiontravel.it\/infovacanze\/offerte\/crociere-offerte-agosto\/#breadcrumb"},"inLanguage":"it-IT","potentialAction":[{"@type":"ReadAction","target":["https:\/\/crociere.evolutiontravel.it\/infovacanze\/offerte\/crociere-offerte-agosto\/"]}]},{"@type":"BreadcrumbList","@id":"https:\/\/crociere.evolutiontravel.it\/infovacanze\/offerte\/crociere-offerte-agosto\/#breadcrumb","itemListElement":[{"@type":"ListItem","position":1,"name":"Offerte","item":"https:\/\/crociere.evolutiontravel.it\/infovacanze\/offerte\/"},{"@type":"ListItem","position":2,"name":"Crociere offerte Agosto"}]},{"@type":"WebSite","@id":"https:\/\/crociere.evolutiontravel.it\/infovacanze\/#website","url":"https:\/\/crociere.evolutiontravel.it\/infovacanze\/","name":"Crociere","description":"","potentialAction":[{"@type":"SearchAction","target":{"@type":"EntryPoint","urlTemplate":"https:\/\/crociere.evolutiontravel.it\/infovacanze\/?s={search_term_string}"},"query-input":"required name=search_term_string"}],"inLanguage":"it-IT"}]}},"_links":{"self":[{"href":"https:\/\/crociere.evolutiontravel.it\/infovacanze\/wp-json\/wp\/v2\/pages\/403"}],"collection":[{"href":"https:\/\/crociere.evolutiontravel.it\/infovacanze\/wp-json\/wp\/v2\/pages"}],"about":[{"href":"https:\/\/crociere.evolutiontravel.it\/infovacanze\/wp-json\/wp\/v2\/types\/page"}],"author":[{"embeddable":true,"href":"https:\/\/crociere.evolutiontravel.it\/infovacanze\/wp-json\/wp\/v2\/users\/1"}],"replies":[{"embeddable":true,"href":"https:\/\/crociere.evolutiontravel.it\/infovacanze\/wp-json\/wp\/v2\/comments?post=403"}],"version-history":[{"count":2,"href":"https:\/\/crociere.evolutiontravel.it\/infovacanze\/wp-json\/wp\/v2\/pages\/403\/revisions"}],"predecessor-version":[{"id":455,"href":"https:\/\/crociere.evolutiontravel.it\/infovacanze\/wp-json\/wp\/v2\/pages\/403\/revisions\/455"}],"up":[{"embeddable":true,"href":"https:\/\/crociere.evolutiontravel.it\/infovacanze\/wp-json\/wp\/v2\/pages\/397"}],"wp:attachment":[{"href":"https:\/\/crociere.evolutiontravel.it\/infovacanze\/wp-json\/wp\/v2\/media?parent=403"}],"curies":[{"name":"wp","href":"https:\/\/api.w.org\/{rel}","templated":true}]}}