{"id":405,"date":"2013-10-28T18:38:11","date_gmt":"2013-10-28T17:38:11","guid":{"rendered":"http:\/\/crociere.evolutiontravel.it\/infovacanze\/?page_id=405"},"modified":"2014-01-02T11:45:59","modified_gmt":"2014-01-02T10:45:59","slug":"crociere-offerte-last-minute","status":"publish","type":"page","link":"https:\/\/crociere.evolutiontravel.it\/infovacanze\/offerte\/crociere-offerte-last-minute\/","title":{"rendered":"Crociere offerte last minute"},"content":{"rendered":"<p>Le<b> offerte last minute <\/b>sono sempre un\u2019ottima occasione per cogliere prezzi vantaggiosi, e realizzare i vostri desideri ad un prezzo veramente conveniente.<\/p>\n<p>Il <b>last minute <\/b>\u00e8 un\u2019offerta che vi permetter\u00e0 di cogliere le occasioni pi\u00f9 vantaggiose dell\u2019ultimo momento, per realizzare la vostra <b>crociera <\/b>da sogno con un occhio al prezzo.<\/p>\n<p>Le <b>offerte last minute <\/b>si riferiscono a itinerari differenti, a voi la scelta di quello che pi\u00f9 vi affascina, una <b>crociera <\/b>\u00e8 sempre una vacanza indimenticabile, la possiamo definire la sintesi di una vacanza moderna, questo perch\u00e9 vi offre la possibilit\u00e0 di viaggiare in modo itinerante per citt\u00e0 ricche di storia e fascino alla scoperta di nuovi luoghi, degustare tipici prodotti, espressione delle culture che incontrerete, e perch\u00e9 no, un po\u2019 di shopping per le vie di questi luoghi, per portare con voi il ricordo di questo indimenticabile viaggio. La bellezza della <b>crociera <\/b>non si ferma qui, il vostro spostarvi in alto mare sar\u00e0 scandito dal ritmo di tutti i confort che una moderna <b>nave da crociera <\/b>sapr\u00e0 offrirvi: piscine, ristoranti, spa, centri benessere, esilaranti momenti di intrattenimento, teatro, cinema e altro ancora vi accompagner\u00e0 nel solcare l\u2019alto del mare per fare poi nuovi scali e nuovi incontri.<\/p>\n<p>Come vedete il fascino della <b>crociera <\/b>\u00e8 molto ricco e non mancher\u00e0 di regalarvi nuove emozioni e un rigenerante relax, voglio sottolineare questo aspetto per darvi l\u2019idea di quanti vantaggi potrete cogliere nell\u2019approfittare in modo veloce e semplice delle <b>offerte last minute, <\/b>prendete al volo la possibilit\u00e0 di realizzare questo sogno con veramente pochi euro. Questa formula di <b>offerta <\/b>che appunto \u00e8 il <b>last minut, <\/b>vi permette di acquistare i posti disponibili ad un prezzo veramente vantaggioso, non pensateci troppo, non vale la pena, correte a cercare l\u2019<b>offerta last minut <\/b>del momento, preparate le valigie e tuffatevi in questa magica avventura. Le mete sono tante e potrete rigenerarvi e regalarvi nuove emozioni rivitalizzanti a prezzi tonificanti, una <b>crociera last minut <\/b>\u00e8 sempre una buona scelta, molto benessere, nuove esperienze ad un prezzo appunto <b>last minute.<\/b><\/p>\n","protected":false},"excerpt":{"rendered":"<p>Le offerte last minute sono sempre un\u2019ottima occasione per cogliere prezzi vantaggiosi, e realizzare i vostri desideri ad un prezzo veramente conveniente. Il last minute \u00e8 un\u2019offerta che vi permetter\u00e0 di cogliere le occasioni pi\u00f9 vantaggiose dell\u2019ultimo momento, per realizzare la vostra crociera da sogno con un occhio al prezzo. Le offerte last minute si <a class=\"moretag\" href=\"https:\/\/crociere.evolutiontravel.it\/infovacanze\/offerte\/crociere-offerte-last-minute\/\">[&#8230;]<\/a><\/p>\n","protected":false},"author":1,"featured_media":0,"parent":397,"menu_order":0,"comment_status":"closed","ping_status":"open","template":"","meta":{"footnotes":""},"yoast_head":"<!-- This site is optimized with the Yoast SEO plugin v21.9.1 - https:\/\/yoast.com\/wordpress\/plugins\/seo\/ -->\n<title>Crociere offerte last minute<\/title>\n<meta name=\"description\" content=\"Una crociera last minut \u00e8 sempre un\u2019ottima scelta, questa formula vi permette di approfittare dei posti disponibili ad un prezzo veramente vantaggioso, con pochi soldi potrete realizzare la crociera dei vostri sogni. Incontrare nuove citt\u00e0 ricche di storia e di fascino, farvi cullare dai confort della nave durante il viaggio in alto mare, che gi\u00e0 di per se \u00e8 capace di offrire una profonda suggestione ai passeggeri, con un\u2019offerta last minut tutto questo potr\u00e0 essere vostro ad un prezzo molto conveniente.\" \/>\n<meta name=\"robots\" content=\"index, follow, max-snippet:-1, max-image-preview:large, max-video-preview:-1\" \/>\n<link rel=\"canonical\" href=\"https:\/\/crociere.evolutiontravel.it\/infovacanze\/offerte\/crociere-offerte-last-minute\/\" \/>\n<meta name=\"twitter:label1\" content=\"Tempo di lettura stimato\" \/>\n\t<meta name=\"twitter:data1\" content=\"2 minuti\" \/>\n<script type=\"application\/ld+json\" class=\"yoast-schema-graph\">{\"@context\":\"https:\/\/schema.org\",\"@graph\":[{\"@type\":\"WebPage\",\"@id\":\"https:\/\/crociere.evolutiontravel.it\/infovacanze\/offerte\/crociere-offerte-last-minute\/\",\"url\":\"https:\/\/crociere.evolutiontravel.it\/infovacanze\/offerte\/crociere-offerte-last-minute\/\",\"name\":\"Crociere offerte last minute\",\"isPartOf\":{\"@id\":\"https:\/\/crociere.evolutiontravel.it\/infovacanze\/#website\"},\"datePublished\":\"2013-10-28T17:38:11+00:00\",\"dateModified\":\"2014-01-02T10:45:59+00:00\",\"description\":\"Una crociera last minut \u00e8 sempre un\u2019ottima scelta, questa formula vi permette di approfittare dei posti disponibili ad un prezzo veramente vantaggioso, con pochi soldi potrete realizzare la crociera dei vostri sogni. Incontrare nuove citt\u00e0 ricche di storia e di fascino, farvi cullare dai confort della nave durante il viaggio in alto mare, che gi\u00e0 di per se \u00e8 capace di offrire una profonda suggestione ai passeggeri, con un\u2019offerta last minut tutto questo potr\u00e0 essere vostro ad un prezzo molto conveniente.\",\"breadcrumb\":{\"@id\":\"https:\/\/crociere.evolutiontravel.it\/infovacanze\/offerte\/crociere-offerte-last-minute\/#breadcrumb\"},\"inLanguage\":\"it-IT\",\"potentialAction\":[{\"@type\":\"ReadAction\",\"target\":[\"https:\/\/crociere.evolutiontravel.it\/infovacanze\/offerte\/crociere-offerte-last-minute\/\"]}]},{\"@type\":\"BreadcrumbList\",\"@id\":\"https:\/\/crociere.evolutiontravel.it\/infovacanze\/offerte\/crociere-offerte-last-minute\/#breadcrumb\",\"itemListElement\":[{\"@type\":\"ListItem\",\"position\":1,\"name\":\"Offerte\",\"item\":\"https:\/\/crociere.evolutiontravel.it\/infovacanze\/offerte\/\"},{\"@type\":\"ListItem\",\"position\":2,\"name\":\"Crociere offerte last minute\"}]},{\"@type\":\"WebSite\",\"@id\":\"https:\/\/crociere.evolutiontravel.it\/infovacanze\/#website\",\"url\":\"https:\/\/crociere.evolutiontravel.it\/infovacanze\/\",\"name\":\"Crociere\",\"description\":\"\",\"potentialAction\":[{\"@type\":\"SearchAction\",\"target\":{\"@type\":\"EntryPoint\",\"urlTemplate\":\"https:\/\/crociere.evolutiontravel.it\/infovacanze\/?s={search_term_string}\"},\"query-input\":\"required name=search_term_string\"}],\"inLanguage\":\"it-IT\"}]}<\/script>\n<!-- \/ Yoast SEO plugin. -->","yoast_head_json":{"title":"Crociere offerte last minute","description":"Una crociera last minut \u00e8 sempre un\u2019ottima scelta, questa formula vi permette di approfittare dei posti disponibili ad un prezzo veramente vantaggioso, con pochi soldi potrete realizzare la crociera dei vostri sogni. Incontrare nuove citt\u00e0 ricche di storia e di fascino, farvi cullare dai confort della nave durante il viaggio in alto mare, che gi\u00e0 di per se \u00e8 capace di offrire una profonda suggestione ai passeggeri, con un\u2019offerta last minut tutto questo potr\u00e0 essere vostro ad un prezzo molto conveniente.","robots":{"index":"index","follow":"follow","max-snippet":"max-snippet:-1","max-image-preview":"max-image-preview:large","max-video-preview":"max-video-preview:-1"},"canonical":"https:\/\/crociere.evolutiontravel.it\/infovacanze\/offerte\/crociere-offerte-last-minute\/","twitter_misc":{"Tempo di lettura stimato":"2 minuti"},"schema":{"@context":"https:\/\/schema.org","@graph":[{"@type":"WebPage","@id":"https:\/\/crociere.evolutiontravel.it\/infovacanze\/offerte\/crociere-offerte-last-minute\/","url":"https:\/\/crociere.evolutiontravel.it\/infovacanze\/offerte\/crociere-offerte-last-minute\/","name":"Crociere offerte last minute","isPartOf":{"@id":"https:\/\/crociere.evolutiontravel.it\/infovacanze\/#website"},"datePublished":"2013-10-28T17:38:11+00:00","dateModified":"2014-01-02T10:45:59+00:00","description":"Una crociera last minut \u00e8 sempre un\u2019ottima scelta, questa formula vi permette di approfittare dei posti disponibili ad un prezzo veramente vantaggioso, con pochi soldi potrete realizzare la crociera dei vostri sogni. Incontrare nuove citt\u00e0 ricche di storia e di fascino, farvi cullare dai confort della nave durante il viaggio in alto mare, che gi\u00e0 di per se \u00e8 capace di offrire una profonda suggestione ai passeggeri, con un\u2019offerta last minut tutto questo potr\u00e0 essere vostro ad un prezzo molto conveniente.","breadcrumb":{"@id":"https:\/\/crociere.evolutiontravel.it\/infovacanze\/offerte\/crociere-offerte-last-minute\/#breadcrumb"},"inLanguage":"it-IT","potentialAction":[{"@type":"ReadAction","target":["https:\/\/crociere.evolutiontravel.it\/infovacanze\/offerte\/crociere-offerte-last-minute\/"]}]},{"@type":"BreadcrumbList","@id":"https:\/\/crociere.evolutiontravel.it\/infovacanze\/offerte\/crociere-offerte-last-minute\/#breadcrumb","itemListElement":[{"@type":"ListItem","position":1,"name":"Offerte","item":"https:\/\/crociere.evolutiontravel.it\/infovacanze\/offerte\/"},{"@type":"ListItem","position":2,"name":"Crociere offerte last minute"}]},{"@type":"WebSite","@id":"https:\/\/crociere.evolutiontravel.it\/infovacanze\/#website","url":"https:\/\/crociere.evolutiontravel.it\/infovacanze\/","name":"Crociere","description":"","potentialAction":[{"@type":"SearchAction","target":{"@type":"EntryPoint","urlTemplate":"https:\/\/crociere.evolutiontravel.it\/infovacanze\/?s={search_term_string}"},"query-input":"required name=search_term_string"}],"inLanguage":"it-IT"}]}},"_links":{"self":[{"href":"https:\/\/crociere.evolutiontravel.it\/infovacanze\/wp-json\/wp\/v2\/pages\/405"}],"collection":[{"href":"https:\/\/crociere.evolutiontravel.it\/infovacanze\/wp-json\/wp\/v2\/pages"}],"about":[{"href":"https:\/\/crociere.evolutiontravel.it\/infovacanze\/wp-json\/wp\/v2\/types\/page"}],"author":[{"embeddable":true,"href":"https:\/\/crociere.evolutiontravel.it\/infovacanze\/wp-json\/wp\/v2\/users\/1"}],"replies":[{"embeddable":true,"href":"https:\/\/crociere.evolutiontravel.it\/infovacanze\/wp-json\/wp\/v2\/comments?post=405"}],"version-history":[{"count":2,"href":"https:\/\/crociere.evolutiontravel.it\/infovacanze\/wp-json\/wp\/v2\/pages\/405\/revisions"}],"predecessor-version":[{"id":453,"href":"https:\/\/crociere.evolutiontravel.it\/infovacanze\/wp-json\/wp\/v2\/pages\/405\/revisions\/453"}],"up":[{"embeddable":true,"href":"https:\/\/crociere.evolutiontravel.it\/infovacanze\/wp-json\/wp\/v2\/pages\/397"}],"wp:attachment":[{"href":"https:\/\/crociere.evolutiontravel.it\/infovacanze\/wp-json\/wp\/v2\/media?parent=405"}],"curies":[{"name":"wp","href":"https:\/\/api.w.org\/{rel}","templated":true}]}}