{"id":641,"date":"2014-04-09T18:25:58","date_gmt":"2014-04-09T16:25:58","guid":{"rendered":"http:\/\/crociere.evolutiontravel.it\/infovacanze\/?page_id=641"},"modified":"2014-04-09T18:28:11","modified_gmt":"2014-04-09T16:28:11","slug":"crociere-viaggi-nozze-fiordi","status":"publish","type":"page","link":"https:\/\/crociere.evolutiontravel.it\/infovacanze\/nozze\/crociere-viaggi-nozze-fiordi\/","title":{"rendered":"Crociere viaggi di nozze Fiordi"},"content":{"rendered":"<p>Nessuno pu\u00f2 dire di conoscere la <b>Norvegia<\/b> senza aver prima vissuto l\u2019esperienza di visitare i <b>Fiordi<\/b>, che sono considerati la pi\u00f9 <b>grande attrazione turistica scandinava<\/b>. I Fiordi nascono dai ghiacci che dopo aver eroso le montagne hanno lasciato spazio al mare che vi \u00e8 penetrato, sono, infatti, fra le pi\u00f9 <b>imponenti formazioni naturali<\/b> della terra, questa bellezza rende adatti alle crociere per i viaggi di nozze, i Fiordi.<\/p>\n<p>Il Fiordo pi\u00f9 famoso \u00e8 <b>Sognefjord<\/b> perch\u00e9 \u00e8 il <b>pi\u00f9 stretto<\/b>, <b>pi\u00f9 profondo<\/b> e <b>pi\u00f9 lungo<\/b> del mondo, si estende per <b>duecento kilometri<\/b>, e attorno ad esso si \u00e8 sviluppata una <b>natura selvaggia<\/b> che vi lascer\u00e0 affascinati!<\/p>\n<p>La natura sar\u00e0 la protagonista assoluta delle <b>crociere per i viaggi di nozze nei Fiordi<\/b>. Una natura che come colori predominanti ha il verde, il bianco e il blu, che si potranno ammirare nelle <b>scarpare e negli strapiombi ricchi di un verdissimo muschio<\/b>, <b>nelle cascate, nei ghiacciai<\/b> e, ovviamente, <b>nel mare<\/b> che si scorge ovunque. La <b>regione dei Fiordi<\/b> ospita <b>undici<\/b> dei venti <b>ghiacciai<\/b> presenti in Norvegia!<\/p>\n<p>Per gli <b>amanti della fotografia<\/b> che decidono di intraprendere delle crociere per i viaggi di nozze nei Fiordi degno di nota \u00e8 sicuramente il <b>Pulpit Roch<\/b>, il <b>paesaggio pi\u00f9 fotografato al mondo<\/b>, collocato vicino alla citt\u00e0 di Stavager.<\/p>\n<p><b>Punto di partenza<\/b> e porta di accesso per i Fiordi norvegesi \u00e8 la citt\u00e0 di <b>Bergen<\/b>, una tappa indispensabile, quasi obbligatoria per chiunque voglia avventurarsi nel paradiso norvegese di Fiordi!<\/p>\n<p><b>Numerose sono le crociere per i viaggi di nozze sui Fiordi<\/b>, e numerose sono le compagnie che le propongono, approfittate delle offerte per prenotare una vacanza da sogno che render\u00e0 la vostra luna di miele una fiaba da cui non vorrete pi\u00f9 risvegliarvi!<\/p>\n<p>Non esiste una stagione giusta per partire verso i Fiordi, bench\u00e8 ognuna abbia un clima diverso,<b> ogni stagione ha il proprio fascino<\/b>. Con l\u2019<b>estate<\/b> arrivano le <b>giornate luminose <\/b>e il <b>clima si riscalda<\/b>, mentre l\u2019<b>inverno <\/b>offre l\u2019opportunit\u00e0 di ammirare l\u2019incredibile spettacolo dell\u2019<b>aurora boreale<\/b>. C\u2019\u00e8 inoltre da dire che le caratteristiche della costa sono pi\u00f9 visibili durate le stagioni di mezzo, autunno e primavera, che appunto sono quelle che offrono la pi\u00f9 grande variet\u00e0 di esperienze e spettacoli!<\/p>\n<p>Durante una delle crociere per i viaggi di nozze sui Fiordi potrete sbarcate ed esplorare <b>numerose destinazioni<\/b>, molte <b>fra le pi\u00f9 gettonate<\/b> delle compagnie di navigazione sono <b>Bergen<\/b>, <b>\u00c5lesund<\/b>, <b>Trondheim<\/b>, <b>Svolv\u00e6r<\/b>, <b>Troms\u00f8<\/b> e <b>Honningsv\u00e5g<\/b>, all\u2019interno di queste mete, inoltre, \u00e8 possibile <b>scegliere fra numerose escursioni ed itinerari<\/b> molto diversi fra loro, in base alle preferenze del turista sar\u00e0 possibile scegliere quella pi\u00f9 adatta.<\/p>\n<p>Preparate le vostre valige e partite per un viaggio che vi sconvolger\u00e0 e vi lascer\u00e0 senza parole, alla scoperta di nuovi paesaggi e destinazioni! I Fiordi vi offriranno esperienze nuove ed inenarrabili che renderanno la vostra vacanza unica e perfetta!<\/p>\n","protected":false},"excerpt":{"rendered":"<p>Nessuno pu\u00f2 dire di conoscere la Norvegia senza aver prima vissuto l\u2019esperienza di visitare i Fiordi, che sono considerati la pi\u00f9 grande attrazione turistica scandinava. I Fiordi nascono dai ghiacci che dopo aver eroso le montagne hanno lasciato spazio al mare che vi \u00e8 penetrato, sono, infatti, fra le pi\u00f9 imponenti formazioni naturali della terra, <a class=\"moretag\" href=\"https:\/\/crociere.evolutiontravel.it\/infovacanze\/nozze\/crociere-viaggi-nozze-fiordi\/\">[&#8230;]<\/a><\/p>\n","protected":false},"author":1,"featured_media":0,"parent":154,"menu_order":0,"comment_status":"closed","ping_status":"open","template":"","meta":{"footnotes":""},"yoast_head":"<!-- This site is optimized with the Yoast SEO plugin v21.9.1 - https:\/\/yoast.com\/wordpress\/plugins\/seo\/ -->\n<title>Crociere per viaggi di nozze sui Fiordi, una vacanza romantica indimenticabile!<\/title>\n<meta name=\"description\" content=\"Le crociere per i viaggi di nozze sui Fiordi sono l\u2019ideale per le coppie che desiderano fare nuove esperienze ed ammirare luoghi spettacolari e spettacoli mozzafiato\" \/>\n<meta name=\"robots\" content=\"index, follow, max-snippet:-1, max-image-preview:large, max-video-preview:-1\" \/>\n<link rel=\"canonical\" href=\"https:\/\/crociere.evolutiontravel.it\/infovacanze\/nozze\/crociere-viaggi-nozze-fiordi\/\" \/>\n<meta name=\"twitter:label1\" content=\"Tempo di lettura stimato\" \/>\n\t<meta name=\"twitter:data1\" content=\"2 minuti\" \/>\n<script type=\"application\/ld+json\" class=\"yoast-schema-graph\">{\"@context\":\"https:\/\/schema.org\",\"@graph\":[{\"@type\":\"WebPage\",\"@id\":\"https:\/\/crociere.evolutiontravel.it\/infovacanze\/nozze\/crociere-viaggi-nozze-fiordi\/\",\"url\":\"https:\/\/crociere.evolutiontravel.it\/infovacanze\/nozze\/crociere-viaggi-nozze-fiordi\/\",\"name\":\"Crociere per viaggi di nozze sui Fiordi, una vacanza romantica indimenticabile!\",\"isPartOf\":{\"@id\":\"https:\/\/crociere.evolutiontravel.it\/infovacanze\/#website\"},\"datePublished\":\"2014-04-09T16:25:58+00:00\",\"dateModified\":\"2014-04-09T16:28:11+00:00\",\"description\":\"Le crociere per i viaggi di nozze sui Fiordi sono l\u2019ideale per le coppie che desiderano fare nuove esperienze ed ammirare luoghi spettacolari e spettacoli mozzafiato\",\"breadcrumb\":{\"@id\":\"https:\/\/crociere.evolutiontravel.it\/infovacanze\/nozze\/crociere-viaggi-nozze-fiordi\/#breadcrumb\"},\"inLanguage\":\"it-IT\",\"potentialAction\":[{\"@type\":\"ReadAction\",\"target\":[\"https:\/\/crociere.evolutiontravel.it\/infovacanze\/nozze\/crociere-viaggi-nozze-fiordi\/\"]}]},{\"@type\":\"BreadcrumbList\",\"@id\":\"https:\/\/crociere.evolutiontravel.it\/infovacanze\/nozze\/crociere-viaggi-nozze-fiordi\/#breadcrumb\",\"itemListElement\":[{\"@type\":\"ListItem\",\"position\":1,\"name\":\"Viaggi di Nozze\",\"item\":\"https:\/\/crociere.evolutiontravel.it\/infovacanze\/nozze\/\"},{\"@type\":\"ListItem\",\"position\":2,\"name\":\"Crociere viaggi di nozze Fiordi\"}]},{\"@type\":\"WebSite\",\"@id\":\"https:\/\/crociere.evolutiontravel.it\/infovacanze\/#website\",\"url\":\"https:\/\/crociere.evolutiontravel.it\/infovacanze\/\",\"name\":\"Crociere\",\"description\":\"\",\"potentialAction\":[{\"@type\":\"SearchAction\",\"target\":{\"@type\":\"EntryPoint\",\"urlTemplate\":\"https:\/\/crociere.evolutiontravel.it\/infovacanze\/?s={search_term_string}\"},\"query-input\":\"required name=search_term_string\"}],\"inLanguage\":\"it-IT\"}]}<\/script>\n<!-- \/ Yoast SEO plugin. -->","yoast_head_json":{"title":"Crociere per viaggi di nozze sui Fiordi, una vacanza romantica indimenticabile!","description":"Le crociere per i viaggi di nozze sui Fiordi sono l\u2019ideale per le coppie che desiderano fare nuove esperienze ed ammirare luoghi spettacolari e spettacoli mozzafiato","robots":{"index":"index","follow":"follow","max-snippet":"max-snippet:-1","max-image-preview":"max-image-preview:large","max-video-preview":"max-video-preview:-1"},"canonical":"https:\/\/crociere.evolutiontravel.it\/infovacanze\/nozze\/crociere-viaggi-nozze-fiordi\/","twitter_misc":{"Tempo di lettura stimato":"2 minuti"},"schema":{"@context":"https:\/\/schema.org","@graph":[{"@type":"WebPage","@id":"https:\/\/crociere.evolutiontravel.it\/infovacanze\/nozze\/crociere-viaggi-nozze-fiordi\/","url":"https:\/\/crociere.evolutiontravel.it\/infovacanze\/nozze\/crociere-viaggi-nozze-fiordi\/","name":"Crociere per viaggi di nozze sui Fiordi, una vacanza romantica indimenticabile!","isPartOf":{"@id":"https:\/\/crociere.evolutiontravel.it\/infovacanze\/#website"},"datePublished":"2014-04-09T16:25:58+00:00","dateModified":"2014-04-09T16:28:11+00:00","description":"Le crociere per i viaggi di nozze sui Fiordi sono l\u2019ideale per le coppie che desiderano fare nuove esperienze ed ammirare luoghi spettacolari e spettacoli mozzafiato","breadcrumb":{"@id":"https:\/\/crociere.evolutiontravel.it\/infovacanze\/nozze\/crociere-viaggi-nozze-fiordi\/#breadcrumb"},"inLanguage":"it-IT","potentialAction":[{"@type":"ReadAction","target":["https:\/\/crociere.evolutiontravel.it\/infovacanze\/nozze\/crociere-viaggi-nozze-fiordi\/"]}]},{"@type":"BreadcrumbList","@id":"https:\/\/crociere.evolutiontravel.it\/infovacanze\/nozze\/crociere-viaggi-nozze-fiordi\/#breadcrumb","itemListElement":[{"@type":"ListItem","position":1,"name":"Viaggi di Nozze","item":"https:\/\/crociere.evolutiontravel.it\/infovacanze\/nozze\/"},{"@type":"ListItem","position":2,"name":"Crociere viaggi di nozze Fiordi"}]},{"@type":"WebSite","@id":"https:\/\/crociere.evolutiontravel.it\/infovacanze\/#website","url":"https:\/\/crociere.evolutiontravel.it\/infovacanze\/","name":"Crociere","description":"","potentialAction":[{"@type":"SearchAction","target":{"@type":"EntryPoint","urlTemplate":"https:\/\/crociere.evolutiontravel.it\/infovacanze\/?s={search_term_string}"},"query-input":"required name=search_term_string"}],"inLanguage":"it-IT"}]}},"_links":{"self":[{"href":"https:\/\/crociere.evolutiontravel.it\/infovacanze\/wp-json\/wp\/v2\/pages\/641"}],"collection":[{"href":"https:\/\/crociere.evolutiontravel.it\/infovacanze\/wp-json\/wp\/v2\/pages"}],"about":[{"href":"https:\/\/crociere.evolutiontravel.it\/infovacanze\/wp-json\/wp\/v2\/types\/page"}],"author":[{"embeddable":true,"href":"https:\/\/crociere.evolutiontravel.it\/infovacanze\/wp-json\/wp\/v2\/users\/1"}],"replies":[{"embeddable":true,"href":"https:\/\/crociere.evolutiontravel.it\/infovacanze\/wp-json\/wp\/v2\/comments?post=641"}],"version-history":[{"count":1,"href":"https:\/\/crociere.evolutiontravel.it\/infovacanze\/wp-json\/wp\/v2\/pages\/641\/revisions"}],"predecessor-version":[{"id":642,"href":"https:\/\/crociere.evolutiontravel.it\/infovacanze\/wp-json\/wp\/v2\/pages\/641\/revisions\/642"}],"up":[{"embeddable":true,"href":"https:\/\/crociere.evolutiontravel.it\/infovacanze\/wp-json\/wp\/v2\/pages\/154"}],"wp:attachment":[{"href":"https:\/\/crociere.evolutiontravel.it\/infovacanze\/wp-json\/wp\/v2\/media?parent=641"}],"curies":[{"name":"wp","href":"https:\/\/api.w.org\/{rel}","templated":true}]}}