{"id":647,"date":"2014-04-09T18:34:15","date_gmt":"2014-04-09T16:34:15","guid":{"rendered":"http:\/\/crociere.evolutiontravel.it\/infovacanze\/?page_id=647"},"modified":"2014-04-09T18:34:32","modified_gmt":"2014-04-09T16:34:32","slug":"msc-last-minute","status":"publish","type":"page","link":"https:\/\/crociere.evolutiontravel.it\/infovacanze\/msc-crociere\/msc-last-minute\/","title":{"rendered":"MSC last minute"},"content":{"rendered":"<p>Numerosi sono i <b>siti online<\/b> che permettono di prenotare delle <b>crociere MSC last minute<\/b>, e non solo! Questi siti permettono di trovare tutte le <b>informazione<\/b> e le <b>offerte<\/b> necessarie per organizzare nel modo migliore la vostra crociera, in modo semplice e veloce, e soprattutto danno la possibilit\u00e0 di trovare quella crociera pi\u00f9 adatta a voi che quindi soddisfi ogni vostra esigenza. Con questi siti per le crociere MSC last minute, si avr\u00e0 la possibilit\u00e0 di scegliere il <b>porto di partenza<\/b>, di <b>trovare una soluzione di viaggio<\/b> adatta alle vostre <b>esigenze economiche<\/b> e ovviamente potrete prenotare una crociera che affronta un itinerario con le mete perfette per voi!<\/p>\n<p>La <b>crociera<\/b> \u00e8 un tipo di vacanza molto comoda, perch\u00e9 permette di <b>visitare molti luoghi<\/b> diversi in un arco di tempo relativamente ridotto e comunque permette anche di <b>rilassarsi<\/b>, visto e considerato che le navi sono dei veri e proprio <b>hotel galleggianti<\/b> con al loro interno ogni tipo di comodit\u00e0 e divertimento!<\/p>\n<p>Le imbarcazioni delle <b>crociere MSC last minute<\/b> sono dotate di ogni <b>confort<\/b> e di luoghi dove trascorrere il tempo e svagarsi, come cinema, palestre, spa e centri benessere.<\/p>\n<p>Le offerte per le crociere MSC last minute, prevedono <b>tariffe davvero scontate<\/b>, adatte a chiunque desideri realizzare il sogno di una fantastica vacanza in crociera.<\/p>\n<p>La <b>convenienza<\/b>, la <b>qualit\u00e0<\/b> e la <b>cortesia<\/b> sono alla base della <b>filosofia delle crociere MSC last minute<\/b>, queste qualit\u00e0 renderanno impossibile resistere al richiamo di una vacanza come questa!<\/p>\n<p>Le offerte per le crociere MSC last minute prevedono <b>svariati itinerari<\/b> come ad esempio, le crociere nel <b>Mediterraneo<\/b> hanno destinazioni ricche di storia e cultura, le crociere in <b>Grecia<\/b> vi permettono di scoprire siti archeologici, le crociere ai <b>Caraibi<\/b> vi faranno immergere in spiagge paradisiache in cui il mare e il relax sono all\u2019ordine del giorno.<\/p>\n<p>Le crociere MSC last minute prevedono delle <b>tariffe<\/b> per i <b>giovani<\/b> molto vantaggiose, inoltre propongono offerte anche per le <b>coppie in viaggio di nozze<\/b>, le <b>famiglie<\/b> con bambini e gli <b>over 65<\/b>, \u00e8 possibile approfittare di sconti consistenti in ogni caso, anche per chi prenota una crociera per <b>single<\/b>. Ultimamente si \u00e8 aggiunta una nuova tipologia di crociera a quelle standard offerte dai pacchetti, <b>la crociera a Tema<\/b>, che prevede programmi, itinerari e attivit\u00e0 personalizzati.<\/p>\n<p>Le crociere MSC last minute sono prenotabili da chiunque, \u00e8 possibile quindi trovare crociere adatte a tutti e che si adattano, quindi, ai sogni di ogni turista. Queste crociere sono prenotabili online in modo estremamente semplice, una volta scelto l\u2019itinerario pi\u00f9 vicino ai vostri gusti non resta che acquistare con semplicit\u00e0 il vostro viaggio!<\/p>\n<p>Approfittate subito delle offerte last minute proposte dalle crociere MSC e preparare le valigie! Preparatevi a partire alla scoperta di nuove destinazioni che vi lasceranno senza fiato!<\/p>\n","protected":false},"excerpt":{"rendered":"<p>Numerosi sono i siti online che permettono di prenotare delle crociere MSC last minute, e non solo! Questi siti permettono di trovare tutte le informazione e le offerte necessarie per organizzare nel modo migliore la vostra crociera, in modo semplice e veloce, e soprattutto danno la possibilit\u00e0 di trovare quella crociera pi\u00f9 adatta a voi <a class=\"moretag\" href=\"https:\/\/crociere.evolutiontravel.it\/infovacanze\/msc-crociere\/msc-last-minute\/\">[&#8230;]<\/a><\/p>\n","protected":false},"author":1,"featured_media":0,"parent":281,"menu_order":0,"comment_status":"closed","ping_status":"open","template":"","meta":{"footnotes":""},"yoast_head":"<!-- This site is optimized with the Yoast SEO plugin v21.9.1 - https:\/\/yoast.com\/wordpress\/plugins\/seo\/ -->\n<title>Crociere MSC last minute, perfette per chiunque!<\/title>\n<meta name=\"description\" content=\"Crociere MSC last minute, di ogni tipologia e con svariati itinerari, sono perfette per chiunque voglia concedersi una vacanza in pieno relax.\" \/>\n<meta name=\"robots\" content=\"index, follow, max-snippet:-1, max-image-preview:large, max-video-preview:-1\" \/>\n<link rel=\"canonical\" href=\"https:\/\/crociere.evolutiontravel.it\/infovacanze\/msc-crociere\/msc-last-minute\/\" \/>\n<meta name=\"twitter:label1\" content=\"Tempo di lettura stimato\" \/>\n\t<meta name=\"twitter:data1\" content=\"2 minuti\" \/>\n<script type=\"application\/ld+json\" class=\"yoast-schema-graph\">{\"@context\":\"https:\/\/schema.org\",\"@graph\":[{\"@type\":\"WebPage\",\"@id\":\"https:\/\/crociere.evolutiontravel.it\/infovacanze\/msc-crociere\/msc-last-minute\/\",\"url\":\"https:\/\/crociere.evolutiontravel.it\/infovacanze\/msc-crociere\/msc-last-minute\/\",\"name\":\"Crociere MSC last minute, perfette per chiunque!\",\"isPartOf\":{\"@id\":\"https:\/\/crociere.evolutiontravel.it\/infovacanze\/#website\"},\"datePublished\":\"2014-04-09T16:34:15+00:00\",\"dateModified\":\"2014-04-09T16:34:32+00:00\",\"description\":\"Crociere MSC last minute, di ogni tipologia e con svariati itinerari, sono perfette per chiunque voglia concedersi una vacanza in pieno relax.\",\"breadcrumb\":{\"@id\":\"https:\/\/crociere.evolutiontravel.it\/infovacanze\/msc-crociere\/msc-last-minute\/#breadcrumb\"},\"inLanguage\":\"it-IT\",\"potentialAction\":[{\"@type\":\"ReadAction\",\"target\":[\"https:\/\/crociere.evolutiontravel.it\/infovacanze\/msc-crociere\/msc-last-minute\/\"]}]},{\"@type\":\"BreadcrumbList\",\"@id\":\"https:\/\/crociere.evolutiontravel.it\/infovacanze\/msc-crociere\/msc-last-minute\/#breadcrumb\",\"itemListElement\":[{\"@type\":\"ListItem\",\"position\":1,\"name\":\"MSC Crociere\",\"item\":\"https:\/\/crociere.evolutiontravel.it\/infovacanze\/msc-crociere\/\"},{\"@type\":\"ListItem\",\"position\":2,\"name\":\"MSC last minute\"}]},{\"@type\":\"WebSite\",\"@id\":\"https:\/\/crociere.evolutiontravel.it\/infovacanze\/#website\",\"url\":\"https:\/\/crociere.evolutiontravel.it\/infovacanze\/\",\"name\":\"Crociere\",\"description\":\"\",\"potentialAction\":[{\"@type\":\"SearchAction\",\"target\":{\"@type\":\"EntryPoint\",\"urlTemplate\":\"https:\/\/crociere.evolutiontravel.it\/infovacanze\/?s={search_term_string}\"},\"query-input\":\"required name=search_term_string\"}],\"inLanguage\":\"it-IT\"}]}<\/script>\n<!-- \/ Yoast SEO plugin. -->","yoast_head_json":{"title":"Crociere MSC last minute, perfette per chiunque!","description":"Crociere MSC last minute, di ogni tipologia e con svariati itinerari, sono perfette per chiunque voglia concedersi una vacanza in pieno relax.","robots":{"index":"index","follow":"follow","max-snippet":"max-snippet:-1","max-image-preview":"max-image-preview:large","max-video-preview":"max-video-preview:-1"},"canonical":"https:\/\/crociere.evolutiontravel.it\/infovacanze\/msc-crociere\/msc-last-minute\/","twitter_misc":{"Tempo di lettura stimato":"2 minuti"},"schema":{"@context":"https:\/\/schema.org","@graph":[{"@type":"WebPage","@id":"https:\/\/crociere.evolutiontravel.it\/infovacanze\/msc-crociere\/msc-last-minute\/","url":"https:\/\/crociere.evolutiontravel.it\/infovacanze\/msc-crociere\/msc-last-minute\/","name":"Crociere MSC last minute, perfette per chiunque!","isPartOf":{"@id":"https:\/\/crociere.evolutiontravel.it\/infovacanze\/#website"},"datePublished":"2014-04-09T16:34:15+00:00","dateModified":"2014-04-09T16:34:32+00:00","description":"Crociere MSC last minute, di ogni tipologia e con svariati itinerari, sono perfette per chiunque voglia concedersi una vacanza in pieno relax.","breadcrumb":{"@id":"https:\/\/crociere.evolutiontravel.it\/infovacanze\/msc-crociere\/msc-last-minute\/#breadcrumb"},"inLanguage":"it-IT","potentialAction":[{"@type":"ReadAction","target":["https:\/\/crociere.evolutiontravel.it\/infovacanze\/msc-crociere\/msc-last-minute\/"]}]},{"@type":"BreadcrumbList","@id":"https:\/\/crociere.evolutiontravel.it\/infovacanze\/msc-crociere\/msc-last-minute\/#breadcrumb","itemListElement":[{"@type":"ListItem","position":1,"name":"MSC Crociere","item":"https:\/\/crociere.evolutiontravel.it\/infovacanze\/msc-crociere\/"},{"@type":"ListItem","position":2,"name":"MSC last minute"}]},{"@type":"WebSite","@id":"https:\/\/crociere.evolutiontravel.it\/infovacanze\/#website","url":"https:\/\/crociere.evolutiontravel.it\/infovacanze\/","name":"Crociere","description":"","potentialAction":[{"@type":"SearchAction","target":{"@type":"EntryPoint","urlTemplate":"https:\/\/crociere.evolutiontravel.it\/infovacanze\/?s={search_term_string}"},"query-input":"required name=search_term_string"}],"inLanguage":"it-IT"}]}},"_links":{"self":[{"href":"https:\/\/crociere.evolutiontravel.it\/infovacanze\/wp-json\/wp\/v2\/pages\/647"}],"collection":[{"href":"https:\/\/crociere.evolutiontravel.it\/infovacanze\/wp-json\/wp\/v2\/pages"}],"about":[{"href":"https:\/\/crociere.evolutiontravel.it\/infovacanze\/wp-json\/wp\/v2\/types\/page"}],"author":[{"embeddable":true,"href":"https:\/\/crociere.evolutiontravel.it\/infovacanze\/wp-json\/wp\/v2\/users\/1"}],"replies":[{"embeddable":true,"href":"https:\/\/crociere.evolutiontravel.it\/infovacanze\/wp-json\/wp\/v2\/comments?post=647"}],"version-history":[{"count":2,"href":"https:\/\/crociere.evolutiontravel.it\/infovacanze\/wp-json\/wp\/v2\/pages\/647\/revisions"}],"predecessor-version":[{"id":649,"href":"https:\/\/crociere.evolutiontravel.it\/infovacanze\/wp-json\/wp\/v2\/pages\/647\/revisions\/649"}],"up":[{"embeddable":true,"href":"https:\/\/crociere.evolutiontravel.it\/infovacanze\/wp-json\/wp\/v2\/pages\/281"}],"wp:attachment":[{"href":"https:\/\/crociere.evolutiontravel.it\/infovacanze\/wp-json\/wp\/v2\/media?parent=647"}],"curies":[{"name":"wp","href":"https:\/\/api.w.org\/{rel}","templated":true}]}}