{"id":655,"date":"2014-04-09T18:38:26","date_gmt":"2014-04-09T16:38:26","guid":{"rendered":"http:\/\/crociere.evolutiontravel.it\/infovacanze\/?page_id=655"},"modified":"2014-04-09T18:38:26","modified_gmt":"2014-04-09T16:38:26","slug":"msc-offerte-in-agosto","status":"publish","type":"page","link":"https:\/\/crociere.evolutiontravel.it\/infovacanze\/msc-crociere\/msc-offerte-in-agosto\/","title":{"rendered":"MSC offerte in Agosto"},"content":{"rendered":"<p><b>Agosto<\/b> \u00e8 il mese principale in cui gli italiani si dedicano alle <b>vacanze estive<\/b>, dopo un intero anno di duro lavoro la gente non desidera altro che dedicarsi a se stessi, divertirsi e trascorrere del tempo in spiaggia ad abbronzarsi! Una delle <b>crociere MSC offerte in Agosto<\/b> riuscir\u00e0 ad unire tutte le caratteristiche che occorrono per una <b>vacanza perfetta<\/b>!<\/p>\n<p><b>Agosto<\/b> \u00e8 considerato un mese di <b>altissima stagione<\/b>, dove la <b>richiesta \u00e8 tanta<\/b>, le <b>cabine scarseggiano<\/b> e i <b>prezzi salgono<\/b>. Ma la soluzione non \u00e8 rinunciare a tutto questo! Le <b>compagnie di navigazione offrono anche in Agosto crociere a prezzi invidiabili<\/b>, qualche volta anche con volo incluso, e questo per evitare di far partire le navi con qualche cabina invenduta.<\/p>\n<p>Per quanto riguarda le <b>crociere MSC offerte in Agosto <\/b>spesso per\u00f2 si presenta qualche problema, non sempre, infatti, <b>\u00e8 possibile scegliere itinerario, cabina e periodo<\/b>, visto e considerato che le offerte sono poche e bisogna sapersi accontentare, e approfittare di quello che ci viene offerto!<\/p>\n<p>Le crociere MSC hanno offerte in Agosto anche grazie ai <b>pacchetti<\/b> targati <b>Parti Subito<\/b>, <b>Bingo<\/b> e <b>Super Bingo<\/b>, queste offerte propongono anche in Agosto <b>crociere last\u00a0 minute<\/b> a prezzi davvero economici!<\/p>\n<p>In molti casi durante la prenotazione di una delle crociere MSC offerta ad Agosto \u00e8 possibile scegliere solo tipologia di cabina, nave e data di partenza, infatti il piano e il numero della cabina \u00e8 possibile saperla con certezza solo ad una settimana dalla partenza, oppure \u00e8 possibile scegliere solo periodo e tipologia di cabina e quindi la scelta della nave risulta casuale.<\/p>\n<p>Con questo tipo di offerte le compagnie di navigazione hanno potuto vendere crociere anche con <b>sconti fino al 40 0 50%, in alta stagione<\/b> ovviamente!<\/p>\n<p>Le crociere MSC offerte in Agosto sono sotto pieno regime della compagnia, infatti, tutti gli itinerari sono sfruttati dalle navi!<\/p>\n<p>Per coloro che decidono di scegliere come itinerario per la propria crociera il <b>Mediterraneo Orientale<\/b> e le <b>isole Greche<\/b> \u00e8 sicuramente raccomandato di portare in valigia <b>creme al alta protezione<\/b>, magliette e indumenti leggeri, cappelli e costumi!<\/p>\n<p>La stessa cosa vale per le crociere nel Mediterraneo Occidentale, in Spagna, Portogallo, Tunisia, Marocco e tutte le altre mete calde che vi vengono in mente, in queste zone il sole picchia forte e spesso raggiunge temperature di 40 gradi centigradi.<\/p>\n<p>Una crociera nei <b>Fiordi<\/b> o nel <b>Mar Baltico<\/b> anche in Agosto \u00e8 davvero <b>perfetta<\/b>, perch\u00e9 il sole del nord rende gradevole le escursioni e non si deve convivere con l\u2019afa.<\/p>\n<p>Spesso sono <b>sconsigliate<\/b> le crociere in <b>Medio Oriente<\/b>, in <b>Egitto<\/b>, <b>Dubai<\/b> e altri approdi dove il sole \u00e8 molto forte e l\u2019umidit\u00e0 \u00e8 alta, questo infatti rende <b>l\u2019aria irrespirabile<\/b> e la crociera sgradevole!<\/p>\n<p>I porti per le imbarcazioni sono sempre i soliti e le navi fra cui \u00e8 possibile scegliere sono tantissime! Scegliere la crociera perfetta per voi e partite!<\/p>\n","protected":false},"excerpt":{"rendered":"<p>Agosto \u00e8 il mese principale in cui gli italiani si dedicano alle vacanze estive, dopo un intero anno di duro lavoro la gente non desidera altro che dedicarsi a se stessi, divertirsi e trascorrere del tempo in spiaggia ad abbronzarsi! Una delle crociere MSC offerte in Agosto riuscir\u00e0 ad unire tutte le caratteristiche che occorrono <a class=\"moretag\" href=\"https:\/\/crociere.evolutiontravel.it\/infovacanze\/msc-crociere\/msc-offerte-in-agosto\/\">[&#8230;]<\/a><\/p>\n","protected":false},"author":1,"featured_media":0,"parent":281,"menu_order":0,"comment_status":"closed","ping_status":"open","template":"","meta":{"footnotes":""},"yoast_head":"<!-- This site is optimized with the Yoast SEO plugin v21.9.1 - https:\/\/yoast.com\/wordpress\/plugins\/seo\/ -->\n<title>Crociere MSC offerte in Agosto, perfette per i lavoratori!<\/title>\n<meta name=\"description\" content=\"Le crociere MSC offerte in Agosto sono perfette per coloro che durante l\u2019anno lavorano e che desiderano approfittare delle offerte pi\u00f9 convenienti per partire e svagarsi!\" \/>\n<meta name=\"robots\" content=\"index, follow, max-snippet:-1, max-image-preview:large, max-video-preview:-1\" \/>\n<link rel=\"canonical\" href=\"https:\/\/crociere.evolutiontravel.it\/infovacanze\/msc-crociere\/msc-offerte-in-agosto\/\" \/>\n<meta name=\"twitter:label1\" content=\"Tempo di lettura stimato\" \/>\n\t<meta name=\"twitter:data1\" content=\"2 minuti\" \/>\n<script type=\"application\/ld+json\" class=\"yoast-schema-graph\">{\"@context\":\"https:\/\/schema.org\",\"@graph\":[{\"@type\":\"WebPage\",\"@id\":\"https:\/\/crociere.evolutiontravel.it\/infovacanze\/msc-crociere\/msc-offerte-in-agosto\/\",\"url\":\"https:\/\/crociere.evolutiontravel.it\/infovacanze\/msc-crociere\/msc-offerte-in-agosto\/\",\"name\":\"Crociere MSC offerte in Agosto, perfette per i lavoratori!\",\"isPartOf\":{\"@id\":\"https:\/\/crociere.evolutiontravel.it\/infovacanze\/#website\"},\"datePublished\":\"2014-04-09T16:38:26+00:00\",\"dateModified\":\"2014-04-09T16:38:26+00:00\",\"description\":\"Le crociere MSC offerte in Agosto sono perfette per coloro che durante l\u2019anno lavorano e che desiderano approfittare delle offerte pi\u00f9 convenienti per partire e svagarsi!\",\"breadcrumb\":{\"@id\":\"https:\/\/crociere.evolutiontravel.it\/infovacanze\/msc-crociere\/msc-offerte-in-agosto\/#breadcrumb\"},\"inLanguage\":\"it-IT\",\"potentialAction\":[{\"@type\":\"ReadAction\",\"target\":[\"https:\/\/crociere.evolutiontravel.it\/infovacanze\/msc-crociere\/msc-offerte-in-agosto\/\"]}]},{\"@type\":\"BreadcrumbList\",\"@id\":\"https:\/\/crociere.evolutiontravel.it\/infovacanze\/msc-crociere\/msc-offerte-in-agosto\/#breadcrumb\",\"itemListElement\":[{\"@type\":\"ListItem\",\"position\":1,\"name\":\"MSC Crociere\",\"item\":\"https:\/\/crociere.evolutiontravel.it\/infovacanze\/msc-crociere\/\"},{\"@type\":\"ListItem\",\"position\":2,\"name\":\"MSC offerte in Agosto\"}]},{\"@type\":\"WebSite\",\"@id\":\"https:\/\/crociere.evolutiontravel.it\/infovacanze\/#website\",\"url\":\"https:\/\/crociere.evolutiontravel.it\/infovacanze\/\",\"name\":\"Crociere\",\"description\":\"\",\"potentialAction\":[{\"@type\":\"SearchAction\",\"target\":{\"@type\":\"EntryPoint\",\"urlTemplate\":\"https:\/\/crociere.evolutiontravel.it\/infovacanze\/?s={search_term_string}\"},\"query-input\":\"required name=search_term_string\"}],\"inLanguage\":\"it-IT\"}]}<\/script>\n<!-- \/ Yoast SEO plugin. -->","yoast_head_json":{"title":"Crociere MSC offerte in Agosto, perfette per i lavoratori!","description":"Le crociere MSC offerte in Agosto sono perfette per coloro che durante l\u2019anno lavorano e che desiderano approfittare delle offerte pi\u00f9 convenienti per partire e svagarsi!","robots":{"index":"index","follow":"follow","max-snippet":"max-snippet:-1","max-image-preview":"max-image-preview:large","max-video-preview":"max-video-preview:-1"},"canonical":"https:\/\/crociere.evolutiontravel.it\/infovacanze\/msc-crociere\/msc-offerte-in-agosto\/","twitter_misc":{"Tempo di lettura stimato":"2 minuti"},"schema":{"@context":"https:\/\/schema.org","@graph":[{"@type":"WebPage","@id":"https:\/\/crociere.evolutiontravel.it\/infovacanze\/msc-crociere\/msc-offerte-in-agosto\/","url":"https:\/\/crociere.evolutiontravel.it\/infovacanze\/msc-crociere\/msc-offerte-in-agosto\/","name":"Crociere MSC offerte in Agosto, perfette per i lavoratori!","isPartOf":{"@id":"https:\/\/crociere.evolutiontravel.it\/infovacanze\/#website"},"datePublished":"2014-04-09T16:38:26+00:00","dateModified":"2014-04-09T16:38:26+00:00","description":"Le crociere MSC offerte in Agosto sono perfette per coloro che durante l\u2019anno lavorano e che desiderano approfittare delle offerte pi\u00f9 convenienti per partire e svagarsi!","breadcrumb":{"@id":"https:\/\/crociere.evolutiontravel.it\/infovacanze\/msc-crociere\/msc-offerte-in-agosto\/#breadcrumb"},"inLanguage":"it-IT","potentialAction":[{"@type":"ReadAction","target":["https:\/\/crociere.evolutiontravel.it\/infovacanze\/msc-crociere\/msc-offerte-in-agosto\/"]}]},{"@type":"BreadcrumbList","@id":"https:\/\/crociere.evolutiontravel.it\/infovacanze\/msc-crociere\/msc-offerte-in-agosto\/#breadcrumb","itemListElement":[{"@type":"ListItem","position":1,"name":"MSC Crociere","item":"https:\/\/crociere.evolutiontravel.it\/infovacanze\/msc-crociere\/"},{"@type":"ListItem","position":2,"name":"MSC offerte in Agosto"}]},{"@type":"WebSite","@id":"https:\/\/crociere.evolutiontravel.it\/infovacanze\/#website","url":"https:\/\/crociere.evolutiontravel.it\/infovacanze\/","name":"Crociere","description":"","potentialAction":[{"@type":"SearchAction","target":{"@type":"EntryPoint","urlTemplate":"https:\/\/crociere.evolutiontravel.it\/infovacanze\/?s={search_term_string}"},"query-input":"required name=search_term_string"}],"inLanguage":"it-IT"}]}},"_links":{"self":[{"href":"https:\/\/crociere.evolutiontravel.it\/infovacanze\/wp-json\/wp\/v2\/pages\/655"}],"collection":[{"href":"https:\/\/crociere.evolutiontravel.it\/infovacanze\/wp-json\/wp\/v2\/pages"}],"about":[{"href":"https:\/\/crociere.evolutiontravel.it\/infovacanze\/wp-json\/wp\/v2\/types\/page"}],"author":[{"embeddable":true,"href":"https:\/\/crociere.evolutiontravel.it\/infovacanze\/wp-json\/wp\/v2\/users\/1"}],"replies":[{"embeddable":true,"href":"https:\/\/crociere.evolutiontravel.it\/infovacanze\/wp-json\/wp\/v2\/comments?post=655"}],"version-history":[{"count":1,"href":"https:\/\/crociere.evolutiontravel.it\/infovacanze\/wp-json\/wp\/v2\/pages\/655\/revisions"}],"predecessor-version":[{"id":656,"href":"https:\/\/crociere.evolutiontravel.it\/infovacanze\/wp-json\/wp\/v2\/pages\/655\/revisions\/656"}],"up":[{"embeddable":true,"href":"https:\/\/crociere.evolutiontravel.it\/infovacanze\/wp-json\/wp\/v2\/pages\/281"}],"wp:attachment":[{"href":"https:\/\/crociere.evolutiontravel.it\/infovacanze\/wp-json\/wp\/v2\/media?parent=655"}],"curies":[{"name":"wp","href":"https:\/\/api.w.org\/{rel}","templated":true}]}}