{"id":686,"date":"2014-05-13T16:20:34","date_gmt":"2014-05-13T14:20:34","guid":{"rendered":"http:\/\/crociere.evolutiontravel.it\/infovacanze\/?page_id=686"},"modified":"2014-05-13T16:20:34","modified_gmt":"2014-05-13T14:20:34","slug":"viaggi-ventaglio","status":"publish","type":"page","link":"https:\/\/crociere.evolutiontravel.it\/infovacanze\/informazioni\/viaggi-ventaglio\/","title":{"rendered":"Viaggi del Ventaglio"},"content":{"rendered":"<p>Con il sempre crescente numero di operatori turistici \u00e8 giusto che ogni <strong>viaggiatore accorto<\/strong> scelga con cura a chi affidarsi per le proprie vacanze. Le <strong>crociere<\/strong> sono la soluzione ideale per chi ricerca <strong>il massimo della qualit\u00e0<\/strong> con un occhio particolare al <strong>rapporto qualit\u00e0 prezzo<\/strong>.<\/p>\n<p>Ricercando su <strong>internet<\/strong> si trovano moltissime scelte disponibili nella prenotazione di una <strong>vacanza<\/strong> di questo tipo. Affidarsi a dei <strong>professionisti<\/strong> che ci garantiscano <strong>il massimo della qualit\u00e0<\/strong> d\u00e0 la certezza di vivere un\u2019esperienza magnifica. Le <strong>crociere Viaggi del Ventaglio<\/strong> sono accuratamente selezionate per fornire ai propri <strong>ospiti<\/strong> tutti i <strong>servizi<\/strong> possibili, al fine di trascorrere serenamente la propria <strong>vacanza<\/strong>.<\/p>\n<p>\u00c8impossibile negare che la <strong>traversata<\/strong> a bordo di una di queste meravigliose <strong>regine del mare<\/strong>, cariche di <strong>lusso<\/strong> e di <strong>sfarzo<\/strong>, ci rimanda immediatamente a quelli che sono stati fasti degli antichi <strong>transatlantici<\/strong> di fini ottocento.<\/p>\n<p>Non molti sanno che <strong>la prima \u201cnave da crociera\u201d<\/strong> mai varata fu di costruzione italiana e precisamente siciliana, il progetto derivava direttamente da quello dei grandi <strong>panfili <\/strong>che attraversavano gli oceani. Fortunatamente nei giorni nostri non vi sono differenziazione forte, come si avevano all\u2019epoca, con la divisione tra passeggeri di prima, seconda e terza classe.<\/p>\n<p>Qualsiasi <strong>cabina<\/strong> voi decidiate di prenotare, nelle <strong>crociere Viaggi del Ventaglio<\/strong> \u00e8 fornita di ogni <strong>confort<\/strong> possibile e per ogni vostra successiva necessit\u00e0 il personale di bordo \u00e8 sempre pronto a rispondere in modo tempestivo. Parlando di <strong>prezzi<\/strong> i costi per una <strong>cabina con balcone<\/strong> possono essere certamente maggiori rispetto a quelli di una semplice <strong>cabina con obl\u00f2<\/strong>.<\/p>\n<p>Chi sceglie di avere una <strong>cabina con balcone<\/strong> lo fa perch\u00e9 ha ben chiaro il fatto che passer\u00e0 diverso tempo nel suo alloggio, o semplicemente perch\u00e9 non necessita di badare al <strong>risparmio<\/strong>. I <strong>turisti<\/strong> maggiormente interessati a quelle che sono le attrazioni di bordo, la <strong>cabina con obl\u00f2<\/strong> potrebbe essere la scelta pi\u00f9 indicata per voi.<\/p>\n<p>Capita spesso che alcuni viaggiatori cerchino di accaparrarsi un <strong>last minute<\/strong> per via dei <strong>prezzi vantaggiosi,<\/strong> prenotando solo a pochi giorni di distanza della data di partenza.<\/p>\n<p>Questa strategia pu\u00f2 funzionare ma se volete vivere <strong>un\u2019esperienza indimenticabile<\/strong> in tutta serenit\u00e0, \u00e8 pi\u00f9 conveniente muoversi il prima possibile in modo da poter vagliare diverse possibilit\u00e0, senza rischiare di rimanere a terra per esaurimento posti.<\/p>\n<p>Durante la <strong>stagione estiva<\/strong> le <strong>crociere Viaggi del Ventaglio<\/strong> sono tra le pi\u00f9 ricercate di tutto il mercato, grazie all\u2019affidabilit\u00e0 che questo marchio si \u00e8 guadagnato nel corso degli anni, per questo motivo <strong>prenotare<\/strong> <strong>con largo anticipo<\/strong> migliora notevolmente le chance di <strong>risparmio<\/strong>. Chi desidera vivere un\u2019esperienza spettacolare a bordo di una <strong>regina del mare,<\/strong> custode di ogni lusso e ogni divertimento possibile, questo viaggio fa al caso vostro. Scegliete la <strong>cabina<\/strong> che maggiormente si conf\u00e0 alle vostre esigenze e godetevi \u00a0la qualit\u00e0 di un <strong>viaggio da sogno<\/strong>.<\/p>\n","protected":false},"excerpt":{"rendered":"<p>Con il sempre crescente numero di operatori turistici \u00e8 giusto che ogni viaggiatore accorto scelga con cura a chi affidarsi per le proprie vacanze. Le crociere sono la soluzione ideale per chi ricerca il massimo della qualit\u00e0 con un occhio particolare al rapporto qualit\u00e0 prezzo. Ricercando su internet si trovano moltissime scelte disponibili nella prenotazione <a class=\"moretag\" href=\"https:\/\/crociere.evolutiontravel.it\/infovacanze\/informazioni\/viaggi-ventaglio\/\">[&#8230;]<\/a><\/p>\n","protected":false},"author":1,"featured_media":0,"parent":93,"menu_order":0,"comment_status":"closed","ping_status":"open","template":"","meta":{"footnotes":""},"yoast_head":"<!-- This site is optimized with the Yoast SEO plugin v21.9.1 - https:\/\/yoast.com\/wordpress\/plugins\/seo\/ -->\n<title>Crociere Viaggi del Ventaglio: Un viaggio da sogno e la sicurezza di un grande marchio<\/title>\n<meta name=\"description\" content=\"Le moltissime compagnie che rapidamente sono sorte nel mercato globale del turismo rendono complicato caprie come garantirsi un viaggio indimenticabile, affidarsi a dei professionisti vi da questa sicurezza liberandovi da ogni preoccupazione.\" \/>\n<meta name=\"robots\" content=\"index, follow, max-snippet:-1, max-image-preview:large, max-video-preview:-1\" \/>\n<link rel=\"canonical\" href=\"https:\/\/crociere.evolutiontravel.it\/infovacanze\/informazioni\/viaggi-ventaglio\/\" \/>\n<meta name=\"twitter:label1\" content=\"Tempo di lettura stimato\" \/>\n\t<meta name=\"twitter:data1\" content=\"2 minuti\" \/>\n<script type=\"application\/ld+json\" class=\"yoast-schema-graph\">{\"@context\":\"https:\/\/schema.org\",\"@graph\":[{\"@type\":\"WebPage\",\"@id\":\"https:\/\/crociere.evolutiontravel.it\/infovacanze\/informazioni\/viaggi-ventaglio\/\",\"url\":\"https:\/\/crociere.evolutiontravel.it\/infovacanze\/informazioni\/viaggi-ventaglio\/\",\"name\":\"Crociere Viaggi del Ventaglio: Un viaggio da sogno e la sicurezza di un grande marchio\",\"isPartOf\":{\"@id\":\"https:\/\/crociere.evolutiontravel.it\/infovacanze\/#website\"},\"datePublished\":\"2014-05-13T14:20:34+00:00\",\"dateModified\":\"2014-05-13T14:20:34+00:00\",\"description\":\"Le moltissime compagnie che rapidamente sono sorte nel mercato globale del turismo rendono complicato caprie come garantirsi un viaggio indimenticabile, affidarsi a dei professionisti vi da questa sicurezza liberandovi da ogni preoccupazione.\",\"breadcrumb\":{\"@id\":\"https:\/\/crociere.evolutiontravel.it\/infovacanze\/informazioni\/viaggi-ventaglio\/#breadcrumb\"},\"inLanguage\":\"it-IT\",\"potentialAction\":[{\"@type\":\"ReadAction\",\"target\":[\"https:\/\/crociere.evolutiontravel.it\/infovacanze\/informazioni\/viaggi-ventaglio\/\"]}]},{\"@type\":\"BreadcrumbList\",\"@id\":\"https:\/\/crociere.evolutiontravel.it\/infovacanze\/informazioni\/viaggi-ventaglio\/#breadcrumb\",\"itemListElement\":[{\"@type\":\"ListItem\",\"position\":1,\"name\":\"Prima di partire\",\"item\":\"https:\/\/crociere.evolutiontravel.it\/infovacanze\/informazioni\/\"},{\"@type\":\"ListItem\",\"position\":2,\"name\":\"Viaggi del Ventaglio\"}]},{\"@type\":\"WebSite\",\"@id\":\"https:\/\/crociere.evolutiontravel.it\/infovacanze\/#website\",\"url\":\"https:\/\/crociere.evolutiontravel.it\/infovacanze\/\",\"name\":\"Crociere\",\"description\":\"\",\"potentialAction\":[{\"@type\":\"SearchAction\",\"target\":{\"@type\":\"EntryPoint\",\"urlTemplate\":\"https:\/\/crociere.evolutiontravel.it\/infovacanze\/?s={search_term_string}\"},\"query-input\":\"required name=search_term_string\"}],\"inLanguage\":\"it-IT\"}]}<\/script>\n<!-- \/ Yoast SEO plugin. -->","yoast_head_json":{"title":"Crociere Viaggi del Ventaglio: Un viaggio da sogno e la sicurezza di un grande marchio","description":"Le moltissime compagnie che rapidamente sono sorte nel mercato globale del turismo rendono complicato caprie come garantirsi un viaggio indimenticabile, affidarsi a dei professionisti vi da questa sicurezza liberandovi da ogni preoccupazione.","robots":{"index":"index","follow":"follow","max-snippet":"max-snippet:-1","max-image-preview":"max-image-preview:large","max-video-preview":"max-video-preview:-1"},"canonical":"https:\/\/crociere.evolutiontravel.it\/infovacanze\/informazioni\/viaggi-ventaglio\/","twitter_misc":{"Tempo di lettura stimato":"2 minuti"},"schema":{"@context":"https:\/\/schema.org","@graph":[{"@type":"WebPage","@id":"https:\/\/crociere.evolutiontravel.it\/infovacanze\/informazioni\/viaggi-ventaglio\/","url":"https:\/\/crociere.evolutiontravel.it\/infovacanze\/informazioni\/viaggi-ventaglio\/","name":"Crociere Viaggi del Ventaglio: Un viaggio da sogno e la sicurezza di un grande marchio","isPartOf":{"@id":"https:\/\/crociere.evolutiontravel.it\/infovacanze\/#website"},"datePublished":"2014-05-13T14:20:34+00:00","dateModified":"2014-05-13T14:20:34+00:00","description":"Le moltissime compagnie che rapidamente sono sorte nel mercato globale del turismo rendono complicato caprie come garantirsi un viaggio indimenticabile, affidarsi a dei professionisti vi da questa sicurezza liberandovi da ogni preoccupazione.","breadcrumb":{"@id":"https:\/\/crociere.evolutiontravel.it\/infovacanze\/informazioni\/viaggi-ventaglio\/#breadcrumb"},"inLanguage":"it-IT","potentialAction":[{"@type":"ReadAction","target":["https:\/\/crociere.evolutiontravel.it\/infovacanze\/informazioni\/viaggi-ventaglio\/"]}]},{"@type":"BreadcrumbList","@id":"https:\/\/crociere.evolutiontravel.it\/infovacanze\/informazioni\/viaggi-ventaglio\/#breadcrumb","itemListElement":[{"@type":"ListItem","position":1,"name":"Prima di partire","item":"https:\/\/crociere.evolutiontravel.it\/infovacanze\/informazioni\/"},{"@type":"ListItem","position":2,"name":"Viaggi del Ventaglio"}]},{"@type":"WebSite","@id":"https:\/\/crociere.evolutiontravel.it\/infovacanze\/#website","url":"https:\/\/crociere.evolutiontravel.it\/infovacanze\/","name":"Crociere","description":"","potentialAction":[{"@type":"SearchAction","target":{"@type":"EntryPoint","urlTemplate":"https:\/\/crociere.evolutiontravel.it\/infovacanze\/?s={search_term_string}"},"query-input":"required name=search_term_string"}],"inLanguage":"it-IT"}]}},"_links":{"self":[{"href":"https:\/\/crociere.evolutiontravel.it\/infovacanze\/wp-json\/wp\/v2\/pages\/686"}],"collection":[{"href":"https:\/\/crociere.evolutiontravel.it\/infovacanze\/wp-json\/wp\/v2\/pages"}],"about":[{"href":"https:\/\/crociere.evolutiontravel.it\/infovacanze\/wp-json\/wp\/v2\/types\/page"}],"author":[{"embeddable":true,"href":"https:\/\/crociere.evolutiontravel.it\/infovacanze\/wp-json\/wp\/v2\/users\/1"}],"replies":[{"embeddable":true,"href":"https:\/\/crociere.evolutiontravel.it\/infovacanze\/wp-json\/wp\/v2\/comments?post=686"}],"version-history":[{"count":1,"href":"https:\/\/crociere.evolutiontravel.it\/infovacanze\/wp-json\/wp\/v2\/pages\/686\/revisions"}],"predecessor-version":[{"id":687,"href":"https:\/\/crociere.evolutiontravel.it\/infovacanze\/wp-json\/wp\/v2\/pages\/686\/revisions\/687"}],"up":[{"embeddable":true,"href":"https:\/\/crociere.evolutiontravel.it\/infovacanze\/wp-json\/wp\/v2\/pages\/93"}],"wp:attachment":[{"href":"https:\/\/crociere.evolutiontravel.it\/infovacanze\/wp-json\/wp\/v2\/media?parent=686"}],"curies":[{"name":"wp","href":"https:\/\/api.w.org\/{rel}","templated":true}]}}