{"id":75,"date":"2013-08-13T16:29:04","date_gmt":"2013-08-13T14:29:04","guid":{"rendered":"http:\/\/crociere.evolutiontravel.it\/infovacanze\/?page_id=75"},"modified":"2014-01-06T16:08:58","modified_gmt":"2014-01-06T15:08:58","slug":"nord-europa","status":"publish","type":"page","link":"https:\/\/crociere.evolutiontravel.it\/infovacanze\/last-minute\/nord-europa\/","title":{"rendered":"Nord Europa"},"content":{"rendered":"<p align=\"justify\">\n<p align=\"justify\">Le proposte \u00a0di\u00a0<strong>crociere last minute\u00a0<\/strong>nel\u00a0<strong>Nord Europa<\/strong>\u00a0consistono di una grandissima variet\u00e0 di itinerari e non conoscono stagioni.<\/p>\n<p align=\"justify\">Solitamente, il periodo in cui fioccano le offerte di\u00a0<strong>crociere last minute\u00a0<\/strong>nel<strong>Nord Europa<\/strong>\u00a0comprende i mesi primaverili ed estivi, indicativamente da Aprile a Settembre, ma anche durante la stagione invernale si trovano proposte di\u00a0<strong>crociere last minute\u00a0<\/strong>nel\u00a0<strong>Nord Europa<\/strong>\u00a0che permettono di visitare le localit\u00e0 pi\u00f9 remote del nostro continente nel momento in cui il clima si fa pi\u00f9 rigido ma il paesaggio pi\u00f9 caratteristico ed autentico ed i viaggi pi\u00f9 tranquilli e solitari.<\/p>\n<p align=\"justify\">Tanti sono i paesi toccati e variegati i paesaggi sfiorati dalle\u00a0<strong>crociere last minute<\/strong>\u00a0nel<strong>\u00a0Nord Europa<\/strong>: tra eleganti citt\u00e0, scorci naturali unici al mondo, brughiere, villaggi di pescatori e antichi porti dagli edifici variopinti, le<strong>crociere last minute<\/strong>\u00a0nel<strong>\u00a0Nord Europa\u00a0<\/strong>sono ottime occasioni per esplorare queste terre antichissime, permeate di favole e leggende, dalla natura incontaminata, dove un forte ma armonioso contrasto tra antico e moderno si fonde ad una straordinaria dote d\u2019accoglienza della popolazione.<\/p>\n<p align=\"justify\">I percorsi seguiti dalle navi delle\u00a0<strong>crociere last minute<\/strong>\u00a0nel<strong>\u00a0Nord Europa<\/strong>sono innumerevoli.<br \/>\nSi pu\u00f2 scegliere, ad esempio, di visitare i\u00a0<strong>paesi scandinavi<\/strong>\u00a0con i loro gioielli naturali e culturali:\u00a0<strong>Svezia<\/strong>,\u00a0<strong>Finlandia<\/strong>\u00a0e\u00a0<strong>Norvegia<\/strong>\u00a0sono terre di ghiacci e neve ma anche di foreste lussureggianti, laghetti ed isole, di citt\u00e0 bellissime e tanto attaccate alla tradizione quanto aperte all\u2019espressione di un\u2019innovativa vita culturale ed artistica d\u2019avanguardia.<br \/>\nTantissimi i tesori preistorici e medievali, ma le tracce pi\u00f9 importanti sono quelle lasciate dai\u00a0<strong>Vichinghi<\/strong>, antichi abitanti di questi paesi: in qualsiasi periodo dell\u2019anno potete ripercorrerne le antiche rotte con\u00a0<strong>crociere last minute<\/strong>\u00a0nel<strong>\u00a0Nord Europa\u00a0<\/strong>lungo la costa ovest della<strong>\u00a0Norvegia<\/strong>, che vi svelano lo spettacolo naturale dei\u00a0<strong>fiordi<\/strong>, talvolta spingendosi oltre il<strong>Circolo Polare Artico\u00a0<\/strong>o fino alla magica<strong>\u00a0Islanda<\/strong>.<\/p>\n<p align=\"justify\">Tra le altre opzioni di\u00a0<strong>crociere last minute<\/strong>\u00a0nel<strong>\u00a0Nord Europa<\/strong>\u00a0vi<strong>\u00a0<\/strong>sono quelle alla scoperta delle\u00a0<strong>capitali baltiche<\/strong>: oltre ai gi\u00e0 citati<strong>\u00a0paesi scandinavi<\/strong>, esse toccano le<strong>\u00a0Repubbliche Baltiche\u00a0<\/strong>cio\u00e8\u00a0<strong>Estonia<\/strong>,\u00a0<strong>Lettonia<\/strong>\u00a0e<strong>\u00a0Lituania<\/strong>,<strong>\u00a0<\/strong>la<strong>Polonia<\/strong>\u00a0e la<strong>\u00a0Russia<\/strong>, in un affascinante miscuglio di natura, storia antica e recente e folklore.<\/p>\n<p align=\"justify\">La\u00a0<strong>Russia<\/strong>\u00a0\u00e8 inoltre meta esclusiva di alcune particolari\u00a0<strong>crociere last minute<\/strong>\u00a0nel<strong>\u00a0Nord Europa<\/strong>, viaggi fluviali che attraversano i luoghi pi\u00f9 significativi del paese, che punteggiano il territorio tra le due citt\u00e0 pi\u00f9 importanti,\u00a0<strong>Mosca<\/strong>\u00a0e<strong>\u00a0San Pietroburgo<\/strong>.<\/p>\n<p align=\"justify\">Tante anche le proposte di\u00a0<strong>crociere last minute<\/strong>\u00a0nel<strong>\u00a0Nord Europa\u00a0<\/strong>che fanno scalo nei porti dell\u2019<strong>Inghilterra<\/strong>, della<strong>\u00a0Scozia\u00a0<\/strong>e dell\u2019<strong>Irlanda<\/strong>, dove un cielo spesso denso e grigio contrasta col verde smeraldo dei campi e con le mille luci ed attrazioni di citt\u00e0 cosmopolite; e ancora, numerosissime le<strong>crociere last minute<\/strong>\u00a0nel<strong>\u00a0Nord Europa<\/strong>, sia marittime che fluviali,<strong>\u00a0<\/strong>che toccano il nord della<strong>\u00a0Francia<\/strong>, la<strong>\u00a0Germania<\/strong>, i porti del\u00a0<strong>Belgio<\/strong>, le coste ed i canali dell\u2019<strong>Olanda<\/strong>\u00a0e la<strong>\u00a0Danimarca<\/strong>: viaggi romantici che permettono pause rilassanti, all\u2019insegna del lusso e della spensieratezza ma anche della scoperta di una straripante ricchezza culturale, umana, artistica, storica e naturale, come solo il nostro continente pu\u00f2 offrire.<\/p>\n","protected":false},"excerpt":{"rendered":"<p>Le proposte \u00a0di\u00a0crociere last minute\u00a0nel\u00a0Nord Europa\u00a0consistono di una grandissima variet\u00e0 di itinerari e non conoscono stagioni. Solitamente, il periodo in cui fioccano le offerte di\u00a0crociere last minute\u00a0nelNord Europa\u00a0comprende i mesi primaverili ed estivi, indicativamente da Aprile a Settembre, ma anche durante la stagione invernale si trovano proposte di\u00a0crociere last minute\u00a0nel\u00a0Nord Europa\u00a0che permettono di visitare le <a class=\"moretag\" href=\"https:\/\/crociere.evolutiontravel.it\/infovacanze\/last-minute\/nord-europa\/\">[&#8230;]<\/a><\/p>\n","protected":false},"author":1,"featured_media":0,"parent":45,"menu_order":0,"comment_status":"closed","ping_status":"open","template":"","meta":{"footnotes":""},"yoast_head":"<!-- This site is optimized with the Yoast SEO plugin v21.9.1 - https:\/\/yoast.com\/wordpress\/plugins\/seo\/ -->\n<title>Crociere last minute nel Nord Europa: cultura e natura<\/title>\n<meta name=\"description\" content=\"Le crociere last minute nel Nord Europa offrono numerosi itinerari tra citt\u00e0 e paesaggi mozzafiato, tradizione e modernit\u00e0, natura, cultura e storia da scoprire toccando i porti o solcando i fiumi di alcuni tra i pi\u00f9 affascinanti paesi europei.\" \/>\n<meta name=\"robots\" content=\"index, follow, max-snippet:-1, max-image-preview:large, max-video-preview:-1\" \/>\n<link rel=\"canonical\" href=\"https:\/\/crociere.evolutiontravel.it\/infovacanze\/last-minute\/nord-europa\/\" \/>\n<meta name=\"twitter:label1\" content=\"Tempo di lettura stimato\" \/>\n\t<meta name=\"twitter:data1\" content=\"3 minuti\" \/>\n<script type=\"application\/ld+json\" class=\"yoast-schema-graph\">{\"@context\":\"https:\/\/schema.org\",\"@graph\":[{\"@type\":\"WebPage\",\"@id\":\"https:\/\/crociere.evolutiontravel.it\/infovacanze\/last-minute\/nord-europa\/\",\"url\":\"https:\/\/crociere.evolutiontravel.it\/infovacanze\/last-minute\/nord-europa\/\",\"name\":\"Crociere last minute nel Nord Europa: cultura e natura\",\"isPartOf\":{\"@id\":\"https:\/\/crociere.evolutiontravel.it\/infovacanze\/#website\"},\"datePublished\":\"2013-08-13T14:29:04+00:00\",\"dateModified\":\"2014-01-06T15:08:58+00:00\",\"description\":\"Le crociere last minute nel Nord Europa offrono numerosi itinerari tra citt\u00e0 e paesaggi mozzafiato, tradizione e modernit\u00e0, natura, cultura e storia da scoprire toccando i porti o solcando i fiumi di alcuni tra i pi\u00f9 affascinanti paesi europei.\",\"breadcrumb\":{\"@id\":\"https:\/\/crociere.evolutiontravel.it\/infovacanze\/last-minute\/nord-europa\/#breadcrumb\"},\"inLanguage\":\"it-IT\",\"potentialAction\":[{\"@type\":\"ReadAction\",\"target\":[\"https:\/\/crociere.evolutiontravel.it\/infovacanze\/last-minute\/nord-europa\/\"]}]},{\"@type\":\"BreadcrumbList\",\"@id\":\"https:\/\/crociere.evolutiontravel.it\/infovacanze\/last-minute\/nord-europa\/#breadcrumb\",\"itemListElement\":[{\"@type\":\"ListItem\",\"position\":1,\"name\":\"Last Minute\",\"item\":\"https:\/\/crociere.evolutiontravel.it\/infovacanze\/last-minute\/\"},{\"@type\":\"ListItem\",\"position\":2,\"name\":\"Nord Europa\"}]},{\"@type\":\"WebSite\",\"@id\":\"https:\/\/crociere.evolutiontravel.it\/infovacanze\/#website\",\"url\":\"https:\/\/crociere.evolutiontravel.it\/infovacanze\/\",\"name\":\"Crociere\",\"description\":\"\",\"potentialAction\":[{\"@type\":\"SearchAction\",\"target\":{\"@type\":\"EntryPoint\",\"urlTemplate\":\"https:\/\/crociere.evolutiontravel.it\/infovacanze\/?s={search_term_string}\"},\"query-input\":\"required name=search_term_string\"}],\"inLanguage\":\"it-IT\"}]}<\/script>\n<!-- \/ Yoast SEO plugin. -->","yoast_head_json":{"title":"Crociere last minute nel Nord Europa: cultura e natura","description":"Le crociere last minute nel Nord Europa offrono numerosi itinerari tra citt\u00e0 e paesaggi mozzafiato, tradizione e modernit\u00e0, natura, cultura e storia da scoprire toccando i porti o solcando i fiumi di alcuni tra i pi\u00f9 affascinanti paesi europei.","robots":{"index":"index","follow":"follow","max-snippet":"max-snippet:-1","max-image-preview":"max-image-preview:large","max-video-preview":"max-video-preview:-1"},"canonical":"https:\/\/crociere.evolutiontravel.it\/infovacanze\/last-minute\/nord-europa\/","twitter_misc":{"Tempo di lettura stimato":"3 minuti"},"schema":{"@context":"https:\/\/schema.org","@graph":[{"@type":"WebPage","@id":"https:\/\/crociere.evolutiontravel.it\/infovacanze\/last-minute\/nord-europa\/","url":"https:\/\/crociere.evolutiontravel.it\/infovacanze\/last-minute\/nord-europa\/","name":"Crociere last minute nel Nord Europa: cultura e natura","isPartOf":{"@id":"https:\/\/crociere.evolutiontravel.it\/infovacanze\/#website"},"datePublished":"2013-08-13T14:29:04+00:00","dateModified":"2014-01-06T15:08:58+00:00","description":"Le crociere last minute nel Nord Europa offrono numerosi itinerari tra citt\u00e0 e paesaggi mozzafiato, tradizione e modernit\u00e0, natura, cultura e storia da scoprire toccando i porti o solcando i fiumi di alcuni tra i pi\u00f9 affascinanti paesi europei.","breadcrumb":{"@id":"https:\/\/crociere.evolutiontravel.it\/infovacanze\/last-minute\/nord-europa\/#breadcrumb"},"inLanguage":"it-IT","potentialAction":[{"@type":"ReadAction","target":["https:\/\/crociere.evolutiontravel.it\/infovacanze\/last-minute\/nord-europa\/"]}]},{"@type":"BreadcrumbList","@id":"https:\/\/crociere.evolutiontravel.it\/infovacanze\/last-minute\/nord-europa\/#breadcrumb","itemListElement":[{"@type":"ListItem","position":1,"name":"Last Minute","item":"https:\/\/crociere.evolutiontravel.it\/infovacanze\/last-minute\/"},{"@type":"ListItem","position":2,"name":"Nord Europa"}]},{"@type":"WebSite","@id":"https:\/\/crociere.evolutiontravel.it\/infovacanze\/#website","url":"https:\/\/crociere.evolutiontravel.it\/infovacanze\/","name":"Crociere","description":"","potentialAction":[{"@type":"SearchAction","target":{"@type":"EntryPoint","urlTemplate":"https:\/\/crociere.evolutiontravel.it\/infovacanze\/?s={search_term_string}"},"query-input":"required name=search_term_string"}],"inLanguage":"it-IT"}]}},"_links":{"self":[{"href":"https:\/\/crociere.evolutiontravel.it\/infovacanze\/wp-json\/wp\/v2\/pages\/75"}],"collection":[{"href":"https:\/\/crociere.evolutiontravel.it\/infovacanze\/wp-json\/wp\/v2\/pages"}],"about":[{"href":"https:\/\/crociere.evolutiontravel.it\/infovacanze\/wp-json\/wp\/v2\/types\/page"}],"author":[{"embeddable":true,"href":"https:\/\/crociere.evolutiontravel.it\/infovacanze\/wp-json\/wp\/v2\/users\/1"}],"replies":[{"embeddable":true,"href":"https:\/\/crociere.evolutiontravel.it\/infovacanze\/wp-json\/wp\/v2\/comments?post=75"}],"version-history":[{"count":4,"href":"https:\/\/crociere.evolutiontravel.it\/infovacanze\/wp-json\/wp\/v2\/pages\/75\/revisions"}],"predecessor-version":[{"id":546,"href":"https:\/\/crociere.evolutiontravel.it\/infovacanze\/wp-json\/wp\/v2\/pages\/75\/revisions\/546"}],"up":[{"embeddable":true,"href":"https:\/\/crociere.evolutiontravel.it\/infovacanze\/wp-json\/wp\/v2\/pages\/45"}],"wp:attachment":[{"href":"https:\/\/crociere.evolutiontravel.it\/infovacanze\/wp-json\/wp\/v2\/media?parent=75"}],"curies":[{"name":"wp","href":"https:\/\/api.w.org\/{rel}","templated":true}]}}