{"id":93,"date":"2013-08-13T17:55:47","date_gmt":"2013-08-13T15:55:47","guid":{"rendered":"http:\/\/crociere.evolutiontravel.it\/infovacanze\/?page_id=93"},"modified":"2013-10-22T11:52:49","modified_gmt":"2013-10-22T09:52:49","slug":"informazioni","status":"publish","type":"page","link":"https:\/\/crociere.evolutiontravel.it\/infovacanze\/informazioni\/","title":{"rendered":"Prima di partire"},"content":{"rendered":"<p><strong>Documenti<\/strong><br \/>\nPrima della partenza, ogni crocierista \u00e8 tentuto a verificare di avere un documento di identit\u00e0 in corso di validit\u00e0 richiesto per la crociera scelta; senza di questo, non sar\u00e0 possibile imbarcarsi. Per i cittadini italiani, residenti in Italia, sar\u00e0 necessario essere in possesso di carta d\u2019identit\u00e0 valida per l\u2019espatrio o del Passaporto in corso di validit\u00e0 se necessario per sbarcare in porti di nazioni che lo richiedano. La patente di guida NON \u00e8 ritenuta un documento valido.<\/p>\n<p>Tali documenti potranno essere ritirati all\u2019imbarco dal personale e conservati per tutta la crociera allo scopo di esibirli alle varie autorit\u00e0 portuali al momento dello sbarco. In caso di necessit\u00e0 potranno essere temporaneamente restituiti.<\/p>\n<p><strong>Bagaglio<\/strong><br \/>\nNel fare la valigia, non dimenticate di portare almeno un costume da bagno \u2013 le navi da crociera sono dotate di piscina; per le giornate sul ponte si consiglia un abbigliamento comodo, e scarpe con la suola di gomma. Per le escursioni durante gli scali, indossare ovviamente scarpe comode; nel caso di visite a luoghi sacri scegliere un abbigliamento consono, evitando bermuda e calzoncini. Non dimenticare una giacca per le escursioni termiche durante le ore notturne; solitamente a bordo vengono organizzate serate di gala, per partecipare alle quali \u00e8 necessario vestire l&#8217;abito scuro per i signori, e l&#8217;abito elegante per le signore.<\/p>\n<p><strong>Procedure d&#8217;imbarco<\/strong><br \/>\nL&#8217;imbarco ha generalmente inizio da due a tre ore prima della partenza. Al check-in viene consegnata la carta d&#8217;imbarco, che permette di sbarcare ed imbarcare in tutta sicurezza ed effettuare acquisti a bordo. I bagagli vengono portati direttamente in cabina. Per questo \u00e8 necessario attaccarvi le etichette che vengono recapitate insieme ai documenti di viaggio, compilate correttamente con grafia leggibile.<\/p>\n","protected":false},"excerpt":{"rendered":"<p>Documenti Prima della partenza, ogni crocierista \u00e8 tentuto a verificare di avere un documento di identit\u00e0 in corso di validit\u00e0 richiesto per la crociera scelta; senza di questo, non sar\u00e0 possibile imbarcarsi. Per i cittadini italiani, residenti in Italia, sar\u00e0 necessario essere in possesso di carta d\u2019identit\u00e0 valida per l\u2019espatrio o del Passaporto in corso <a class=\"moretag\" href=\"https:\/\/crociere.evolutiontravel.it\/infovacanze\/informazioni\/\">[&#8230;]<\/a><\/p>\n","protected":false},"author":1,"featured_media":0,"parent":0,"menu_order":0,"comment_status":"closed","ping_status":"open","template":"","meta":{"footnotes":""},"yoast_head":"<!-- This site is optimized with the Yoast SEO plugin v21.9.1 - https:\/\/yoast.com\/wordpress\/plugins\/seo\/ -->\n<title>Crociere Vacanze prima di partire - offerte crociere - crociere last minute - prima di partire msc crociere<\/title>\n<meta name=\"description\" content=\"Crociere: Offerte Per Crociere, Vacanze in Crociera, Crociere in offerta. offerte Crociere Mediterraneo, offerte Crociere Mar Rosso, Crociere Mare del Nord offerte, offerte Crociere Caraibi, Crociere Last minute\" \/>\n<meta name=\"robots\" content=\"index, follow, max-snippet:-1, max-image-preview:large, max-video-preview:-1\" \/>\n<link rel=\"canonical\" href=\"https:\/\/crociere.evolutiontravel.it\/infovacanze\/informazioni\/\" \/>\n<meta name=\"twitter:label1\" content=\"Tempo di lettura stimato\" \/>\n\t<meta name=\"twitter:data1\" content=\"1 minuto\" \/>\n<script type=\"application\/ld+json\" class=\"yoast-schema-graph\">{\"@context\":\"https:\/\/schema.org\",\"@graph\":[{\"@type\":\"WebPage\",\"@id\":\"https:\/\/crociere.evolutiontravel.it\/infovacanze\/informazioni\/\",\"url\":\"https:\/\/crociere.evolutiontravel.it\/infovacanze\/informazioni\/\",\"name\":\"Crociere Vacanze prima di partire - offerte crociere - crociere last minute - prima di partire msc crociere\",\"isPartOf\":{\"@id\":\"https:\/\/crociere.evolutiontravel.it\/infovacanze\/#website\"},\"datePublished\":\"2013-08-13T15:55:47+00:00\",\"dateModified\":\"2013-10-22T09:52:49+00:00\",\"description\":\"Crociere: Offerte Per Crociere, Vacanze in Crociera, Crociere in offerta. offerte Crociere Mediterraneo, offerte Crociere Mar Rosso, Crociere Mare del Nord offerte, offerte Crociere Caraibi, Crociere Last minute\",\"inLanguage\":\"it-IT\",\"potentialAction\":[{\"@type\":\"ReadAction\",\"target\":[\"https:\/\/crociere.evolutiontravel.it\/infovacanze\/informazioni\/\"]}]},{\"@type\":\"WebSite\",\"@id\":\"https:\/\/crociere.evolutiontravel.it\/infovacanze\/#website\",\"url\":\"https:\/\/crociere.evolutiontravel.it\/infovacanze\/\",\"name\":\"Crociere\",\"description\":\"\",\"potentialAction\":[{\"@type\":\"SearchAction\",\"target\":{\"@type\":\"EntryPoint\",\"urlTemplate\":\"https:\/\/crociere.evolutiontravel.it\/infovacanze\/?s={search_term_string}\"},\"query-input\":\"required name=search_term_string\"}],\"inLanguage\":\"it-IT\"}]}<\/script>\n<!-- \/ Yoast SEO plugin. -->","yoast_head_json":{"title":"Crociere Vacanze prima di partire - offerte crociere - crociere last minute - prima di partire msc crociere","description":"Crociere: Offerte Per Crociere, Vacanze in Crociera, Crociere in offerta. offerte Crociere Mediterraneo, offerte Crociere Mar Rosso, Crociere Mare del Nord offerte, offerte Crociere Caraibi, Crociere Last minute","robots":{"index":"index","follow":"follow","max-snippet":"max-snippet:-1","max-image-preview":"max-image-preview:large","max-video-preview":"max-video-preview:-1"},"canonical":"https:\/\/crociere.evolutiontravel.it\/infovacanze\/informazioni\/","twitter_misc":{"Tempo di lettura stimato":"1 minuto"},"schema":{"@context":"https:\/\/schema.org","@graph":[{"@type":"WebPage","@id":"https:\/\/crociere.evolutiontravel.it\/infovacanze\/informazioni\/","url":"https:\/\/crociere.evolutiontravel.it\/infovacanze\/informazioni\/","name":"Crociere Vacanze prima di partire - offerte crociere - crociere last minute - prima di partire msc crociere","isPartOf":{"@id":"https:\/\/crociere.evolutiontravel.it\/infovacanze\/#website"},"datePublished":"2013-08-13T15:55:47+00:00","dateModified":"2013-10-22T09:52:49+00:00","description":"Crociere: Offerte Per Crociere, Vacanze in Crociera, Crociere in offerta. offerte Crociere Mediterraneo, offerte Crociere Mar Rosso, Crociere Mare del Nord offerte, offerte Crociere Caraibi, Crociere Last minute","inLanguage":"it-IT","potentialAction":[{"@type":"ReadAction","target":["https:\/\/crociere.evolutiontravel.it\/infovacanze\/informazioni\/"]}]},{"@type":"WebSite","@id":"https:\/\/crociere.evolutiontravel.it\/infovacanze\/#website","url":"https:\/\/crociere.evolutiontravel.it\/infovacanze\/","name":"Crociere","description":"","potentialAction":[{"@type":"SearchAction","target":{"@type":"EntryPoint","urlTemplate":"https:\/\/crociere.evolutiontravel.it\/infovacanze\/?s={search_term_string}"},"query-input":"required name=search_term_string"}],"inLanguage":"it-IT"}]}},"_links":{"self":[{"href":"https:\/\/crociere.evolutiontravel.it\/infovacanze\/wp-json\/wp\/v2\/pages\/93"}],"collection":[{"href":"https:\/\/crociere.evolutiontravel.it\/infovacanze\/wp-json\/wp\/v2\/pages"}],"about":[{"href":"https:\/\/crociere.evolutiontravel.it\/infovacanze\/wp-json\/wp\/v2\/types\/page"}],"author":[{"embeddable":true,"href":"https:\/\/crociere.evolutiontravel.it\/infovacanze\/wp-json\/wp\/v2\/users\/1"}],"replies":[{"embeddable":true,"href":"https:\/\/crociere.evolutiontravel.it\/infovacanze\/wp-json\/wp\/v2\/comments?post=93"}],"version-history":[{"count":4,"href":"https:\/\/crociere.evolutiontravel.it\/infovacanze\/wp-json\/wp\/v2\/pages\/93\/revisions"}],"predecessor-version":[{"id":344,"href":"https:\/\/crociere.evolutiontravel.it\/infovacanze\/wp-json\/wp\/v2\/pages\/93\/revisions\/344"}],"wp:attachment":[{"href":"https:\/\/crociere.evolutiontravel.it\/infovacanze\/wp-json\/wp\/v2\/media?parent=93"}],"curies":[{"name":"wp","href":"https:\/\/api.w.org\/{rel}","templated":true}]}}